{"id":125987,"date":"2025-07-30T19:17:35","date_gmt":"2025-07-30T17:17:35","guid":{"rendered":"https:\/\/www.budream.com\/shop\/sensi-seeds-bank-super-skunk-reg-10-graines\/"},"modified":"2025-12-22T14:32:41","modified_gmt":"2025-12-22T12:32:41","slug":"sensi-seeds-bank-super-skunk-reg-10-graines","status":"publish","type":"product","link":"https:\/\/www.budream.com\/fr\/shop\/sensi-seeds-bank-super-skunk-reg-10-graines\/","title":{"rendered":"SENSI SEEDS BANK &#8211; SUPER SKUNK REG | 10 GRAINES"},"content":{"rendered":"<p><span style=\"font-size: 12.222222328186px\"><span style=\"font-size: 11pt\">La Super Skunk est une vari\u00e9t\u00e9 cr\u00e9\u00e9e \u00e0 partir d&rsquo;une combinaison de Skunk #1 et d&rsquo;une indica afghane de la famille des hashplants. Cette vari\u00e9t\u00e9 hybride est compos\u00e9e \u00e0 80% d&rsquo;indica et \u00e0 20% de sativa.<br \/><\/span><br \/><\/span><\/p>\n<h2><strong>Caract\u00e9ristiques Super Skunk Reg Sensi Seeds Research :<\/strong><\/h2>\n<ul style=\"list-style-type: disc\">\n<li><strong>Genre :<\/strong> Regular<\/li>\n<li><strong>G\u00e9notype :<\/strong> Hybride 80% Indica 20% Sativa<\/li>\n<li><strong>G\u00e9n\u00e9tique : <\/strong>Skunk #1 x Afghan Indica<\/li>\n<li>Jours<strong>:<\/strong> 49 jours<\/li>\n<\/ul>\n<p><span style=\"font-size: 12.222222328186px\"><br \/><span style=\"font-size: 11pt\"><em><strong>ATTENTION :<\/strong> Les graines de chanvre sont exclues de la notion l\u00e9gale de Cannabis, ce qui signifie qu&rsquo;elles ne doivent pas \u00eatre consid\u00e9r\u00e9es comme une substance stup\u00e9fiante (L. 412 de 1974, Art. 1, paragraphe 1, lettre B ; Convention unique sur les stup\u00e9fiants de New York de 1961 et tableau II du d\u00e9cret minist\u00e9riel 27\/7\/1992). En Italie, la culture du chanvre est interdite (articles 28 et 73 du d\u00e9cret pr\u00e9sidentiel 309\/90), sauf autorisation sp\u00e9ciale (article 17 du d\u00e9cret pr\u00e9sidentiel 309\/90). En l&rsquo;absence d&rsquo;autorisation, les semences ne peuvent \u00eatre utilis\u00e9es qu&rsquo;\u00e0 d&rsquo;autres fins (zootechniques, de collection, etc.). Les semences sont vendues sous r\u00e9serve qu&rsquo;elles ne soient pas utilis\u00e9es par des tiers en contradiction avec la loi.<\/em><\/span><\/span><\/p>\n","protected":false},"excerpt":{"rendered":"<p>La Super Skunk est une vari\u00e9t\u00e9 cr\u00e9\u00e9e \u00e0 partir d&rsquo;une combinaison de Skunk #1 et d&rsquo;une indica afghane de la<\/p>\n","protected":false},"featured_media":197181,"comment_status":"open","ping_status":"closed","template":"","meta":[],"product_brand":[],"product_cat":[7951],"product_tag":[],"class_list":{"0":"post-125987","1":"product","2":"type-product","3":"status-publish","4":"has-post-thumbnail","6":"product_cat-magasin-de-graines","8":"first","9":"outofstock","10":"sale","11":"taxable","12":"shipping-taxable","13":"purchasable","14":"product-type-simple"},"_links":{"self":[{"href":"https:\/\/www.budream.com\/fr\/wp-json\/wp\/v2\/product\/125987","targetHints":{"allow":["GET"]}}],"collection":[{"href":"https:\/\/www.budream.com\/fr\/wp-json\/wp\/v2\/product"}],"about":[{"href":"https:\/\/www.budream.com\/fr\/wp-json\/wp\/v2\/types\/product"}],"replies":[{"embeddable":true,"href":"https:\/\/www.budream.com\/fr\/wp-json\/wp\/v2\/comments?post=125987"}],"version-history":[{"count":0,"href":"https:\/\/www.budream.com\/fr\/wp-json\/wp\/v2\/product\/125987\/revisions"}],"wp:featuredmedia":[{"embeddable":true,"href":"https:\/\/www.budream.com\/fr\/wp-json\/wp\/v2\/media\/197181"}],"wp:attachment":[{"href":"https:\/\/www.budream.com\/fr\/wp-json\/wp\/v2\/media?parent=125987"}],"wp:term":[{"taxonomy":"product_brand","embeddable":true,"href":"https:\/\/www.budream.com\/fr\/wp-json\/wp\/v2\/product_brand?post=125987"},{"taxonomy":"product_cat","embeddable":true,"href":"https:\/\/www.budream.com\/fr\/wp-json\/wp\/v2\/product_cat?post=125987"},{"taxonomy":"product_tag","embeddable":true,"href":"https:\/\/www.budream.com\/fr\/wp-json\/wp\/v2\/product_tag?post=125987"}],"curies":[{"name":"wp","href":"https:\/\/api.w.org\/{rel}","templated":true}]}}