{"id":126042,"date":"2025-07-30T19:22:28","date_gmt":"2025-07-30T17:22:28","guid":{"rendered":"https:\/\/www.budream.com\/shop\/strain-hunter-damnesia-femm-5-graines\/"},"modified":"2025-10-14T16:23:18","modified_gmt":"2025-10-14T14:23:18","slug":"strain-hunter-damnesia-femm-5-graines","status":"publish","type":"product","link":"https:\/\/www.budream.com\/fr\/shop\/strain-hunter-damnesia-femm-5-graines\/","title":{"rendered":"STRAIN HUNTER &#8211; DAMNESIA FEMM | 5 GRAINES"},"content":{"rendered":"<p>Strain Hunter a une fois de plus cr\u00e9\u00e9 une vari\u00e9t\u00e9 de premi\u00e8re classe en croisant une Amnesia classique avec une g\u00e9n\u00e9tique A.M.S. inconnue. La seule chose que nous savons sur cette derni\u00e8re vari\u00e9t\u00e9 est qu&rsquo;elle est suppos\u00e9e \u00eatre un m\u00e9lange de deux hybrides suisses, ce qui donne quelque chose de vraiment exceptionnel.<\/p>\n<h2><strong>Caract\u00e9ristiques Damnesia Fem<\/strong><\/h2>\n<ul style=\"list-style-type: disc\">\n<li><strong>Genre :<\/strong> F\u00e9minis\u00e9e<\/li>\n<li><strong>G\u00e9notype :<\/strong> Hybride 40% Indica 60% Sativa<\/li>\n<li><strong>G\u00e9n\u00e9tique :<\/strong> A.M.S. x Amnesia Haze<\/li>\n<li><strong>Jours :<\/strong> 56-63<\/li>\n<\/ul>\n<p><span style=\"font-size: 11pt\"><em><strong>ATTENTION :<\/strong> Les graines de chanvre sont exclues de la notion l\u00e9gale de Cannabis, ce qui signifie qu&rsquo;elles ne doivent pas \u00eatre consid\u00e9r\u00e9es comme une substance stup\u00e9fiante (L. 412 de 1974, art. 1, virgule 1, lett. B ; Convention unique sur les stup\u00e9fiants de New York de 1961 et tableau II du d\u00e9cret minist\u00e9riel 27\/7\/1992). En Italie, la culture du chanvre est interdite (articles 28 et 73 du d\u00e9cret pr\u00e9sidentiel 309\/90), sauf autorisation sp\u00e9ciale (article 17 du d\u00e9cret pr\u00e9sidentiel 309\/90). En l&rsquo;absence d&rsquo;autorisation, les semences ne peuvent \u00eatre utilis\u00e9es qu&rsquo;\u00e0 d&rsquo;autres fins (zootechniques, de collection, etc.). Les semences sont vendues sous r\u00e9serve qu&rsquo;elles ne soient pas utilis\u00e9es par des tiers en contradiction avec la loi.<\/em><\/span><\/p>\n","protected":false},"excerpt":{"rendered":"<p>Strain Hunter a une fois de plus cr\u00e9\u00e9 une vari\u00e9t\u00e9 de premi\u00e8re classe en croisant une Amnesia classique avec une<\/p>\n","protected":false},"featured_media":124222,"comment_status":"open","ping_status":"closed","template":"","meta":[],"product_brand":[],"product_cat":[7951],"product_tag":[],"class_list":{"0":"post-126042","1":"product","2":"type-product","3":"status-publish","4":"has-post-thumbnail","6":"product_cat-magasin-de-graines","8":"first","9":"instock","10":"sale","11":"taxable","12":"shipping-taxable","13":"purchasable","14":"product-type-simple"},"_links":{"self":[{"href":"https:\/\/www.budream.com\/fr\/wp-json\/wp\/v2\/product\/126042","targetHints":{"allow":["GET"]}}],"collection":[{"href":"https:\/\/www.budream.com\/fr\/wp-json\/wp\/v2\/product"}],"about":[{"href":"https:\/\/www.budream.com\/fr\/wp-json\/wp\/v2\/types\/product"}],"replies":[{"embeddable":true,"href":"https:\/\/www.budream.com\/fr\/wp-json\/wp\/v2\/comments?post=126042"}],"version-history":[{"count":0,"href":"https:\/\/www.budream.com\/fr\/wp-json\/wp\/v2\/product\/126042\/revisions"}],"wp:featuredmedia":[{"embeddable":true,"href":"https:\/\/www.budream.com\/fr\/wp-json\/wp\/v2\/media\/124222"}],"wp:attachment":[{"href":"https:\/\/www.budream.com\/fr\/wp-json\/wp\/v2\/media?parent=126042"}],"wp:term":[{"taxonomy":"product_brand","embeddable":true,"href":"https:\/\/www.budream.com\/fr\/wp-json\/wp\/v2\/product_brand?post=126042"},{"taxonomy":"product_cat","embeddable":true,"href":"https:\/\/www.budream.com\/fr\/wp-json\/wp\/v2\/product_cat?post=126042"},{"taxonomy":"product_tag","embeddable":true,"href":"https:\/\/www.budream.com\/fr\/wp-json\/wp\/v2\/product_tag?post=126042"}],"curies":[{"name":"wp","href":"https:\/\/api.w.org\/{rel}","templated":true}]}}