{"id":126097,"date":"2025-07-30T19:25:04","date_gmt":"2025-07-30T17:25:04","guid":{"rendered":"https:\/\/www.budream.com\/shop\/storzbickel-filtre-aira-pour-volcano-classic-2-pieces\/"},"modified":"2025-12-23T14:47:25","modified_gmt":"2025-12-23T12:47:25","slug":"storzbickel-filtre-aira-pour-volcano-classic-2-pieces","status":"publish","type":"product","link":"https:\/\/www.budream.com\/fr\/shop\/storzbickel-filtre-aira-pour-volcano-classic-2-pieces\/","title":{"rendered":"STORZ&amp;BICKEL &#8211; FILTRE AIRA POUR VOLCANO CLASSIC | 2 PI\u00c8CES"},"content":{"rendered":"<p>Contient deux filtres \u00e0 air de remplacement pour les mod\u00e8les Volcano Cassic et Digit.<br \/>Les filtres \u00e0 air doivent \u00eatre remplac\u00e9s r\u00e9guli\u00e8rement, en fonction de l&rsquo;utilisation.<br \/>Ces filtres ne conviennent pas au Volcano Hybrid.<\/p>\n<p><strong>Convient pour :<\/strong><\/p>\n<ul>\n<li>Volcano Digit ;<\/li>\n<li>Volcano Classic ;<\/li>\n<\/ul>\n","protected":false},"excerpt":{"rendered":"<p>Contient deux filtres \u00e0 air de remplacement pour les mod\u00e8les Volcano Cassic et Digit.Les filtres \u00e0 air doivent \u00eatre remplac\u00e9s<\/p>\n","protected":false},"featured_media":126092,"comment_status":"open","ping_status":"closed","template":"","meta":[],"product_brand":[],"product_cat":[7910],"product_tag":[],"class_list":{"0":"post-126097","1":"product","2":"type-product","3":"status-publish","4":"has-post-thumbnail","6":"product_cat-vaporisateurs","8":"first","9":"instock","10":"sale","11":"taxable","12":"shipping-taxable","13":"purchasable","14":"product-type-simple"},"aioseo_notices":[],"_links":{"self":[{"href":"https:\/\/www.budream.com\/fr\/wp-json\/wp\/v2\/product\/126097","targetHints":{"allow":["GET"]}}],"collection":[{"href":"https:\/\/www.budream.com\/fr\/wp-json\/wp\/v2\/product"}],"about":[{"href":"https:\/\/www.budream.com\/fr\/wp-json\/wp\/v2\/types\/product"}],"replies":[{"embeddable":true,"href":"https:\/\/www.budream.com\/fr\/wp-json\/wp\/v2\/comments?post=126097"}],"version-history":[{"count":0,"href":"https:\/\/www.budream.com\/fr\/wp-json\/wp\/v2\/product\/126097\/revisions"}],"wp:featuredmedia":[{"embeddable":true,"href":"https:\/\/www.budream.com\/fr\/wp-json\/wp\/v2\/media\/126092"}],"wp:attachment":[{"href":"https:\/\/www.budream.com\/fr\/wp-json\/wp\/v2\/media?parent=126097"}],"wp:term":[{"taxonomy":"product_brand","embeddable":true,"href":"https:\/\/www.budream.com\/fr\/wp-json\/wp\/v2\/product_brand?post=126097"},{"taxonomy":"product_cat","embeddable":true,"href":"https:\/\/www.budream.com\/fr\/wp-json\/wp\/v2\/product_cat?post=126097"},{"taxonomy":"product_tag","embeddable":true,"href":"https:\/\/www.budream.com\/fr\/wp-json\/wp\/v2\/product_tag?post=126097"}],"curies":[{"name":"wp","href":"https:\/\/api.w.org\/{rel}","templated":true}]}}