{"id":126117,"date":"2025-07-30T19:26:01","date_gmt":"2025-07-30T17:26:01","guid":{"rendered":"https:\/\/www.budream.com\/shop\/green-house-seed-co-white-widow-autofloraison-fem-5-graines\/"},"modified":"2026-04-27T12:12:55","modified_gmt":"2026-04-27T10:12:55","slug":"green-house-seed-co-white-widow-autofloraison-fem-5-graines","status":"publish","type":"product","link":"https:\/\/www.budream.com\/fr\/shop\/green-house-seed-co-white-widow-autofloraison-fem-5-graines\/","title":{"rendered":"GREEN HOUSE SEED CO. &#8211; WHITE WIDOW AUTOFLORAISON FEM | 5 GRAINES"},"content":{"rendered":"<p>Greenhouse Seeds a lanc\u00e9 la premi\u00e8re White Widow dans les ann\u00e9es 1990, qui a connu un succ\u00e8s mondial. Par la suite, Greenhouse Seeds a d\u00e9cid\u00e9 de r\u00e9pondre aux besoins des amateurs d&rsquo;autofloraison. Elle a hybrid\u00e9 la White Widow avec une ruderalis de qualit\u00e9 sup\u00e9rieure et a obtenu la White Widow Auto. Les caract\u00e9ristiques de la vieille \u00e9cole qui ont donn\u00e9 \u00e0 la White Widow son statut l\u00e9gendaire n&rsquo;ont pas \u00e9t\u00e9 perdues au cours du processus d&rsquo;hybridation.<\/p>\n<h2><strong>Caract\u00e9ristiques White Widow Autoflowering Fem :<\/p>\n<p><\/strong><\/h2>\n<ul style=\"list-style-type: disc\">\n<li><strong>Genre :<\/strong> Hybride f\u00e9minis\u00e9 \u00e0 autofloraison<\/li>\n<li><strong>G\u00e9notype :<\/strong> Indica 40%\/ Sativa 40%\/ Ruderalis 20%<\/li>\n<li><strong>G\u00e9n\u00e9tique<\/strong>: White Wiodw x Ruderalis<\/li>\n<li><strong>Jours :<\/strong> 49- 56<\/li>\n<\/ul>\n<p><span style=\"font-size: 11pt\"><em><strong>ATTENTION :<\/strong> Les graines de chanvre sont exclues de la notion l\u00e9gale de Cannabis, ce qui signifie qu&rsquo;elles ne doivent pas \u00eatre consid\u00e9r\u00e9es comme une substance stup\u00e9fiante (L. 412 de 1974, art. 1, paragraphe 1, lettre B ; Convention unique sur les stup\u00e9fiants de New York de 1961 et tableau II du d\u00e9cret minist\u00e9riel 27\/7\/1992). En Italie, la culture du chanvre est interdite (articles 28 et 73 du d\u00e9cret pr\u00e9sidentiel 309\/90), sauf autorisation sp\u00e9ciale (article 17 du d\u00e9cret pr\u00e9sidentiel 309\/90). En l&rsquo;absence d&rsquo;autorisation, les semences ne peuvent \u00eatre utilis\u00e9es qu&rsquo;\u00e0 d&rsquo;autres fins (zootechniques, de collection, etc.). Les semences sont vendues sous r\u00e9serve qu&rsquo;elles ne soient pas utilis\u00e9es par des tiers en contradiction avec la loi.<\/em><\/span><\/p>\n","protected":false},"excerpt":{"rendered":"<p>Greenhouse Seeds a lanc\u00e9 la premi\u00e8re White Widow dans les ann\u00e9es 1990, qui a connu un succ\u00e8s mondial. Par la<\/p>\n","protected":false},"featured_media":244557,"comment_status":"open","ping_status":"closed","template":"","meta":[],"product_brand":[],"product_cat":[7951],"product_tag":[],"class_list":{"0":"post-126117","1":"product","2":"type-product","3":"status-publish","4":"has-post-thumbnail","6":"product_cat-magasin-de-graines","8":"first","9":"instock","10":"sale","11":"taxable","12":"shipping-taxable","13":"purchasable","14":"product-type-simple"},"_links":{"self":[{"href":"https:\/\/www.budream.com\/fr\/wp-json\/wp\/v2\/product\/126117","targetHints":{"allow":["GET"]}}],"collection":[{"href":"https:\/\/www.budream.com\/fr\/wp-json\/wp\/v2\/product"}],"about":[{"href":"https:\/\/www.budream.com\/fr\/wp-json\/wp\/v2\/types\/product"}],"replies":[{"embeddable":true,"href":"https:\/\/www.budream.com\/fr\/wp-json\/wp\/v2\/comments?post=126117"}],"version-history":[{"count":1,"href":"https:\/\/www.budream.com\/fr\/wp-json\/wp\/v2\/product\/126117\/revisions"}],"predecessor-version":[{"id":262526,"href":"https:\/\/www.budream.com\/fr\/wp-json\/wp\/v2\/product\/126117\/revisions\/262526"}],"wp:featuredmedia":[{"embeddable":true,"href":"https:\/\/www.budream.com\/fr\/wp-json\/wp\/v2\/media\/244557"}],"wp:attachment":[{"href":"https:\/\/www.budream.com\/fr\/wp-json\/wp\/v2\/media?parent=126117"}],"wp:term":[{"taxonomy":"product_brand","embeddable":true,"href":"https:\/\/www.budream.com\/fr\/wp-json\/wp\/v2\/product_brand?post=126117"},{"taxonomy":"product_cat","embeddable":true,"href":"https:\/\/www.budream.com\/fr\/wp-json\/wp\/v2\/product_cat?post=126117"},{"taxonomy":"product_tag","embeddable":true,"href":"https:\/\/www.budream.com\/fr\/wp-json\/wp\/v2\/product_tag?post=126117"}],"curies":[{"name":"wp","href":"https:\/\/api.w.org\/{rel}","templated":true}]}}