{"id":126202,"date":"2025-07-30T19:29:26","date_gmt":"2025-07-30T17:29:26","guid":{"rendered":"https:\/\/www.budream.com\/shop\/secret-smoke-secretbox-dry-pollen-extractor-adjustable-speed\/"},"modified":"2026-03-24T18:46:00","modified_gmt":"2026-03-24T16:46:00","slug":"secret-smoke-secretbox-dry-pollen-extractor-adjustable-speed","status":"publish","type":"product","link":"https:\/\/www.budream.com\/fr\/shop\/secret-smoke-secretbox-dry-pollen-extractor-adjustable-speed\/","title":{"rendered":"SECRET SMOKE &#8211; SECRETBOX DRY POLLEN EXTRACTOR ADJUSTABLE SPEED"},"content":{"rendered":"<p>Cet extracteur m\u00e9canique rotatif est utilis\u00e9 pour extraire le pollen et le tamis sec des inflorescences ou des d\u00e9chets de taille.<br \/>Il suffit de placer le mat\u00e9riel \u00e0 l&rsquo;int\u00e9rieur du cylindre, de placer le cylindre dans l&rsquo;extracteur et de le brancher ; la taille des mailles, le temps et la vitesse de rotation d\u00e9finiront la qualit\u00e9 du produit final.<br \/>Il est recommand\u00e9 de placer le mat\u00e9riel au cong\u00e9lateur avant de l&rsquo;introduire dans le cylindre : le froid favorise le d\u00e9tachement des trichomes et r\u00e9duit le temps d&rsquo;extraction.<\/p>\n<p>Les mailles de remplacement peuvent \u00eatre achet\u00e9es s\u00e9par\u00e9ment : 100 microns (SSBOXR) et 220 microns (SSBOXR2).<\/p>\n<h2><span style=\"text-decoration: underline\">Caract\u00e9ristiques de l&rsquo;extracteur \u00e0 sec de fum\u00e9e Secretbox Secret :<\/span><\/h2>\n<ul style=\"list-style-type: disc\">\n<li>Dimensions de l&rsquo;extracteur : 40x30x28,5h cm ;<\/li>\n<li>Capacit\u00e9 du tambour : 150g ;<\/li>\n<li>Taille du tambour :<\/li>\n<li>Longueur : 27cm ;<\/li>\n<li>Diam\u00e8tre : 20cm ;<\/li>\n<li>Maille : 220micron ;<\/li>\n<li>Vitesse de rotation r\u00e9glable ;<\/li>\n<\/ul>\n","protected":false},"excerpt":{"rendered":"<p>Cet extracteur m\u00e9canique rotatif est utilis\u00e9 pour extraire le pollen et le tamis sec des inflorescences ou des d\u00e9chets de<\/p>\n","protected":false},"featured_media":126187,"comment_status":"open","ping_status":"closed","template":"","meta":[],"product_brand":[],"product_cat":[7949],"product_tag":[],"class_list":{"0":"post-126202","1":"product","2":"type-product","3":"status-publish","4":"has-post-thumbnail","6":"product_cat-headshop-fr","8":"first","9":"instock","10":"taxable","11":"shipping-taxable","12":"purchasable","13":"product-type-simple"},"_links":{"self":[{"href":"https:\/\/www.budream.com\/fr\/wp-json\/wp\/v2\/product\/126202","targetHints":{"allow":["GET"]}}],"collection":[{"href":"https:\/\/www.budream.com\/fr\/wp-json\/wp\/v2\/product"}],"about":[{"href":"https:\/\/www.budream.com\/fr\/wp-json\/wp\/v2\/types\/product"}],"replies":[{"embeddable":true,"href":"https:\/\/www.budream.com\/fr\/wp-json\/wp\/v2\/comments?post=126202"}],"version-history":[{"count":0,"href":"https:\/\/www.budream.com\/fr\/wp-json\/wp\/v2\/product\/126202\/revisions"}],"wp:featuredmedia":[{"embeddable":true,"href":"https:\/\/www.budream.com\/fr\/wp-json\/wp\/v2\/media\/126187"}],"wp:attachment":[{"href":"https:\/\/www.budream.com\/fr\/wp-json\/wp\/v2\/media?parent=126202"}],"wp:term":[{"taxonomy":"product_brand","embeddable":true,"href":"https:\/\/www.budream.com\/fr\/wp-json\/wp\/v2\/product_brand?post=126202"},{"taxonomy":"product_cat","embeddable":true,"href":"https:\/\/www.budream.com\/fr\/wp-json\/wp\/v2\/product_cat?post=126202"},{"taxonomy":"product_tag","embeddable":true,"href":"https:\/\/www.budream.com\/fr\/wp-json\/wp\/v2\/product_tag?post=126202"}],"curies":[{"name":"wp","href":"https:\/\/api.w.org\/{rel}","templated":true}]}}