{"id":126212,"date":"2025-07-30T19:29:54","date_gmt":"2025-07-30T17:29:54","guid":{"rendered":"https:\/\/www.budream.com\/shop\/bioki-huile-de-neem-100ml\/"},"modified":"2026-03-24T13:38:03","modified_gmt":"2026-03-24T11:38:03","slug":"bioki-huile-de-neem-100ml","status":"publish","type":"product","link":"https:\/\/www.budream.com\/fr\/shop\/bioki-huile-de-neem-100ml\/","title":{"rendered":"BIOKI &#8211; HUILE DE NEEM | 100ml"},"content":{"rendered":"<div style=\"color: #333333;font-family: Verdana\" align=\"justify\">\n<p style=\"font-size: 8pt\"><span style=\"font-family: Arial, Helvetica, sans-serif;font-size: small\">L&rsquo;huile de neem est extraite de l&rsquo;<strong>Azadirachta Indica<\/strong> cultiv\u00e9 dans les zones tropicales et subtropicales d&rsquo;Asie, d&rsquo;Afrique, d&rsquo;Am\u00e9rique (centrale et du Sud), du Moyen-Orient, d&rsquo;Australie et d&rsquo;Oc\u00e9anie. Il s&rsquo;agit d&rsquo;une plante \u00e0 feuillage persistant qui peut atteindre 25 m\u00e8tres, vivre jusqu&rsquo;\u00e0 300 ans et produire de petits fruits jaun\u00e2tres contenant une ou plusieurs graines dans un noyau dur, d&rsquo;o\u00f9 l&rsquo;on extrait l&rsquo;huile. La plante appartient \u00e0 la <strong>famille des Meliaceae et <\/strong>est d\u00e9sormais connue dans le monde entier pour ses propri\u00e9t\u00e9s extraordinaires et ses multiples applications. Les <strong>graines<\/strong> sont les plus vari\u00e9es et les plus concentr\u00e9es, mais les autres parties de l&rsquo;arbre (feuilles, \u00e9corce, bois, racines, pulpe de fruit, fleurs) contiennent des substances aux effets m\u00e9dicinaux.<\/span><\/p>\n<p align=\"justify\"><span style=\"font-family: Arial, Helvetica, sans-serif;font-size: small\">Sa teneur en <strong>vitamine E<\/strong> et en <strong>acides gras essentiels <\/strong>lui permet d&rsquo;\u00eatre utilis\u00e9e pour des traitements pr\u00e9ventifs et revitalisants en pr\u00e9sence de parasites.<\/span><\/p>\n<p align=\"justify\"><span style=\"font-family: Arial, Helvetica, sans-serif;font-size: small\">Rem\u00e8de non toxique pour l&rsquo;homme, les plantes et les animaux, il est efficace dans la lutte contre les insectes, les cryptogames et les moustiques, \u00e0 la fois comme r\u00e9pulsif car les insectes ne supportent pas son odeur. En l&rsquo;utilisant, nous avons le double avantage d&rsquo;\u00e9loigner les moustiques et de ne pas subir d&rsquo;effets secondaires d\u00e9sagr\u00e9ables.<\/span><\/p>\n<p align=\"justify\"><span style=\"font-family: Arial, Helvetica, sans-serif\"><span style=\"font-size: small\"><span class=\"hps\">L&rsquo;huile de neem <\/span><span class=\"hps\"> est largement utilis\u00e9e<\/span> <span class=\"hps\">dans la protection des<\/span> <span class=\"hps\">cultures<\/span> <span class=\"hps\">contre les<\/span> <span class=\"hps\">ravageurs<\/span>, les <span class=\"hps\">insectes, les<\/span> <span class=\"hps\">n\u00e9matodes<\/span>, les champignons et les <span class=\"hps\">virus<\/span>.<br \/><\/span><\/span><\/p>\n<p align=\"justify\"><span style=\"font-family: Arial, Helvetica, sans-serif\"><span style=\"font-size: small\"><span class=\"hps\">Les avantages de l&rsquo;huile de neem <\/span><span class=\"hps\">dans l&rsquo;agriculture<\/span> <span class=\"hps\">et l&rsquo;horticulture<\/span> <span class=\"hps\">sont les suivants<\/span>:<\/p>\n<p><span style=\"color: #000000\"><span class=\"hps\">\u25a0<\/span> <\/span><span style=\"color: #ff0000\"><span style=\"color: #000000\"><span class=\"hps\">aide \u00e0 pr\u00e9server la<\/span> <span class=\"hps\">sant\u00e9 de l&rsquo;environnement<\/span> en r\u00e9duisant <span class=\"hps\">le<\/span> <span class=\"hps\">niveau de pollution<\/span>.<\/span><br \/><\/span> \u25a0<span style=\"color: #ff0000\"><span style=\"color: #000000\"> <span class=\"hps\">r\u00e9duit le co\u00fbt de<\/span> <span class=\"hps\">la<\/span> <span class=\"hps\">production agricole<\/span> <span class=\"hps\">et am\u00e9liore<\/span> <span class=\"hps\">\u00e9galement<\/span> <span class=\"hps\">la<\/span> <span class=\"hps\">sant\u00e9 du sol<\/span>.<\/span><br \/><\/span><\/span><\/span><span class=\"hps\">\u25a0<\/span><span style=\"font-family: Arial, Helvetica, sans-serif\"><span style=\"font-size: small\"><span style=\"color: #ff0000\"><span style=\"color: #000000\"><span class=\"hps\"><\/span><\/span><span style=\"color: #000000\">r\u00e9duit <span class=\"hps\">le<\/span> <span class=\"hps\">risque de<\/span> <span class=\"hps\">pollution<\/span> en r\u00e9duisant le <span class=\"hps\">niveau de<\/span> <span class=\"hps\">r\u00e9sidus<\/span> <span class=\"hps\">dans le produit<\/span>.<\/span><br \/><span style=\"color: #000000\"><span class=\"hps\">\u25a0<\/span> <span class=\"hps\">aide \u00e0<\/span> <span class=\"hps\">maintenir des niveaux de<\/span> <span class=\"hps\">production agricole<\/span> <span class=\"hps\">plus \u00e9lev\u00e9s et<\/span> <span class=\"hps\">plus durables<\/span>.<\/span><br \/><\/span><\/span><\/span><span class=\"hps\">\u25a0<\/span><span style=\"font-family: Arial, Helvetica, sans-serif\"><span style=\"font-size: small\"><span style=\"color: #ff0000\"><span style=\"color: #000000\"><span class=\"hps\"><\/span><\/span><\/span><span style=\"color: #ff0000\"><span style=\"color: #000000\"> <span class=\"hps\">assure une<\/span> <span class=\"hps\">utilisation optimale<\/span> <span class=\"hps\">des<\/span> <span class=\"hps\">ressources naturelles<\/span> <span class=\"hps\">\u00e0 court<\/span> <span class=\"hps\">terme<\/span> <span class=\"hps\">et contribue \u00e0<\/span> <span class=\"hps\">pr\u00e9server les ressources<\/span> <span class=\"hps\">pour les g\u00e9n\u00e9rations futures<\/span>.<\/span><\/span><\/span><\/span><br \/><span style=\"font-family: Arial, Helvetica, sans-serif\"><span style=\"font-size: small\"><br \/> <span class=\"hps\"><strong>APPLICATION<\/strong>: Une fois tous les<\/span> <span class=\"hps\">15 \u00e0 30<\/span> <span class=\"hps\">jours selon les<\/span> <span class=\"hps\">besoins.<\/span> <span class=\"hps\">Agiter<\/span><span class=\"hps\">vigoureusement<\/span> <span class=\"hps\">l&rsquo;huile de Neem <\/span> <span class=\"hps\">avant ouverture<\/span> <span class=\"hps\">et pulv\u00e9riser<\/span> <span class=\"hps\">dans les 8<\/span> <span class=\"hps\">heures suivant le m\u00e9lange<\/span>.<\/p>\n<p> <span class=\"hps\">Huile de Neem\/hectare<\/span>: <span class=\"hps\">2 \u00e0 4<\/span> <span class=\"hps\">litres<\/span>. <span class=\"hps\">Varie en<\/span> <span class=\"hps\">fonction<\/span> de la <span class=\"hps\">densit\u00e9 des plantes<\/span> infest\u00e9es et du type de mat\u00e9riel utilis\u00e9.<\/p>\n<p><strong><span class=\"hps\">Jardins<\/span>:<\/strong> <span class=\"hps\">M\u00e9langer 1<\/span> <span class=\"hps\">litre d&rsquo;eau<\/span> <span class=\"hps\">et<\/span> <span class=\"hps\">100 g d&rsquo;<\/span> <span class=\"hps\">un<\/span> <span class=\"hps\">\u00e9mulsifiant<\/span> <span class=\"hps\">naturel<\/span> <span class=\"hps atn\">(<\/span>par exemple du <span class=\"hps\">savon mou<\/span>), <span class=\"hps\">remuer vigoureusement<\/span>. <span class=\"hps\">Ajouter 40 ml d&rsquo;<\/span> <span class=\"hps\">huile de Neem<\/span> <span class=\"hps\">et continuer \u00e0 remuer<\/span> <span class=\"hps\">vigoureusement<\/span>. <span class=\"hps\">Ajouter<\/span> <span class=\"hps\">ce m\u00e9lange<\/span> <span class=\"hps\">\u00e0<\/span> 9 <span class=\"hps\">litres d&rsquo;eau<\/span>, <span class=\"hps\">remuer vigoureusement<\/span>. <span class=\"hps\">Commencer l&rsquo;<\/span> <span class=\"hps\">application<\/span>.<\/p>\n<p><span class=\"hps\">Grands<\/span> <span class=\"hps atn\">champs (<\/span> <span class=\"hps\">hectares<\/span>, <span class=\"hps\">acres)<\/span>: <span class=\"hps\">M\u00e9langer<\/span> <span class=\"hps\">10 litres d<\/span> <span class=\"hps\">&lsquo;eau<\/span> <span class=\"hps\">et 1<\/span> <span class=\"hps\">kilo d<\/span> <span class=\"hps\">&lsquo;<\/span> <span class=\"hps\">\u00e9mulsifiant<\/span> <span class=\"hps\">naturel<\/span> <span class=\"hps atn\">(<\/span>par exemple, <span class=\"hps\">du savon mou<\/span>), <span class=\"hps\">m\u00e9langer<\/span> <span class=\"hps\">vigoureusement<\/span> <span class=\"hps\">.<\/span> <span class=\"hps\">Ajouter<\/span> 400 ml d&rsquo;<span class=\"hps\">huile de Neem <\/span><span class=\"hps\">et continuer \u00e0<\/span> <span class=\"hps\">m\u00e9langer vigoureusement<\/span>. <span class=\"hps\">Ajoutez<\/span> <span class=\"hps\">ce m\u00e9lange<\/span> <span class=\"hps\">\u00e0<\/span> <span class=\"hps\">90 <\/span><span class=\"hps\">litres d&rsquo;<\/span> <span class=\"hps\">eau<\/span>, <span class=\"hps\">m\u00e9langez vigoureusement<\/span> et commencez l&rsquo;application.<\/p>\n<p>Si vous souhaitez lutter contre les attaques fongiques, remplacez le savon doux \u00e0 la citronnelle par le m\u00eame savon au bicarbonate de soude ou au soufre.<\/span><\/span><\/p>\n<p align=\"justify\"><span style=\"font-family: Arial, Helvetica, sans-serif;font-size: small\">Il est \u00e9galement utile de le pulv\u00e9riser dans les eaux stagnantes (soucoupes, pots de fleurs, goutti\u00e8res, petits d\u00e9p\u00f4ts qui ne peuvent \u00eatre couverts, etc.) pour emp\u00eacher les larves de moustiques d&rsquo;atteindre leur plein d\u00e9veloppement.<\/span><\/p>\n<p align=\"justify\"><span style=\"font-family: Arial, Helvetica, sans-serif;font-size: small\">Appliquer \u00e0 titre pr\u00e9ventif une fois toutes les 2 \u00e0 3 semaines. En raison de sa consistance huileuse, il est conseill\u00e9 de diluer le produit (1 cuill\u00e8re \u00e0 caf\u00e9) dans 1 cuill\u00e8re \u00e0 caf\u00e9 de savon doux et de bien m\u00e9langer jusqu&rsquo;\u00e0 ce que le produit se m\u00e9lange, puis d&rsquo;ajouter de l&rsquo;eau. Appliquer par pulv\u00e9risation sur les feuilles et les tiges, en particulier sur la face inf\u00e9rieure des feuilles, l\u00e0 o\u00f9 les parasites se cachent le plus.<\/span><\/p>\n<p align=\"justify\"><span style=\"font-family: Arial, Helvetica, sans-serif;font-size: small\">Emballage de 100 ml<\/span><\/p>\n<p align=\"justify\">\n<p style=\"font-size: 8pt\">\n<\/div>\n","protected":false},"excerpt":{"rendered":"<p>L&rsquo;huile de neem est extraite de l&rsquo;Azadirachta Indica cultiv\u00e9 dans les zones tropicales et subtropicales d&rsquo;Asie, d&rsquo;Afrique, d&rsquo;Am\u00e9rique (centrale et<\/p>\n","protected":false},"featured_media":126207,"comment_status":"open","ping_status":"closed","template":"","meta":[],"product_brand":[],"product_cat":[7928],"product_tag":[],"class_list":{"0":"post-126212","1":"product","2":"type-product","3":"status-publish","4":"has-post-thumbnail","6":"product_cat-antiparasitaires-et-defense","8":"first","9":"instock","10":"taxable","11":"shipping-taxable","12":"purchasable","13":"product-type-simple"},"aioseo_notices":[],"_links":{"self":[{"href":"https:\/\/www.budream.com\/fr\/wp-json\/wp\/v2\/product\/126212","targetHints":{"allow":["GET"]}}],"collection":[{"href":"https:\/\/www.budream.com\/fr\/wp-json\/wp\/v2\/product"}],"about":[{"href":"https:\/\/www.budream.com\/fr\/wp-json\/wp\/v2\/types\/product"}],"replies":[{"embeddable":true,"href":"https:\/\/www.budream.com\/fr\/wp-json\/wp\/v2\/comments?post=126212"}],"version-history":[{"count":0,"href":"https:\/\/www.budream.com\/fr\/wp-json\/wp\/v2\/product\/126212\/revisions"}],"wp:featuredmedia":[{"embeddable":true,"href":"https:\/\/www.budream.com\/fr\/wp-json\/wp\/v2\/media\/126207"}],"wp:attachment":[{"href":"https:\/\/www.budream.com\/fr\/wp-json\/wp\/v2\/media?parent=126212"}],"wp:term":[{"taxonomy":"product_brand","embeddable":true,"href":"https:\/\/www.budream.com\/fr\/wp-json\/wp\/v2\/product_brand?post=126212"},{"taxonomy":"product_cat","embeddable":true,"href":"https:\/\/www.budream.com\/fr\/wp-json\/wp\/v2\/product_cat?post=126212"},{"taxonomy":"product_tag","embeddable":true,"href":"https:\/\/www.budream.com\/fr\/wp-json\/wp\/v2\/product_tag?post=126212"}],"curies":[{"name":"wp","href":"https:\/\/api.w.org\/{rel}","templated":true}]}}