{"id":126222,"date":"2025-07-30T19:30:24","date_gmt":"2025-07-30T17:30:24","guid":{"rendered":"https:\/\/www.budream.com\/shop\/bioki-natural-barrier-soap-100gr\/"},"modified":"2026-01-20T16:38:52","modified_gmt":"2026-01-20T14:38:52","slug":"bioki-natural-barrier-soap-100gr","status":"publish","type":"product","link":"https:\/\/www.budream.com\/fr\/shop\/bioki-natural-barrier-soap-100gr\/","title":{"rendered":"BIOKI &#8211; NATURAL BARRIER SOAP | 100gr"},"content":{"rendered":"<div class=\"jw-strip jw-strip--default jw-strip--style-color jw-strip--primary jw-strip--color-default jw-strip--padding-start\">\n<div class=\"jw-strip__content-container\">\n<div class=\"jw-strip__content jw-responsive\">\n<div id=\"\" class=\"product-page js-product-container js-product-container--generated\" title=\"\" data-webshop-product=\"{\" data-is-detail-view=\"1\">\n<div class=\"product-page__container\">\n<div class=\"product-page__description\">\n<p>Peut \u00eatre utilis\u00e9 en arboriculture fruiti\u00e8re (p\u00eache, abricot, prune, cerise, vigne, citron et agrumes en g\u00e9n\u00e9ral), en horticulture (laitue, \u00e9pinard, c\u00e9leri, fenouil, basilic, tomate, poivron, aubergine, fraise, etc.) et en jardinage (haies, plantes florales et ornementales).<br \/>) et Jardinage (haies, plantes florales et ornementales).<br \/><strong>DOSES D&rsquo;UTILISATION<\/strong> (quantit\u00e9 pour 10 litres d&rsquo;eau) :<br \/>Traitements d&rsquo;hiver : 120-150 g ;<br \/>Traitements printemps-\u00e9t\u00e9 : 80-120 g ;<br \/>Phase pr\u00e9ventive : 1 traitement tous les 15 jours.<br \/>Phase curative : 1 traitement tous les 3-4 jours jusqu&rsquo;\u00e0 disparition des sympt\u00f4mes.<\/p>\n<\/div>\n<\/div>\n<\/div>\n<\/div>\n<\/div>\n<\/div>\n<div class=\"product-page__content\">\n<div id=\"jw-element-372309746\" class=\"jw-tree-node jw-element jw-strip-root jw-tree-container\" data-jw-element-id=\"372309746\">\n<div id=\"jw-element-372309747\" class=\"jw-tree-node jw-element jw-strip jw-tree-container jw-strip--default jw-strip--style-color jw-strip--color-default jw-strip--padding-both jw-node-is-first-child jw-strip--primary jw-node-is-last-child\" data-jw-element-id=\"372309747\">\n<div class=\"jw-strip__content-container\">\n<div class=\"jw-strip__content jw-responsive\">\n<div id=\"jw-element-372309912\" class=\"jw-tree-node jw-element jw-image-text jw-node-is-first-child\" data-jw-element-id=\"372309912\">\n<div class=\"jw-element-imagetext-text\">\n<p>FORT <strong>ET R\u00c9G\u00c9N\u00c9RATEUR : le<\/strong> savon doux est fort contre les h\u00f4tes ind\u00e9sirables des plantes, tels que les insectes en g\u00e9n\u00e9ral, les champignons, les cryptogames, les bact\u00e9ries et les virus. ET DOUX avec les plantes car il am\u00e9liore les d\u00e9fenses naturelles contre le stress caus\u00e9 par les attaques parasitaires et les d\u00e9s\u00e9quilibres thermiques et hydriques.<\/p>\n<p><strong>APPLICATION<\/strong>: Le savon doux peut \u00eatre utilis\u00e9 toute l&rsquo;ann\u00e9e sur les plantes atteintes de chenilles, pucerons (poux des plantes), cochenilles, thrips, attaques fongiques (taches foliaires). Convient \u00e9galement pour les lavages foliaires sur les plantes souffrant d&rsquo;attaques de fumig\u00e8nes (agrumes, citrons, lauriers, oliviers) caus\u00e9es par des attaques parasitaires. Sp\u00e9cialement con\u00e7u pour \u00e9liminer les exsudats parasitaires (miellat).<br \/>Convient aux cultures biologiques et naturelles.<\/p>\n<p>Le savon anti-miel Molle ne pr\u00e9sente pas de r\u00e9sidus nocifs sur les plantes, car il est totalement biod\u00e9gradable avec CHARGE Z\u00c9RO et peut donc \u00eatre utilis\u00e9 le jour m\u00eame de la r\u00e9colte.<\/p>\n<\/div>\n<\/div>\n<\/div>\n<\/div>\n<\/div>\n<\/div>\n<\/div>\n<p>CONDITIONNEMENT Pot de 100 g.<\/p>\n","protected":false},"excerpt":{"rendered":"<p>Peut \u00eatre utilis\u00e9 en arboriculture fruiti\u00e8re (p\u00eache, abricot, prune, cerise, vigne, citron et agrumes en g\u00e9n\u00e9ral), en horticulture (laitue, \u00e9pinard,<\/p>\n","protected":false},"featured_media":126217,"comment_status":"open","ping_status":"closed","template":"","meta":[],"product_brand":[],"product_cat":[7928],"product_tag":[],"class_list":{"0":"post-126222","1":"product","2":"type-product","3":"status-publish","4":"has-post-thumbnail","6":"product_cat-antiparasitaires-et-defense","8":"first","9":"instock","10":"taxable","11":"shipping-taxable","12":"purchasable","13":"product-type-simple"},"_links":{"self":[{"href":"https:\/\/www.budream.com\/fr\/wp-json\/wp\/v2\/product\/126222","targetHints":{"allow":["GET"]}}],"collection":[{"href":"https:\/\/www.budream.com\/fr\/wp-json\/wp\/v2\/product"}],"about":[{"href":"https:\/\/www.budream.com\/fr\/wp-json\/wp\/v2\/types\/product"}],"replies":[{"embeddable":true,"href":"https:\/\/www.budream.com\/fr\/wp-json\/wp\/v2\/comments?post=126222"}],"version-history":[{"count":0,"href":"https:\/\/www.budream.com\/fr\/wp-json\/wp\/v2\/product\/126222\/revisions"}],"wp:featuredmedia":[{"embeddable":true,"href":"https:\/\/www.budream.com\/fr\/wp-json\/wp\/v2\/media\/126217"}],"wp:attachment":[{"href":"https:\/\/www.budream.com\/fr\/wp-json\/wp\/v2\/media?parent=126222"}],"wp:term":[{"taxonomy":"product_brand","embeddable":true,"href":"https:\/\/www.budream.com\/fr\/wp-json\/wp\/v2\/product_brand?post=126222"},{"taxonomy":"product_cat","embeddable":true,"href":"https:\/\/www.budream.com\/fr\/wp-json\/wp\/v2\/product_cat?post=126222"},{"taxonomy":"product_tag","embeddable":true,"href":"https:\/\/www.budream.com\/fr\/wp-json\/wp\/v2\/product_tag?post=126222"}],"curies":[{"name":"wp","href":"https:\/\/api.w.org\/{rel}","templated":true}]}}