{"id":126267,"date":"2025-07-30T19:34:26","date_gmt":"2025-07-30T17:34:26","guid":{"rendered":"https:\/\/www.budream.com\/shop\/storzbickel-easy-valve-pad-set-2-pieces\/"},"modified":"2026-02-19T16:44:53","modified_gmt":"2026-02-19T14:44:53","slug":"storzbickel-easy-valve-pad-set-2-pieces","status":"publish","type":"product","link":"https:\/\/www.budream.com\/fr\/shop\/storzbickel-easy-valve-pad-set-2-pieces\/","title":{"rendered":"STORZ&amp;BICKEL &#8211; EASY VALVE PAD SET | 2 PIECES"},"content":{"rendered":"<p>Les sets de tampons Easy Valve sont utilis\u00e9s pour vaporiser de petites quantit\u00e9s de <strong>concentr\u00e9s<\/strong>, de beats et d&rsquo;extraits dans les vaporisateurs Volcano utilisant l&rsquo;Easy Valve.<\/p>\n<p>Le Filling Pad peut \u00e9galement \u00eatre utilis\u00e9 pour<strong>combler les lacunes<\/strong> afin d&rsquo;\u00e9viter que de petites quantit\u00e9s d&rsquo;herbes ne tourbillonnent dans la chambre de remplissage.<\/p>\n<p>En outre, le tampon de remplissage peut \u00e9galement \u00eatre utilis\u00e9 comme support pour les herbes tr\u00e8s finement moulues afin que les petites particules ne tombent pas \u00e0 travers les trous de la chambre de remplissage.<\/p>\n<p>&Oslash; 28 x 4 mm<\/p>\n","protected":false},"excerpt":{"rendered":"<p>Les sets de tampons Easy Valve sont utilis\u00e9s pour vaporiser de petites quantit\u00e9s de concentr\u00e9s, de beats et d&rsquo;extraits dans<\/p>\n","protected":false},"featured_media":126257,"comment_status":"open","ping_status":"closed","template":"","meta":[],"product_brand":[],"product_cat":[1179],"product_tag":[],"class_list":{"0":"post-126267","1":"product","2":"type-product","3":"status-publish","4":"has-post-thumbnail","6":"product_cat-vaporizzatori","8":"first","9":"instock","10":"taxable","11":"shipping-taxable","12":"purchasable","13":"product-type-simple"},"aioseo_notices":[],"_links":{"self":[{"href":"https:\/\/www.budream.com\/fr\/wp-json\/wp\/v2\/product\/126267","targetHints":{"allow":["GET"]}}],"collection":[{"href":"https:\/\/www.budream.com\/fr\/wp-json\/wp\/v2\/product"}],"about":[{"href":"https:\/\/www.budream.com\/fr\/wp-json\/wp\/v2\/types\/product"}],"replies":[{"embeddable":true,"href":"https:\/\/www.budream.com\/fr\/wp-json\/wp\/v2\/comments?post=126267"}],"version-history":[{"count":0,"href":"https:\/\/www.budream.com\/fr\/wp-json\/wp\/v2\/product\/126267\/revisions"}],"wp:featuredmedia":[{"embeddable":true,"href":"https:\/\/www.budream.com\/fr\/wp-json\/wp\/v2\/media\/126257"}],"wp:attachment":[{"href":"https:\/\/www.budream.com\/fr\/wp-json\/wp\/v2\/media?parent=126267"}],"wp:term":[{"taxonomy":"product_brand","embeddable":true,"href":"https:\/\/www.budream.com\/fr\/wp-json\/wp\/v2\/product_brand?post=126267"},{"taxonomy":"product_cat","embeddable":true,"href":"https:\/\/www.budream.com\/fr\/wp-json\/wp\/v2\/product_cat?post=126267"},{"taxonomy":"product_tag","embeddable":true,"href":"https:\/\/www.budream.com\/fr\/wp-json\/wp\/v2\/product_tag?post=126267"}],"curies":[{"name":"wp","href":"https:\/\/api.w.org\/{rel}","templated":true}]}}