{"id":126372,"date":"2025-07-30T19:41:55","date_gmt":"2025-07-30T17:41:55","guid":{"rendered":"https:\/\/www.budream.com\/shop\/kenex-eternity-et600-digital-scale-max-600-grammes-step-0-1g\/"},"modified":"2026-03-03T14:26:57","modified_gmt":"2026-03-03T12:26:57","slug":"kenex-eternity-et600-digital-scale-max-600-grammes-step-0-1g","status":"publish","type":"product","link":"https:\/\/www.budream.com\/fr\/shop\/kenex-eternity-et600-digital-scale-max-600-grammes-step-0-1g\/","title":{"rendered":"KENEX &#8211; ETERNITY ET600 DIGITAL SCALE | MAX 600 GRAMMES STEP 0.1G"},"content":{"rendered":"<p>La s\u00e9rie Eternity est la plus vendue des balances Kenex. Comme son nom l&rsquo;indique, si elle est bien entretenue, cette balance peut durer une \u00e9ternit\u00e9 gr\u00e2ce \u00e0 la qualit\u00e9 de ses composants, \u00e0 son plateau de pes\u00e9e en acier et \u00e0 son couvercle ext\u00e9rieur robuste et l\u00e9ger.<\/p>\n<h2><span style=\"text-decoration: underline\">Caract\u00e9ristiques de la balance num\u00e9rique Kenex Eternity :<\/span><\/h2>\n<ul>\n<li>Balance num\u00e9rique ;<\/li>\n<li>Plage de mesure : max 600g<\/li>\n<li>Pr\u00e9cision de l&rsquo;\u00e9chelon : 0,1g ;<\/li>\n<li>Bo\u00eetier ext\u00e9rieur robuste et l\u00e9ger ;<\/li>\n<li>Plateau de pes\u00e9e en acier inoxydable ;<\/li>\n<li>Disponible en couleurs assorties : noir et argent ;<\/li>\n<li>Tare et \u00e9talonnage num\u00e9riques automatiques ;<\/li>\n<li>Protection contre les surcharges ;<\/li>\n<li>4 modes de pesage : g\/oz\/ozt\/dwt ;<\/li>\n<\/ul>\n","protected":false},"excerpt":{"rendered":"<p>La s\u00e9rie Eternity est la plus vendue des balances Kenex. Comme son nom l&rsquo;indique, si elle est bien entretenue, cette<\/p>\n","protected":false},"featured_media":125142,"comment_status":"open","ping_status":"closed","template":"","meta":[],"product_brand":[],"product_cat":[7949],"product_tag":[],"class_list":{"0":"post-126372","1":"product","2":"type-product","3":"status-publish","4":"has-post-thumbnail","6":"product_cat-headshop-fr","8":"first","9":"instock","10":"taxable","11":"shipping-taxable","12":"purchasable","13":"product-type-simple"},"aioseo_notices":[],"_links":{"self":[{"href":"https:\/\/www.budream.com\/fr\/wp-json\/wp\/v2\/product\/126372","targetHints":{"allow":["GET"]}}],"collection":[{"href":"https:\/\/www.budream.com\/fr\/wp-json\/wp\/v2\/product"}],"about":[{"href":"https:\/\/www.budream.com\/fr\/wp-json\/wp\/v2\/types\/product"}],"replies":[{"embeddable":true,"href":"https:\/\/www.budream.com\/fr\/wp-json\/wp\/v2\/comments?post=126372"}],"version-history":[{"count":0,"href":"https:\/\/www.budream.com\/fr\/wp-json\/wp\/v2\/product\/126372\/revisions"}],"wp:featuredmedia":[{"embeddable":true,"href":"https:\/\/www.budream.com\/fr\/wp-json\/wp\/v2\/media\/125142"}],"wp:attachment":[{"href":"https:\/\/www.budream.com\/fr\/wp-json\/wp\/v2\/media?parent=126372"}],"wp:term":[{"taxonomy":"product_brand","embeddable":true,"href":"https:\/\/www.budream.com\/fr\/wp-json\/wp\/v2\/product_brand?post=126372"},{"taxonomy":"product_cat","embeddable":true,"href":"https:\/\/www.budream.com\/fr\/wp-json\/wp\/v2\/product_cat?post=126372"},{"taxonomy":"product_tag","embeddable":true,"href":"https:\/\/www.budream.com\/fr\/wp-json\/wp\/v2\/product_tag?post=126372"}],"curies":[{"name":"wp","href":"https:\/\/api.w.org\/{rel}","templated":true}]}}