{"id":126387,"date":"2025-07-30T19:42:44","date_gmt":"2025-07-30T17:42:44","guid":{"rendered":"https:\/\/www.budream.com\/shop\/kenex-matrix-mx500-digital-scale-max-500-grammes-step-0-1g\/"},"modified":"2026-02-05T11:23:49","modified_gmt":"2026-02-05T09:23:49","slug":"kenex-matrix-mx500-digital-scale-max-500-grammes-step-0-1g","status":"publish","type":"product","link":"https:\/\/www.budream.com\/fr\/shop\/kenex-matrix-mx500-digital-scale-max-500-grammes-step-0-1g\/","title":{"rendered":"KENEX &#8211; MATRIX MX500 DIGITAL SCALE | MAX 500 GRAMMES STEP 0.1G"},"content":{"rendered":"<p>Une balance de tr\u00e8s petite taille, aux lignes \u00e9pur\u00e9es et \u00e0 la finition brillante, avec des relev\u00e9s incroyablement pr\u00e9cis et fiables et \u00e0 la port\u00e9e de tous \u00e9tait autrefois consid\u00e9r\u00e9e comme impossible : aujourd&rsquo;hui, c&rsquo;est possible gr\u00e2ce \u00e0 Matrix, la balance avec un couvercle amovible qui peut \u00eatre utilis\u00e9 de mani\u00e8re pratique comme plateau pendant l&rsquo;utilisation !<\/p>\n<h2><span style=\"text-decoration: underline\">Caract\u00e9ristiques de la balance num\u00e9rique Kenex Matrix :<br \/><\/span><\/h2>\n<ul style=\"list-style-type: disc\">\n<li>Balance num\u00e9rique ;<\/li>\n<li>Plage de mesure : max. 500g<\/li>\n<li>Pr\u00e9cision de l&rsquo;\u00e9chelon : 0,1g ;<\/li>\n<li>Bo\u00eetier ext\u00e9rieur robuste et l\u00e9ger ;<\/li>\n<li>Couvercle amovible faisant office de plateau ;<\/li>\n<li>Disponible en couleurs assorties : noir et argent ;<\/li>\n<li>Tare et \u00e9talonnage num\u00e9riques automatiques ;<\/li>\n<li>Protection contre les surcharges ;<\/li>\n<li>4 modes de pes\u00e9e : g\/oz\/ozt\/dwt ;<\/li>\n<\/ul>\n","protected":false},"excerpt":{"rendered":"<p>Une balance de tr\u00e8s petite taille, aux lignes \u00e9pur\u00e9es et \u00e0 la finition brillante, avec des relev\u00e9s incroyablement pr\u00e9cis et<\/p>\n","protected":false},"featured_media":126377,"comment_status":"open","ping_status":"closed","template":"","meta":[],"product_brand":[],"product_cat":[7949],"product_tag":[],"class_list":{"0":"post-126387","1":"product","2":"type-product","3":"status-publish","4":"has-post-thumbnail","6":"product_cat-headshop-fr","8":"first","9":"instock","10":"taxable","11":"shipping-taxable","12":"purchasable","13":"product-type-simple"},"aioseo_notices":[],"_links":{"self":[{"href":"https:\/\/www.budream.com\/fr\/wp-json\/wp\/v2\/product\/126387","targetHints":{"allow":["GET"]}}],"collection":[{"href":"https:\/\/www.budream.com\/fr\/wp-json\/wp\/v2\/product"}],"about":[{"href":"https:\/\/www.budream.com\/fr\/wp-json\/wp\/v2\/types\/product"}],"replies":[{"embeddable":true,"href":"https:\/\/www.budream.com\/fr\/wp-json\/wp\/v2\/comments?post=126387"}],"version-history":[{"count":0,"href":"https:\/\/www.budream.com\/fr\/wp-json\/wp\/v2\/product\/126387\/revisions"}],"wp:featuredmedia":[{"embeddable":true,"href":"https:\/\/www.budream.com\/fr\/wp-json\/wp\/v2\/media\/126377"}],"wp:attachment":[{"href":"https:\/\/www.budream.com\/fr\/wp-json\/wp\/v2\/media?parent=126387"}],"wp:term":[{"taxonomy":"product_brand","embeddable":true,"href":"https:\/\/www.budream.com\/fr\/wp-json\/wp\/v2\/product_brand?post=126387"},{"taxonomy":"product_cat","embeddable":true,"href":"https:\/\/www.budream.com\/fr\/wp-json\/wp\/v2\/product_cat?post=126387"},{"taxonomy":"product_tag","embeddable":true,"href":"https:\/\/www.budream.com\/fr\/wp-json\/wp\/v2\/product_tag?post=126387"}],"curies":[{"name":"wp","href":"https:\/\/api.w.org\/{rel}","templated":true}]}}