{"id":126402,"date":"2025-07-30T19:43:55","date_gmt":"2025-07-30T17:43:55","guid":{"rendered":"https:\/\/www.budream.com\/shop\/kenex-digital-counter-scale-ktt3000-max-3000-grammes-step-01g\/"},"modified":"2026-03-26T18:58:19","modified_gmt":"2026-03-26T16:58:19","slug":"kenex-digital-counter-scale-ktt3000-max-3000-grammes-step-01g","status":"publish","type":"product","link":"https:\/\/www.budream.com\/fr\/shop\/kenex-digital-counter-scale-ktt3000-max-3000-grammes-step-01g\/","title":{"rendered":"KENEX &#8211; DIGITAL COUNTER SCALE KTT3000 | MAX 3000 GRAMMES STEP 0,1G"},"content":{"rendered":"<p>La balance Kenex KTT3000 offre une tr\u00e8s grande capacit\u00e9, ce qui la rend id\u00e9ale pour la cuisine. <br \/>Une grande capacit\u00e9 sans bol de pes\u00e9e est tout \u00e0 fait inutile, c&rsquo;est pourquoi un grand bol de 1,2 litre est fourni avec cette balance. <br \/>Le bol est dot\u00e9 d&rsquo;un bec verseur, de sorte que si votre recette comprend des liquides, ceux-ci peuvent \u00eatre facilement vers\u00e9s avec un minimum de d\u00e9g\u00e2ts.<\/p>\n<h2><span style=\"text-decoration: underline\">Caract\u00e9ristiques Balance num\u00e9rique de comptoir Kenex KTT3000 :<\/span><\/h2>\n<ul style=\"list-style-type: disc\">\n<li>Balance num\u00e9rique ;<\/li>\n<li>Plage de mesure : max 3000g ;<\/li>\n<li>Pr\u00e9cision de 0,1g ;<\/li>\n<li>Bol de pes\u00e9e de 1,2 litre inclus ;<\/li>\n<li>Couleur : noir ;<\/li>\n<li>Protection contre les surcharges ;<\/li>\n<li>2 modes de pesage : g\/oz ;<\/li>\n<\/ul>\n","protected":false},"excerpt":{"rendered":"<p>La balance Kenex KTT3000 offre une tr\u00e8s grande capacit\u00e9, ce qui la rend id\u00e9ale pour la cuisine. Une grande capacit\u00e9<\/p>\n","protected":false},"featured_media":126397,"comment_status":"open","ping_status":"closed","template":"","meta":[],"product_brand":[],"product_cat":[1173],"product_tag":[],"class_list":{"0":"post-126402","1":"product","2":"type-product","3":"status-publish","4":"has-post-thumbnail","6":"product_cat-headshop","8":"first","9":"instock","10":"taxable","11":"shipping-taxable","12":"purchasable","13":"product-type-simple"},"aioseo_notices":[],"_links":{"self":[{"href":"https:\/\/www.budream.com\/fr\/wp-json\/wp\/v2\/product\/126402","targetHints":{"allow":["GET"]}}],"collection":[{"href":"https:\/\/www.budream.com\/fr\/wp-json\/wp\/v2\/product"}],"about":[{"href":"https:\/\/www.budream.com\/fr\/wp-json\/wp\/v2\/types\/product"}],"replies":[{"embeddable":true,"href":"https:\/\/www.budream.com\/fr\/wp-json\/wp\/v2\/comments?post=126402"}],"version-history":[{"count":0,"href":"https:\/\/www.budream.com\/fr\/wp-json\/wp\/v2\/product\/126402\/revisions"}],"wp:featuredmedia":[{"embeddable":true,"href":"https:\/\/www.budream.com\/fr\/wp-json\/wp\/v2\/media\/126397"}],"wp:attachment":[{"href":"https:\/\/www.budream.com\/fr\/wp-json\/wp\/v2\/media?parent=126402"}],"wp:term":[{"taxonomy":"product_brand","embeddable":true,"href":"https:\/\/www.budream.com\/fr\/wp-json\/wp\/v2\/product_brand?post=126402"},{"taxonomy":"product_cat","embeddable":true,"href":"https:\/\/www.budream.com\/fr\/wp-json\/wp\/v2\/product_cat?post=126402"},{"taxonomy":"product_tag","embeddable":true,"href":"https:\/\/www.budream.com\/fr\/wp-json\/wp\/v2\/product_tag?post=126402"}],"curies":[{"name":"wp","href":"https:\/\/api.w.org\/{rel}","templated":true}]}}