{"id":126472,"date":"2025-07-30T19:47:33","date_gmt":"2025-07-30T17:47:33","guid":{"rendered":"https:\/\/www.budream.com\/shop\/storzbickel-solid-valve-net-set\/"},"modified":"2026-01-20T18:17:14","modified_gmt":"2026-01-20T16:17:14","slug":"storzbickel-solid-valve-net-set","status":"publish","type":"product","link":"https:\/\/www.budream.com\/fr\/shop\/storzbickel-solid-valve-net-set\/","title":{"rendered":"STORZ&amp;BICKEL &#8211; SOLID VALVE NET SET"},"content":{"rendered":"<p>Jeu de filets de remplacement pour Solid Valve comprenant :<\/p>\n<ul style=\"list-style-type: disc\">\n<li>3 filets sans trou pour la zone inf\u00e9rieure Solid Valve (&Oslash; 26 mm) ;<\/li>\n<li>3 filets avec trou pour la zone sup\u00e9rieure de la Solid Valve (&Oslash; 24 mm) ;<\/li>\n<li>Rondelle et \u00e9crou pour fixation \u00e0 la tige int\u00e9rieure de la Solid Valve ;<\/li>\n<\/ul>\n","protected":false},"excerpt":{"rendered":"<p>Jeu de filets de remplacement pour Solid Valve comprenant : 3 filets sans trou pour la zone inf\u00e9rieure Solid Valve<\/p>\n","protected":false},"featured_media":126462,"comment_status":"open","ping_status":"closed","template":"","meta":[],"product_brand":[],"product_cat":[1179],"product_tag":[],"class_list":{"0":"post-126472","1":"product","2":"type-product","3":"status-publish","4":"has-post-thumbnail","6":"product_cat-vaporizzatori","8":"first","9":"instock","10":"taxable","11":"shipping-taxable","12":"purchasable","13":"product-type-simple"},"aioseo_notices":[],"_links":{"self":[{"href":"https:\/\/www.budream.com\/fr\/wp-json\/wp\/v2\/product\/126472","targetHints":{"allow":["GET"]}}],"collection":[{"href":"https:\/\/www.budream.com\/fr\/wp-json\/wp\/v2\/product"}],"about":[{"href":"https:\/\/www.budream.com\/fr\/wp-json\/wp\/v2\/types\/product"}],"replies":[{"embeddable":true,"href":"https:\/\/www.budream.com\/fr\/wp-json\/wp\/v2\/comments?post=126472"}],"version-history":[{"count":0,"href":"https:\/\/www.budream.com\/fr\/wp-json\/wp\/v2\/product\/126472\/revisions"}],"wp:featuredmedia":[{"embeddable":true,"href":"https:\/\/www.budream.com\/fr\/wp-json\/wp\/v2\/media\/126462"}],"wp:attachment":[{"href":"https:\/\/www.budream.com\/fr\/wp-json\/wp\/v2\/media?parent=126472"}],"wp:term":[{"taxonomy":"product_brand","embeddable":true,"href":"https:\/\/www.budream.com\/fr\/wp-json\/wp\/v2\/product_brand?post=126472"},{"taxonomy":"product_cat","embeddable":true,"href":"https:\/\/www.budream.com\/fr\/wp-json\/wp\/v2\/product_cat?post=126472"},{"taxonomy":"product_tag","embeddable":true,"href":"https:\/\/www.budream.com\/fr\/wp-json\/wp\/v2\/product_tag?post=126472"}],"curies":[{"name":"wp","href":"https:\/\/api.w.org\/{rel}","templated":true}]}}