{"id":126497,"date":"2025-07-30T19:48:32","date_gmt":"2025-07-30T17:48:32","guid":{"rendered":"https:\/\/www.budream.com\/shop\/adaptateur-mighty-et-crafty-18mm\/"},"modified":"2025-12-23T12:37:08","modified_gmt":"2025-12-23T10:37:08","slug":"adaptateur-mighty-et-crafty-18mm","status":"publish","type":"product","link":"https:\/\/www.budream.com\/fr\/shop\/adaptateur-mighty-et-crafty-18mm\/","title":{"rendered":"ADAPTATEUR MIGHTY+ ET CRAFTY+ | 18mm"},"content":{"rendered":"<p>Un adaptateur en verre borosilicat\u00e9 pour le vaporisateur Mighty+ ou Crafty+ permet de connecter le vaporisateur \u00e0 n&rsquo;importe quel BONG et pipe \u00e0 eau avec un raccord femelle de 18 mm.<\/p>\n<h2><span style=\"text-decoration: underline\">ADAPTATEUR 18mm POUR MIGHTY+ ET CRAFTY+<\/span>:<\/h2>\n<ul style=\"list-style-type: disc\">\n<li>fonctionne sur mighty, mighty+, crafty et crafty+ ;<\/li>\n<li>Connexion m\u00e2le de 18 mm ;<\/li>\n<li>s&rsquo;adapte \u00e0 n&rsquo;importe quel bong femelle de 18 mm ;<\/li>\n<li>adaptateur en verre avec support en plastique ;<\/li>\n<\/ul>\n","protected":false},"excerpt":{"rendered":"<p>Un adaptateur en verre borosilicat\u00e9 pour le vaporisateur Mighty+ ou Crafty+ permet de connecter le vaporisateur \u00e0 n&rsquo;importe quel BONG<\/p>\n","protected":false},"featured_media":126487,"comment_status":"open","ping_status":"closed","template":"","meta":[],"product_brand":[],"product_cat":[7910],"product_tag":[],"class_list":{"0":"post-126497","1":"product","2":"type-product","3":"status-publish","4":"has-post-thumbnail","6":"product_cat-vaporisateurs","8":"first","9":"instock","10":"sale","11":"taxable","12":"shipping-taxable","13":"purchasable","14":"product-type-simple"},"aioseo_notices":[],"_links":{"self":[{"href":"https:\/\/www.budream.com\/fr\/wp-json\/wp\/v2\/product\/126497","targetHints":{"allow":["GET"]}}],"collection":[{"href":"https:\/\/www.budream.com\/fr\/wp-json\/wp\/v2\/product"}],"about":[{"href":"https:\/\/www.budream.com\/fr\/wp-json\/wp\/v2\/types\/product"}],"replies":[{"embeddable":true,"href":"https:\/\/www.budream.com\/fr\/wp-json\/wp\/v2\/comments?post=126497"}],"version-history":[{"count":0,"href":"https:\/\/www.budream.com\/fr\/wp-json\/wp\/v2\/product\/126497\/revisions"}],"wp:featuredmedia":[{"embeddable":true,"href":"https:\/\/www.budream.com\/fr\/wp-json\/wp\/v2\/media\/126487"}],"wp:attachment":[{"href":"https:\/\/www.budream.com\/fr\/wp-json\/wp\/v2\/media?parent=126497"}],"wp:term":[{"taxonomy":"product_brand","embeddable":true,"href":"https:\/\/www.budream.com\/fr\/wp-json\/wp\/v2\/product_brand?post=126497"},{"taxonomy":"product_cat","embeddable":true,"href":"https:\/\/www.budream.com\/fr\/wp-json\/wp\/v2\/product_cat?post=126497"},{"taxonomy":"product_tag","embeddable":true,"href":"https:\/\/www.budream.com\/fr\/wp-json\/wp\/v2\/product_tag?post=126497"}],"curies":[{"name":"wp","href":"https:\/\/api.w.org\/{rel}","templated":true}]}}