{"id":126627,"date":"2025-07-30T19:58:17","date_gmt":"2025-07-30T17:58:17","guid":{"rendered":"https:\/\/www.budream.com\/shop\/davinci-adaptateur-de-verre-10mm-a-14mm-pour-les-series-miqro-et-iq2\/"},"modified":"2026-01-09T14:01:43","modified_gmt":"2026-01-09T12:01:43","slug":"davinci-adaptateur-de-verre-10mm-a-14mm-pour-les-series-miqro-et-iq2","status":"publish","type":"product","link":"https:\/\/www.budream.com\/fr\/shop\/davinci-adaptateur-de-verre-10mm-a-14mm-pour-les-series-miqro-et-iq2\/","title":{"rendered":"DAVINCI &#8211; ADAPTATEUR DE VERRE 10MM \u00c0 14MM POUR LES S\u00c9RIES MIQRO ET IQ2"},"content":{"rendered":"<p>L&rsquo;adaptateur pour bong et pipe \u00e0 eau en verre Davinci vous permet de connecter l&#8217;embout Davinci 10MM \u00e0 n&rsquo;importe quel bong avec une connexion femelle de 14MM. Convient \u00e0 l&#8217;embout 10MM de Miqro, Miqro-c et IQ2.<\/p>\n<p><\/p>\n<h2><span style=\"text-decoration: underline\">DAVINCI &#8211; Adaptateur pour verre 10MM \u00e0 14MM :<\/span><\/h2>\n<ul style=\"list-style-type: disc\">\n<li>Convient aux Miqro, Miqro-c et IQ2 ;<\/li>\n<li>De 10 mm femelle \u00e0 14 mm m\u00e2le ;<\/li>\n<li>100% verre<\/li>\n<\/ul>\n","protected":false},"excerpt":{"rendered":"<p>L&rsquo;adaptateur pour bong et pipe \u00e0 eau en verre Davinci vous permet de connecter l&#8217;embout Davinci 10MM \u00e0 n&rsquo;importe quel<\/p>\n","protected":false},"featured_media":126622,"comment_status":"open","ping_status":"closed","template":"","meta":[],"product_brand":[],"product_cat":[7910],"product_tag":[],"class_list":{"0":"post-126627","1":"product","2":"type-product","3":"status-publish","4":"has-post-thumbnail","6":"product_cat-vaporisateurs","8":"first","9":"instock","10":"sale","11":"taxable","12":"shipping-taxable","13":"purchasable","14":"product-type-simple"},"_links":{"self":[{"href":"https:\/\/www.budream.com\/fr\/wp-json\/wp\/v2\/product\/126627","targetHints":{"allow":["GET"]}}],"collection":[{"href":"https:\/\/www.budream.com\/fr\/wp-json\/wp\/v2\/product"}],"about":[{"href":"https:\/\/www.budream.com\/fr\/wp-json\/wp\/v2\/types\/product"}],"replies":[{"embeddable":true,"href":"https:\/\/www.budream.com\/fr\/wp-json\/wp\/v2\/comments?post=126627"}],"version-history":[{"count":0,"href":"https:\/\/www.budream.com\/fr\/wp-json\/wp\/v2\/product\/126627\/revisions"}],"wp:featuredmedia":[{"embeddable":true,"href":"https:\/\/www.budream.com\/fr\/wp-json\/wp\/v2\/media\/126622"}],"wp:attachment":[{"href":"https:\/\/www.budream.com\/fr\/wp-json\/wp\/v2\/media?parent=126627"}],"wp:term":[{"taxonomy":"product_brand","embeddable":true,"href":"https:\/\/www.budream.com\/fr\/wp-json\/wp\/v2\/product_brand?post=126627"},{"taxonomy":"product_cat","embeddable":true,"href":"https:\/\/www.budream.com\/fr\/wp-json\/wp\/v2\/product_cat?post=126627"},{"taxonomy":"product_tag","embeddable":true,"href":"https:\/\/www.budream.com\/fr\/wp-json\/wp\/v2\/product_tag?post=126627"}],"curies":[{"name":"wp","href":"https:\/\/api.w.org\/{rel}","templated":true}]}}