{"id":126722,"date":"2025-07-30T20:03:55","date_gmt":"2025-07-30T18:03:55","guid":{"rendered":"https:\/\/www.budream.com\/shop\/storzbickel-porte-gelules-etanche-avec-4-gelules-et-un-tampon-liquide\/"},"modified":"2026-03-02T21:13:25","modified_gmt":"2026-03-02T19:13:25","slug":"storzbickel-porte-gelules-etanche-avec-4-gelules-et-un-tampon-liquide","status":"publish","type":"product","link":"https:\/\/www.budream.com\/fr\/shop\/storzbickel-porte-gelules-etanche-avec-4-gelules-et-un-tampon-liquide\/","title":{"rendered":"STORZ&amp;BICKEL &#8211; PORTE-G\u00c9LULES \u00c9TANCHE AVEC 4 G\u00c9LULES ET UN TAMPON LIQUIDE"},"content":{"rendered":"<p>Le r\u00e9cipient \u00e9tanche pratique pour les capsules de dosage peut \u00eatre utilis\u00e9 comme porte-cl\u00e9s : vous pouvez y ranger de mani\u00e8re optimale jusqu&rsquo;\u00e0 quatre capsules de dosage.<\/p>\n<p>Le Capsule Caddy est \u00e9galement imperm\u00e9able aux odeurs et \u00e0 l&rsquo;eau.<\/p>\n<h2><span style=\"text-decoration: underline\"><strong>Le porte-capsules comprend<\/strong><\/span>:<\/h2>\n<ul style=\"list-style-type: disc\">\n<li>1 pc. porte-capsules (Capsule Caddy)<\/li>\n<li>4 pc. capsules de dosage<\/li>\n<li>4 pc. tampons pour liquide<\/li>\n<\/ul>\n<p><\/p>\n","protected":false},"excerpt":{"rendered":"<p>Le r\u00e9cipient \u00e9tanche pratique pour les capsules de dosage peut \u00eatre utilis\u00e9 comme porte-cl\u00e9s : vous pouvez y ranger de<\/p>\n","protected":false},"featured_media":126702,"comment_status":"open","ping_status":"closed","template":"","meta":[],"product_brand":[],"product_cat":[7910],"product_tag":[],"class_list":{"0":"post-126722","1":"product","2":"type-product","3":"status-publish","4":"has-post-thumbnail","6":"product_cat-vaporisateurs","8":"first","9":"instock","10":"sale","11":"taxable","12":"shipping-taxable","13":"purchasable","14":"product-type-simple"},"_links":{"self":[{"href":"https:\/\/www.budream.com\/fr\/wp-json\/wp\/v2\/product\/126722","targetHints":{"allow":["GET"]}}],"collection":[{"href":"https:\/\/www.budream.com\/fr\/wp-json\/wp\/v2\/product"}],"about":[{"href":"https:\/\/www.budream.com\/fr\/wp-json\/wp\/v2\/types\/product"}],"replies":[{"embeddable":true,"href":"https:\/\/www.budream.com\/fr\/wp-json\/wp\/v2\/comments?post=126722"}],"version-history":[{"count":0,"href":"https:\/\/www.budream.com\/fr\/wp-json\/wp\/v2\/product\/126722\/revisions"}],"wp:featuredmedia":[{"embeddable":true,"href":"https:\/\/www.budream.com\/fr\/wp-json\/wp\/v2\/media\/126702"}],"wp:attachment":[{"href":"https:\/\/www.budream.com\/fr\/wp-json\/wp\/v2\/media?parent=126722"}],"wp:term":[{"taxonomy":"product_brand","embeddable":true,"href":"https:\/\/www.budream.com\/fr\/wp-json\/wp\/v2\/product_brand?post=126722"},{"taxonomy":"product_cat","embeddable":true,"href":"https:\/\/www.budream.com\/fr\/wp-json\/wp\/v2\/product_cat?post=126722"},{"taxonomy":"product_tag","embeddable":true,"href":"https:\/\/www.budream.com\/fr\/wp-json\/wp\/v2\/product_tag?post=126722"}],"curies":[{"name":"wp","href":"https:\/\/api.w.org\/{rel}","templated":true}]}}