{"id":126737,"date":"2025-07-30T20:04:25","date_gmt":"2025-07-30T18:04:25","guid":{"rendered":"https:\/\/www.budream.com\/shop\/storzbickel-slippring-fixing-clip-for-easy-valve-and-solid-valve\/"},"modified":"2025-12-23T14:49:11","modified_gmt":"2025-12-23T12:49:11","slug":"storzbickel-slippring-fixing-clip-for-easy-valve-and-solid-valve","status":"publish","type":"product","link":"https:\/\/www.budream.com\/fr\/shop\/storzbickel-slippring-fixing-clip-for-easy-valve-and-solid-valve\/","title":{"rendered":"STORZ&amp;BICKEL &#8211; SLIPPRING FIXING CLIP FOR EASY VALVE AND SOLID VALVE"},"content":{"rendered":"<p>Le clip \u00e0 ressort est utilis\u00e9 pour fixer le flacon \u00e0 la valve.<\/p>\n<p><strong>Convient pour :<\/strong><\/p>\n<ul>\n<li>SOLID VALVE<\/li>\n<li>VALVE FACILE<\/li>\n<\/ul>\n","protected":false},"excerpt":{"rendered":"<p>Le clip \u00e0 ressort est utilis\u00e9 pour fixer le flacon \u00e0 la valve. Convient pour : SOLID VALVE VALVE FACILE<\/p>\n","protected":false},"featured_media":126727,"comment_status":"open","ping_status":"closed","template":"","meta":[],"product_brand":[],"product_cat":[7910],"product_tag":[],"class_list":{"0":"post-126737","1":"product","2":"type-product","3":"status-publish","4":"has-post-thumbnail","6":"product_cat-vaporisateurs","8":"first","9":"instock","10":"sale","11":"taxable","12":"shipping-taxable","13":"purchasable","14":"product-type-simple"},"_links":{"self":[{"href":"https:\/\/www.budream.com\/fr\/wp-json\/wp\/v2\/product\/126737","targetHints":{"allow":["GET"]}}],"collection":[{"href":"https:\/\/www.budream.com\/fr\/wp-json\/wp\/v2\/product"}],"about":[{"href":"https:\/\/www.budream.com\/fr\/wp-json\/wp\/v2\/types\/product"}],"replies":[{"embeddable":true,"href":"https:\/\/www.budream.com\/fr\/wp-json\/wp\/v2\/comments?post=126737"}],"version-history":[{"count":0,"href":"https:\/\/www.budream.com\/fr\/wp-json\/wp\/v2\/product\/126737\/revisions"}],"wp:featuredmedia":[{"embeddable":true,"href":"https:\/\/www.budream.com\/fr\/wp-json\/wp\/v2\/media\/126727"}],"wp:attachment":[{"href":"https:\/\/www.budream.com\/fr\/wp-json\/wp\/v2\/media?parent=126737"}],"wp:term":[{"taxonomy":"product_brand","embeddable":true,"href":"https:\/\/www.budream.com\/fr\/wp-json\/wp\/v2\/product_brand?post=126737"},{"taxonomy":"product_cat","embeddable":true,"href":"https:\/\/www.budream.com\/fr\/wp-json\/wp\/v2\/product_cat?post=126737"},{"taxonomy":"product_tag","embeddable":true,"href":"https:\/\/www.budream.com\/fr\/wp-json\/wp\/v2\/product_tag?post=126737"}],"curies":[{"name":"wp","href":"https:\/\/api.w.org\/{rel}","templated":true}]}}