{"id":126762,"date":"2025-07-30T20:05:36","date_gmt":"2025-07-30T18:05:36","guid":{"rendered":"https:\/\/www.budream.com\/shop\/boveda-62-oxo-pop-container-06l-40pz-da-8gr\/"},"modified":"2026-01-07T17:21:48","modified_gmt":"2026-01-07T15:21:48","slug":"boveda-62-oxo-pop-container-06l-40pz-da-8gr","status":"publish","type":"product","link":"https:\/\/www.budream.com\/fr\/shop\/boveda-62-oxo-pop-container-06l-40pz-da-8gr\/","title":{"rendered":"BOVEDA 62% &#8211; OXO POP CONTAINER | 0,6L &#8211; 40pcs DE 8gr"},"content":{"rendered":"<p><strong>BOVEDA OXO POP CONTAINER 0,5L<\/strong> contenant 40 paquets de 8g de BOVEDA 62%.<br \/>Le m\u00e9canisme \u00e0 bouton-poussoir cr\u00e9e une fermeture herm\u00e9tique d&rsquo;une simple pression.<br \/>Il permet de conserver les produits Boveda dans des conditions optimales avant la vente.<\/p>\n<p><strong>BOVEDA 62% maintient une humidit\u00e9 relative<\/strong> (HR) <strong>stable<\/strong> dans les produits stock\u00e9s. Cette technologie, qui a r\u00e9volutionn\u00e9 le stockage des cigares, de la nourriture, de la musique et des produits \u00e9lectroniques, est d\u00e9sormais disponible pour le stockage des herbes phytoth\u00e9rapeutiques et m\u00e9dicinales. <\/p>\n<p>Les sachets Boveda brevet\u00e9s plac\u00e9s \u00e0 l&rsquo;int\u00e9rieur du conteneur maintiennent l&rsquo;humidit\u00e9 relative stable et, si n\u00e9cessaire, ajoutent ou absorbent de l&rsquo;humidit\u00e9 afin de maintenir le contenu constant \u00e0 62 % (+\/- 1 %).<\/p>\n<p>Boveda permet de conserver les essences pendant tr\u00e8s longtemps sans modifier leurs propri\u00e9t\u00e9s et en \u00e9vitant la formation de moisissures.<\/p>\n<p>La bonne teneur en humidit\u00e9 maximise la couleur, la saveur, l&rsquo;ar\u00f4me et l&rsquo;efficacit\u00e9 et stabilise le poids de vos plantes phytoth\u00e9rapeutiques et m\u00e9dicinales.<\/p>\n<h2><strong>Que contient Boveda 62% ?<\/strong><\/h2>\n<div>Chaque Boveda contient une membrane d&rsquo;osmose inverse perm\u00e9able \u00e0 la vapeur d&rsquo;eau. A l&rsquo;int\u00e9rieur de cette membrane se trouve une solution satur\u00e9e d&rsquo;eau pure et de sel naturel sp\u00e9cialement pr\u00e9par\u00e9e. Si n\u00e9cessaire, Boveda lib\u00e8re ou absorbe de la vapeur d&rsquo;eau purifi\u00e9e \u00e0 travers la membrane pour maintenir un niveau pr\u00e9d\u00e9termin\u00e9 d&rsquo;humidit\u00e9 relative (HR).<\/p>\n<\/div>\n<h2><strong>Caract\u00e9ristiques principales Boveda 62% :<\/strong><\/h2>\n<div>\n<ul style=\"list-style-type: disc\">\n<li>Maintient une<strong>humidit\u00e9 relative constante de 62 %<\/strong> (+\/- 1 %) en absorbant et en lib\u00e9rant de la vapeur d&rsquo;eau ;<\/li>\n<li><strong>Emp\u00eache la formation de moisissures dangereuses<\/strong>;<\/li>\n<li><strong>Dur\u00e9e de vie d&rsquo;environ 2\/4 mois<\/strong> \u00e0 partir du moment o\u00f9 il est plac\u00e9 dans le conteneur ;<\/li>\n<li>Ne n\u00e9cessite pas d&rsquo;entretien ni de remplissage ; doit \u00eatre remplac\u00e9 lorsqu&rsquo;il devient rigide.<\/li>\n<\/ul>\n<p><strong>Quantit\u00e9<\/strong><br \/>Le sachet contenant <strong>8 grammes<\/strong> garantit le niveau d&rsquo;<strong> humidit\u00e9 pour un<\/strong> <strong>maximum de 30 grammes de<\/strong><strong> produit<\/strong> <strong>.<\/p>\n<p>Contient<\/strong><br \/>Oxo Pop Container Boveda 62% &#8211; 40 pi\u00e8ces de 8 grammes<\/p>\n<p><strong>Note<\/strong>: Ne pas m\u00e9langer diff\u00e9rents niveaux de Boveda RH dans le m\u00eame r\u00e9cipient et ne pas utiliser Boveda dans le m\u00eame r\u00e9cipient avec d&rsquo;autres produits d&rsquo;humidification. Ils se combattraient mutuellement et r\u00e9duiraient l&rsquo;efficacit\u00e9 des sachets Boveda.<\/div>\n","protected":false},"excerpt":{"rendered":"<p>BOVEDA OXO POP CONTAINER 0,5L contenant 40 paquets de 8g de BOVEDA 62%.Le m\u00e9canisme \u00e0 bouton-poussoir cr\u00e9e une fermeture herm\u00e9tique<\/p>\n","protected":false},"featured_media":124927,"comment_status":"open","ping_status":"closed","template":"","meta":[],"product_brand":[],"product_cat":[7949],"product_tag":[],"class_list":{"0":"post-126762","1":"product","2":"type-product","3":"status-publish","4":"has-post-thumbnail","6":"product_cat-headshop-fr","8":"first","9":"instock","10":"taxable","11":"shipping-taxable","12":"purchasable","13":"product-type-simple"},"_links":{"self":[{"href":"https:\/\/www.budream.com\/fr\/wp-json\/wp\/v2\/product\/126762","targetHints":{"allow":["GET"]}}],"collection":[{"href":"https:\/\/www.budream.com\/fr\/wp-json\/wp\/v2\/product"}],"about":[{"href":"https:\/\/www.budream.com\/fr\/wp-json\/wp\/v2\/types\/product"}],"replies":[{"embeddable":true,"href":"https:\/\/www.budream.com\/fr\/wp-json\/wp\/v2\/comments?post=126762"}],"version-history":[{"count":0,"href":"https:\/\/www.budream.com\/fr\/wp-json\/wp\/v2\/product\/126762\/revisions"}],"wp:featuredmedia":[{"embeddable":true,"href":"https:\/\/www.budream.com\/fr\/wp-json\/wp\/v2\/media\/124927"}],"wp:attachment":[{"href":"https:\/\/www.budream.com\/fr\/wp-json\/wp\/v2\/media?parent=126762"}],"wp:term":[{"taxonomy":"product_brand","embeddable":true,"href":"https:\/\/www.budream.com\/fr\/wp-json\/wp\/v2\/product_brand?post=126762"},{"taxonomy":"product_cat","embeddable":true,"href":"https:\/\/www.budream.com\/fr\/wp-json\/wp\/v2\/product_cat?post=126762"},{"taxonomy":"product_tag","embeddable":true,"href":"https:\/\/www.budream.com\/fr\/wp-json\/wp\/v2\/product_tag?post=126762"}],"curies":[{"name":"wp","href":"https:\/\/api.w.org\/{rel}","templated":true}]}}