{"id":126812,"date":"2025-07-30T20:07:31","date_gmt":"2025-07-30T18:07:31","guid":{"rendered":"https:\/\/www.budream.com\/shop\/royal-queen-seeds-broyeur-metallique-incise-55mm\/"},"modified":"2026-03-16T18:22:03","modified_gmt":"2026-03-16T16:22:03","slug":"royal-queen-seeds-broyeur-metallique-incise-55mm","status":"publish","type":"product","link":"https:\/\/www.budream.com\/fr\/shop\/royal-queen-seeds-broyeur-metallique-incise-55mm\/","title":{"rendered":"ROYAL QUEEN SEEDS &#8211; BROYEUR METALLIQUE INCIS\u00c9 | 55mm"},"content":{"rendered":"<p>Le Royal Queen Seeds Engraved Metal Grinder est un moulin en m\u00e9tal de haute qualit\u00e9 qui fonctionne parfaitement. Ce moulin \u00e0 herbe en 4 parties peut broyer tout ce que vous y mettez et le transformer en une fine poudre. Le filtre et le r\u00e9cipient \u00e0 kief vous permettent d&rsquo;\u00e9viter le gaspillage. Le grinder a un design argent\u00e9 brillant avec le logo de Royal Queen Seeds grav\u00e9 sur le couvercle.<\/p>\n<h2><strong>Caract\u00e9ristiques Grinder en aluminium grav\u00e9 Royal Queen Seeds :<\/strong><\/h2>\n<ul style=\"list-style-type: disc\">\n<li><strong>Diam\u00e8tre : <\/strong>5,5 cm<\/li>\n<li><strong>Hauteur : <\/strong>4 cm<\/li>\n<li><strong>Mat\u00e9riau :<\/strong> Aluminium<\/li>\n<\/ul>\n<p><a href=\"http:\/\/www.dutch-passion.nl\/it\/\" target=\"_blank\" rel=\"noopener noreferrer nofollow\"><br \/><\/a><\/p>\n<div><\/div>\n","protected":false},"excerpt":{"rendered":"<p>Le Royal Queen Seeds Engraved Metal Grinder est un moulin en m\u00e9tal de haute qualit\u00e9 qui fonctionne parfaitement. Ce moulin<\/p>\n","protected":false},"featured_media":126802,"comment_status":"open","ping_status":"closed","template":"","meta":[],"product_brand":[],"product_cat":[1173],"product_tag":[],"class_list":{"0":"post-126812","1":"product","2":"type-product","3":"status-publish","4":"has-post-thumbnail","6":"product_cat-headshop","8":"first","9":"instock","10":"taxable","11":"shipping-taxable","12":"purchasable","13":"product-type-simple"},"_links":{"self":[{"href":"https:\/\/www.budream.com\/fr\/wp-json\/wp\/v2\/product\/126812","targetHints":{"allow":["GET"]}}],"collection":[{"href":"https:\/\/www.budream.com\/fr\/wp-json\/wp\/v2\/product"}],"about":[{"href":"https:\/\/www.budream.com\/fr\/wp-json\/wp\/v2\/types\/product"}],"replies":[{"embeddable":true,"href":"https:\/\/www.budream.com\/fr\/wp-json\/wp\/v2\/comments?post=126812"}],"version-history":[{"count":0,"href":"https:\/\/www.budream.com\/fr\/wp-json\/wp\/v2\/product\/126812\/revisions"}],"wp:featuredmedia":[{"embeddable":true,"href":"https:\/\/www.budream.com\/fr\/wp-json\/wp\/v2\/media\/126802"}],"wp:attachment":[{"href":"https:\/\/www.budream.com\/fr\/wp-json\/wp\/v2\/media?parent=126812"}],"wp:term":[{"taxonomy":"product_brand","embeddable":true,"href":"https:\/\/www.budream.com\/fr\/wp-json\/wp\/v2\/product_brand?post=126812"},{"taxonomy":"product_cat","embeddable":true,"href":"https:\/\/www.budream.com\/fr\/wp-json\/wp\/v2\/product_cat?post=126812"},{"taxonomy":"product_tag","embeddable":true,"href":"https:\/\/www.budream.com\/fr\/wp-json\/wp\/v2\/product_tag?post=126812"}],"curies":[{"name":"wp","href":"https:\/\/api.w.org\/{rel}","templated":true}]}}