{"id":126832,"date":"2025-07-30T20:09:04","date_gmt":"2025-07-30T18:09:04","guid":{"rendered":"https:\/\/www.budream.com\/shop\/storzbickel-boitier-de-soupape-solide\/"},"modified":"2026-01-28T15:20:44","modified_gmt":"2026-01-28T13:20:44","slug":"storzbickel-boitier-de-soupape-solide","status":"publish","type":"product","link":"https:\/\/www.budream.com\/fr\/shop\/storzbickel-boitier-de-soupape-solide\/","title":{"rendered":"STORZ&amp;BICKEL &#8211; BO\u00ceTIER DE SOUPAPE SOLIDE"},"content":{"rendered":"<p>Bo\u00eetier Solid Valve Bo\u00eetier de remplacement en plastique pour Solid Valve.<\/p>\n<p><strong>Veuillez noter qu&rsquo;il s&rsquo;agit uniquement du bo\u00eetier en plastique. <\/strong><br \/><strong>Le bo\u00eetier n&rsquo;inclut pas les composants internes en acier inoxydable.<\/strong><br \/><strong> <\/strong><\/p>\n","protected":false},"excerpt":{"rendered":"<p>Bo\u00eetier Solid Valve Bo\u00eetier de remplacement en plastique pour Solid Valve. Veuillez noter qu&rsquo;il s&rsquo;agit uniquement du bo\u00eetier en plastique.<\/p>\n","protected":false},"featured_media":126822,"comment_status":"open","ping_status":"closed","template":"","meta":[],"product_brand":[],"product_cat":[7910],"product_tag":[],"class_list":{"0":"post-126832","1":"product","2":"type-product","3":"status-publish","4":"has-post-thumbnail","6":"product_cat-vaporisateurs","8":"first","9":"instock","10":"sale","11":"taxable","12":"shipping-taxable","13":"purchasable","14":"product-type-simple"},"_links":{"self":[{"href":"https:\/\/www.budream.com\/fr\/wp-json\/wp\/v2\/product\/126832","targetHints":{"allow":["GET"]}}],"collection":[{"href":"https:\/\/www.budream.com\/fr\/wp-json\/wp\/v2\/product"}],"about":[{"href":"https:\/\/www.budream.com\/fr\/wp-json\/wp\/v2\/types\/product"}],"replies":[{"embeddable":true,"href":"https:\/\/www.budream.com\/fr\/wp-json\/wp\/v2\/comments?post=126832"}],"version-history":[{"count":0,"href":"https:\/\/www.budream.com\/fr\/wp-json\/wp\/v2\/product\/126832\/revisions"}],"wp:featuredmedia":[{"embeddable":true,"href":"https:\/\/www.budream.com\/fr\/wp-json\/wp\/v2\/media\/126822"}],"wp:attachment":[{"href":"https:\/\/www.budream.com\/fr\/wp-json\/wp\/v2\/media?parent=126832"}],"wp:term":[{"taxonomy":"product_brand","embeddable":true,"href":"https:\/\/www.budream.com\/fr\/wp-json\/wp\/v2\/product_brand?post=126832"},{"taxonomy":"product_cat","embeddable":true,"href":"https:\/\/www.budream.com\/fr\/wp-json\/wp\/v2\/product_cat?post=126832"},{"taxonomy":"product_tag","embeddable":true,"href":"https:\/\/www.budream.com\/fr\/wp-json\/wp\/v2\/product_tag?post=126832"}],"curies":[{"name":"wp","href":"https:\/\/api.w.org\/{rel}","templated":true}]}}