{"id":126927,"date":"2025-07-30T20:14:38","date_gmt":"2025-07-30T18:14:38","guid":{"rendered":"https:\/\/www.budream.com\/shop\/boundless-cf-710-extract-pen\/"},"modified":"2025-12-23T12:49:27","modified_gmt":"2025-12-23T10:49:27","slug":"boundless-cf-710-extract-pen","status":"publish","type":"product","link":"https:\/\/www.budream.com\/fr\/shop\/boundless-cf-710-extract-pen\/","title":{"rendered":"BOUNDLESS &#8211; CF-710 EXTRACT PEN"},"content":{"rendered":"<p><strong>BOUNDLESS CF-710<\/strong> ajoute un \u00e9chelon \u00e0 l&rsquo;\u00e9chelle de la vaporisation d&rsquo;extraits et de concentr\u00e9s tels que BHO, WAX et HUILES.<br \/>Le <strong>CF-710 <\/strong> est un stylo design et silencieux qui vous permet d&rsquo;appr\u00e9cier les huiles et les concentr\u00e9s avec une exp\u00e9rience totalement diff\u00e9rente et sans flammes ni \u00e9lectricit\u00e9. Il est fabriqu\u00e9 \u00e0 100% en acier inoxydable et offre un choix de bobines en c\u00e9ramique ou en quartz.<\/p>\n<h2><span style=\"text-decoration: underline\">COMMENT FONCTIONNE LE BOUNDLESS CF-710 ?<\/span><\/h2>\n<p>Comme les stylos BHO courants, le Boundless CF 710 est activ\u00e9 en maintenant le bouton d&rsquo;alimentation enfonc\u00e9 ; la bobine commence \u00e0 chauffer et <strong>atteint la temp\u00e9rature en quelques secondes<\/strong>:<br \/>Il suffit de plonger l&#8217;embout chauffant (coil) dans un bocal en verre contenant de l&rsquo;extrait et d&rsquo;appuyer sur le bouton tout en tirant !<br \/>Comme le serpentin est \u00e9loign\u00e9 de l&#8217;embout, la vapeur a plus de temps pour voyager \u00e0 l&rsquo;int\u00e9rieur du stylo et se refroidir avant d&rsquo;atteindre le palais. Cette m\u00e9thode de vapotage est <strong>id\u00e9ale pour les amateurs d&rsquo;extraits<\/strong> ou ceux qui n&rsquo;aiment pas tousser !<br \/>Le <strong>BOUNDLESS CF-710 <\/strong> est aliment\u00e9 par une seule batterie interne 16500 LG 10A d&rsquo;une capacit\u00e9 de 900 mAh qui offre d&rsquo;excellentes performances : jusqu&rsquo;\u00e0 une heure d&rsquo;utilisation !<\/p>\n<h2><span style=\"text-decoration: underline\">Caract\u00e9ristiques techniques du BOUNDLESS CF-710 :<\/span><\/h2>\n<ul style=\"list-style-type: disc\">\n<li>technique de vaporisation nectar collector<\/li>\n<li>batterie de 900 mAh<\/li>\n<li>bobines rempla\u00e7ables en c\u00e9ramique et en quartz<\/li>\n<li>pr\u00eat \u00e0 l&#8217;emploi, pas de temps de chauffe<\/li>\n<li>en acier inoxydable<\/li>\n<li>pas besoin de flamme ni d&rsquo;\u00e9lectricit\u00e9<\/li>\n<\/ul>\n","protected":false},"excerpt":{"rendered":"<p>BOUNDLESS CF-710 ajoute un \u00e9chelon \u00e0 l&rsquo;\u00e9chelle de la vaporisation d&rsquo;extraits et de concentr\u00e9s tels que BHO, WAX et HUILES.Le<\/p>\n","protected":false},"featured_media":126912,"comment_status":"open","ping_status":"closed","template":"","meta":[],"product_brand":[],"product_cat":[7910],"product_tag":[],"class_list":{"0":"post-126927","1":"product","2":"type-product","3":"status-publish","4":"has-post-thumbnail","6":"product_cat-vaporisateurs","8":"first","9":"instock","10":"sale","11":"taxable","12":"shipping-taxable","13":"purchasable","14":"product-type-simple"},"_links":{"self":[{"href":"https:\/\/www.budream.com\/fr\/wp-json\/wp\/v2\/product\/126927","targetHints":{"allow":["GET"]}}],"collection":[{"href":"https:\/\/www.budream.com\/fr\/wp-json\/wp\/v2\/product"}],"about":[{"href":"https:\/\/www.budream.com\/fr\/wp-json\/wp\/v2\/types\/product"}],"replies":[{"embeddable":true,"href":"https:\/\/www.budream.com\/fr\/wp-json\/wp\/v2\/comments?post=126927"}],"version-history":[{"count":0,"href":"https:\/\/www.budream.com\/fr\/wp-json\/wp\/v2\/product\/126927\/revisions"}],"wp:featuredmedia":[{"embeddable":true,"href":"https:\/\/www.budream.com\/fr\/wp-json\/wp\/v2\/media\/126912"}],"wp:attachment":[{"href":"https:\/\/www.budream.com\/fr\/wp-json\/wp\/v2\/media?parent=126927"}],"wp:term":[{"taxonomy":"product_brand","embeddable":true,"href":"https:\/\/www.budream.com\/fr\/wp-json\/wp\/v2\/product_brand?post=126927"},{"taxonomy":"product_cat","embeddable":true,"href":"https:\/\/www.budream.com\/fr\/wp-json\/wp\/v2\/product_cat?post=126927"},{"taxonomy":"product_tag","embeddable":true,"href":"https:\/\/www.budream.com\/fr\/wp-json\/wp\/v2\/product_tag?post=126927"}],"curies":[{"name":"wp","href":"https:\/\/api.w.org\/{rel}","templated":true}]}}