{"id":126977,"date":"2025-07-30T20:17:48","date_gmt":"2025-07-30T18:17:48","guid":{"rendered":"https:\/\/www.budream.com\/shop\/extrait-dortie-1l-naturen-contre-les-parasites-communs\/"},"modified":"2026-01-26T13:10:48","modified_gmt":"2026-01-26T11:10:48","slug":"extrait-dortie-1l-naturen-contre-les-parasites-communs","status":"publish","type":"product","link":"https:\/\/www.budream.com\/fr\/shop\/extrait-dortie-1l-naturen-contre-les-parasites-communs\/","title":{"rendered":"EXTRAIT D&rsquo;ORTIE 1L NATUREN CONTRE LES PARASITES COMMUNS"},"content":{"rendered":"<p>Pr\u00e9paration traditionnelle \u00e0 base d&rsquo;ortie, obtenue par fermentation naturelle dans l&rsquo;eau des feuilles de la plante.<br \/>Le produit encapsule les propri\u00e9t\u00e9s b\u00e9n\u00e9fiques des sucs cellulaires de l&rsquo;ortie, ce qui les rend facilement assimilables par les plantes qui ont besoin d&rsquo;\u00eatre aid\u00e9es pour surmonter les p\u00e9riodes de consommation accrue d&rsquo;\u00e9nergie dues aux stress biotiques et abiotiques.<br \/>stress biotiques et abiotiques.<br \/>Utilis\u00e9 en compl\u00e9ment des engrais organo-min\u00e9raux, il permet \u00e9galement de lutter contre les ravageurs tels que<br \/>pucerons, orties, mites, carpopt\u00e8res, acariens, alternaria (taches noires), moniliose et stimule la croissance des plantes.<br \/>Convient \u00e0 toutes les cultures : l\u00e9gumes et plantes ornementales. A diluer et \u00e0 utiliser par irrigation autour des plantes ou par pulv\u00e9risation sur le feuillage.<\/p>\n<ul>\n<li>Substance de base conform\u00e9ment au r\u00e8glement (CE) n\u00b0 1107\/2009.<\/li>\n<li>Dur\u00e9e de carence : 7 jours<\/li>\n<\/ul>\n<p>LUTTE CONTRE LES RAVAGEURS AIDE LES PLANTES \u00c0 SURMONTER LE STRESS AUTORIS\u00c9 EN AGRICULTURE BIOLOGIQUE<\/p>\n","protected":false},"excerpt":{"rendered":"<p>Pr\u00e9paration traditionnelle \u00e0 base d&rsquo;ortie, obtenue par fermentation naturelle dans l&rsquo;eau des feuilles de la plante.Le produit encapsule les propri\u00e9t\u00e9s<\/p>\n","protected":false},"featured_media":126972,"comment_status":"open","ping_status":"closed","template":"","meta":[],"product_brand":[],"product_cat":[7928],"product_tag":[],"class_list":{"0":"post-126977","1":"product","2":"type-product","3":"status-publish","4":"has-post-thumbnail","6":"product_cat-antiparasitaires-et-defense","8":"first","9":"instock","10":"taxable","11":"shipping-taxable","12":"purchasable","13":"product-type-simple"},"_links":{"self":[{"href":"https:\/\/www.budream.com\/fr\/wp-json\/wp\/v2\/product\/126977","targetHints":{"allow":["GET"]}}],"collection":[{"href":"https:\/\/www.budream.com\/fr\/wp-json\/wp\/v2\/product"}],"about":[{"href":"https:\/\/www.budream.com\/fr\/wp-json\/wp\/v2\/types\/product"}],"replies":[{"embeddable":true,"href":"https:\/\/www.budream.com\/fr\/wp-json\/wp\/v2\/comments?post=126977"}],"version-history":[{"count":0,"href":"https:\/\/www.budream.com\/fr\/wp-json\/wp\/v2\/product\/126977\/revisions"}],"wp:featuredmedia":[{"embeddable":true,"href":"https:\/\/www.budream.com\/fr\/wp-json\/wp\/v2\/media\/126972"}],"wp:attachment":[{"href":"https:\/\/www.budream.com\/fr\/wp-json\/wp\/v2\/media?parent=126977"}],"wp:term":[{"taxonomy":"product_brand","embeddable":true,"href":"https:\/\/www.budream.com\/fr\/wp-json\/wp\/v2\/product_brand?post=126977"},{"taxonomy":"product_cat","embeddable":true,"href":"https:\/\/www.budream.com\/fr\/wp-json\/wp\/v2\/product_cat?post=126977"},{"taxonomy":"product_tag","embeddable":true,"href":"https:\/\/www.budream.com\/fr\/wp-json\/wp\/v2\/product_tag?post=126977"}],"curies":[{"name":"wp","href":"https:\/\/api.w.org\/{rel}","templated":true}]}}