{"id":126987,"date":"2025-07-30T20:18:25","date_gmt":"2025-07-30T18:18:25","guid":{"rendered":"https:\/\/www.budream.com\/shop\/homeoplant-remede-homeopathique-pour-stimuler-le-metabolisme-pour-lhorticulture-750ml\/"},"modified":"2025-11-20T17:49:36","modified_gmt":"2025-11-20T15:49:36","slug":"homeoplant-remede-homeopathique-pour-stimuler-le-metabolisme-pour-lhorticulture-750ml","status":"publish","type":"product","link":"https:\/\/www.budream.com\/fr\/shop\/homeoplant-remede-homeopathique-pour-stimuler-le-metabolisme-pour-lhorticulture-750ml\/","title":{"rendered":"HOMEOPLANT REM\u00c8DE HOM\u00c9OPATHIQUE POUR STIMULER LE M\u00c9TABOLISME POUR L&rsquo;HORTICULTURE 750ML"},"content":{"rendered":"<p>Pr\u00e9parations hom\u00e9opathiques destin\u00e9es \u00e0 renforcer les d\u00e9fenses des plantes contre les insectes et les maladies et \u00e0 favoriser la croissance des plantes de jardin. <\/p>\n<p>Ces pr\u00e9parations ne sont pas des produits phytopharmaceutiques ou des engrais sous leur forme classique, mais repr\u00e9sentent une m\u00e9thode fonctionnelle pour \u00e9quilibrer les processus naturels des plantes et une innovation exceptionnelle pour l&rsquo;agriculture durable. Elles sont sans danger pour l&rsquo;homme et l&rsquo;animal et ne polluent pas l&rsquo;environnement.<\/p>\n<p>La ligne Flortis Homeoplant a \u00e9t\u00e9 cr\u00e9\u00e9e apr\u00e8s plusieurs ann\u00e9es d&rsquo;\u00e9tude en collaboration avec une universit\u00e9 europ\u00e9enne de premier plan. Pr\u00e9paration hom\u00e9opathique \u00e0 base d&rsquo;extraits de plantes et de min\u00e9raux sp\u00e9cifiquement con\u00e7ue pour renforcer naturellement les plantes et augmenter leur r\u00e9sistance aux diff\u00e9rents stress tels que les fluctuations de temp\u00e9rature, les conditions de croissance inad\u00e9quates et le manque d&rsquo;\u00e9l\u00e9ments nutritifs.<\/p>\n<p>Augmente la croissance, la floraison et le d\u00e9veloppement des fruits dans des conditions de stress. <\/p>\n<p>Bien agiter le flacon, diluer 3 bouchons dans 1 litre d&rsquo;eau et pulv\u00e9riser les plantes \u00e0 l&rsquo;aide d&rsquo;un arrosoir. <br \/>Il est recommand\u00e9 d&rsquo;effectuer un premier traitement au moment du semis ou de la transplantation et de le r\u00e9p\u00e9ter pendant la p\u00e9riode de croissance pour un maximum de 3 traitements par culture.<\/p>\n<p>Le produit a une longue dur\u00e9e d&rsquo;efficacit\u00e9, m\u00eame en cas de fortes pluies. <br \/>L&rsquo;utilisation simultan\u00e9e de produits agrochimiques peut annuler l&rsquo;efficacit\u00e9 du produit.<\/p>\n<h3><\/h3>\n","protected":false},"excerpt":{"rendered":"<p>Pr\u00e9parations hom\u00e9opathiques destin\u00e9es \u00e0 renforcer les d\u00e9fenses des plantes contre les insectes et les maladies et \u00e0 favoriser la croissance<\/p>\n","protected":false},"featured_media":126982,"comment_status":"open","ping_status":"closed","template":"","meta":[],"product_brand":[],"product_cat":[7928],"product_tag":[],"class_list":{"0":"post-126987","1":"product","2":"type-product","3":"status-publish","4":"has-post-thumbnail","6":"product_cat-antiparasitaires-et-defense","8":"first","9":"instock","10":"taxable","11":"shipping-taxable","12":"purchasable","13":"product-type-simple"},"_links":{"self":[{"href":"https:\/\/www.budream.com\/fr\/wp-json\/wp\/v2\/product\/126987","targetHints":{"allow":["GET"]}}],"collection":[{"href":"https:\/\/www.budream.com\/fr\/wp-json\/wp\/v2\/product"}],"about":[{"href":"https:\/\/www.budream.com\/fr\/wp-json\/wp\/v2\/types\/product"}],"replies":[{"embeddable":true,"href":"https:\/\/www.budream.com\/fr\/wp-json\/wp\/v2\/comments?post=126987"}],"version-history":[{"count":0,"href":"https:\/\/www.budream.com\/fr\/wp-json\/wp\/v2\/product\/126987\/revisions"}],"wp:featuredmedia":[{"embeddable":true,"href":"https:\/\/www.budream.com\/fr\/wp-json\/wp\/v2\/media\/126982"}],"wp:attachment":[{"href":"https:\/\/www.budream.com\/fr\/wp-json\/wp\/v2\/media?parent=126987"}],"wp:term":[{"taxonomy":"product_brand","embeddable":true,"href":"https:\/\/www.budream.com\/fr\/wp-json\/wp\/v2\/product_brand?post=126987"},{"taxonomy":"product_cat","embeddable":true,"href":"https:\/\/www.budream.com\/fr\/wp-json\/wp\/v2\/product_cat?post=126987"},{"taxonomy":"product_tag","embeddable":true,"href":"https:\/\/www.budream.com\/fr\/wp-json\/wp\/v2\/product_tag?post=126987"}],"curies":[{"name":"wp","href":"https:\/\/api.w.org\/{rel}","templated":true}]}}