{"id":126992,"date":"2025-07-30T20:18:54","date_gmt":"2025-07-30T18:18:54","guid":{"rendered":"https:\/\/www.budream.com\/shop\/homeoplant-remede-homeopathique-contre-la-cochenille-pour-les-plantes-750ml\/"},"modified":"2026-02-24T12:28:51","modified_gmt":"2026-02-24T10:28:51","slug":"homeoplant-remede-homeopathique-contre-la-cochenille-pour-les-plantes-750ml","status":"publish","type":"product","link":"https:\/\/www.budream.com\/fr\/shop\/homeoplant-remede-homeopathique-contre-la-cochenille-pour-les-plantes-750ml\/","title":{"rendered":"HOMEOPLANT REM\u00c8DE HOM\u00c9OPATHIQUE CONTRE LA COCHENILLE POUR LES PLANTES 750ML"},"content":{"rendered":"<p>Pr\u00e9paration hom\u00e9opathique \u00e0 base d&rsquo;extraits de plantes et de min\u00e9raux sp\u00e9cialement con\u00e7ue pour renforcer naturellement les plantes en augmentant leur r\u00e9sistance aux insectes \u00e0 exosquelette dur tels que :<\/p>\n<p>&#8211; les cochenilles<br \/>&#8211; les col\u00e9opt\u00e8res<br \/>&#8211; le doryphore de la pomme de terre<\/p>\n<p>Bien agiter le flacon, diluer 3 bouchons dans 1 litre d&rsquo;eau et pulv\u00e9riser les plantes \u00e0 l&rsquo;aide d&rsquo;un arrosoir. <\/p>\n<p>Il est recommand\u00e9 d&rsquo;effectuer un premier traitement au moment du semis ou de la transplantation et de le r\u00e9p\u00e9ter au cours de la p\u00e9riode de v\u00e9g\u00e9tation, \u00e0 raison d&rsquo;un maximum de 3 traitements par culture. <\/p>\n<p><strong>Action curative :<\/strong> en pr\u00e9sence d&rsquo;insectes, agiter le flacon, diluer 6 capsules dans 1 litre d&rsquo;eau et r\u00e9p\u00e9ter le traitement tous les 7 jours. <\/p>\n<p>Le produit a une longue dur\u00e9e d&rsquo;efficacit\u00e9, m\u00eame en cas de fortes pluies. <br \/>L&rsquo;utilisation simultan\u00e9e de produits agrochimiques peut annuler l&rsquo;efficacit\u00e9 du produit.<\/p>\n","protected":false},"excerpt":{"rendered":"<p>Pr\u00e9paration hom\u00e9opathique \u00e0 base d&rsquo;extraits de plantes et de min\u00e9raux sp\u00e9cialement con\u00e7ue pour renforcer naturellement les plantes en augmentant leur<\/p>\n","protected":false},"featured_media":253776,"comment_status":"open","ping_status":"closed","template":"","meta":[],"product_brand":[],"product_cat":[7928],"product_tag":[],"class_list":{"0":"post-126992","1":"product","2":"type-product","3":"status-publish","4":"has-post-thumbnail","6":"product_cat-antiparasitaires-et-defense","8":"first","9":"instock","10":"taxable","11":"shipping-taxable","12":"purchasable","13":"product-type-simple"},"_links":{"self":[{"href":"https:\/\/www.budream.com\/fr\/wp-json\/wp\/v2\/product\/126992","targetHints":{"allow":["GET"]}}],"collection":[{"href":"https:\/\/www.budream.com\/fr\/wp-json\/wp\/v2\/product"}],"about":[{"href":"https:\/\/www.budream.com\/fr\/wp-json\/wp\/v2\/types\/product"}],"replies":[{"embeddable":true,"href":"https:\/\/www.budream.com\/fr\/wp-json\/wp\/v2\/comments?post=126992"}],"version-history":[{"count":0,"href":"https:\/\/www.budream.com\/fr\/wp-json\/wp\/v2\/product\/126992\/revisions"}],"wp:featuredmedia":[{"embeddable":true,"href":"https:\/\/www.budream.com\/fr\/wp-json\/wp\/v2\/media\/253776"}],"wp:attachment":[{"href":"https:\/\/www.budream.com\/fr\/wp-json\/wp\/v2\/media?parent=126992"}],"wp:term":[{"taxonomy":"product_brand","embeddable":true,"href":"https:\/\/www.budream.com\/fr\/wp-json\/wp\/v2\/product_brand?post=126992"},{"taxonomy":"product_cat","embeddable":true,"href":"https:\/\/www.budream.com\/fr\/wp-json\/wp\/v2\/product_cat?post=126992"},{"taxonomy":"product_tag","embeddable":true,"href":"https:\/\/www.budream.com\/fr\/wp-json\/wp\/v2\/product_tag?post=126992"}],"curies":[{"name":"wp","href":"https:\/\/api.w.org\/{rel}","templated":true}]}}