{"id":127057,"date":"2025-07-30T20:23:04","date_gmt":"2025-07-30T18:23:04","guid":{"rendered":"https:\/\/www.budream.com\/shop\/kenex-vortex-digital-scale-vor-500-max-500-grammes-step-01g\/"},"modified":"2026-02-20T14:00:19","modified_gmt":"2026-02-20T12:00:19","slug":"kenex-vortex-digital-scale-vor-500-max-500-grammes-step-01g","status":"publish","type":"product","link":"https:\/\/www.budream.com\/fr\/shop\/kenex-vortex-digital-scale-vor-500-max-500-grammes-step-01g\/","title":{"rendered":"KENEX &#8211; VORTEX DIGITAL SCALE VOR-500 | MAX 500 GRAMMES STEP 0,1G"},"content":{"rendered":"<p>Vortex est une balance num\u00e9rique de poche et l\u00e9g\u00e8re, qui pr\u00e9sente l&rsquo;avantage d&rsquo;avoir un couvercle fixe qui prot\u00e8ge la balance \u00e0 tout moment.<br \/>Id\u00e9ale pour ceux qui aiment la facilit\u00e9 d&rsquo;utilisation, avec des boutons clairement identifi\u00e9s indiquant les diff\u00e9rentes fonctions.<\/p>\n<h2><span style=\"text-decoration: underline\">Caract\u00e9ristiques de la balance num\u00e9rique Kenex Vortex :<\/span><\/h2>\n<ul>\n<li>Balance num\u00e9rique ;<\/li>\n<li>Plage de mesure : max. 500g ;<\/li>\n<li>Pr\u00e9cision de l&rsquo;\u00e9chelon : 0,1g ;<\/li>\n<li>Bo\u00eetier ext\u00e9rieur robuste et l\u00e9ger ;<\/li>\n<li>Plateau de pes\u00e9e en acier inoxydable ;<\/li>\n<li>Disponible en couleurs assorties : noir et argent ;<\/li>\n<li>Tare et \u00e9talonnage num\u00e9riques automatiques ;<\/li>\n<li>Protection contre les surcharges ;<\/li>\n<li>4 modes de pesage : g\/oz\/ozt\/dwt ;<\/li>\n<\/ul>\n","protected":false},"excerpt":{"rendered":"<p>Vortex est une balance num\u00e9rique de poche et l\u00e9g\u00e8re, qui pr\u00e9sente l&rsquo;avantage d&rsquo;avoir un couvercle fixe qui prot\u00e8ge la balance<\/p>\n","protected":false},"featured_media":127047,"comment_status":"open","ping_status":"closed","template":"","meta":[],"product_brand":[],"product_cat":[7949],"product_tag":[],"class_list":{"0":"post-127057","1":"product","2":"type-product","3":"status-publish","4":"has-post-thumbnail","6":"product_cat-headshop-fr","8":"first","9":"instock","10":"taxable","11":"shipping-taxable","12":"purchasable","13":"product-type-simple"},"_links":{"self":[{"href":"https:\/\/www.budream.com\/fr\/wp-json\/wp\/v2\/product\/127057","targetHints":{"allow":["GET"]}}],"collection":[{"href":"https:\/\/www.budream.com\/fr\/wp-json\/wp\/v2\/product"}],"about":[{"href":"https:\/\/www.budream.com\/fr\/wp-json\/wp\/v2\/types\/product"}],"replies":[{"embeddable":true,"href":"https:\/\/www.budream.com\/fr\/wp-json\/wp\/v2\/comments?post=127057"}],"version-history":[{"count":0,"href":"https:\/\/www.budream.com\/fr\/wp-json\/wp\/v2\/product\/127057\/revisions"}],"wp:featuredmedia":[{"embeddable":true,"href":"https:\/\/www.budream.com\/fr\/wp-json\/wp\/v2\/media\/127047"}],"wp:attachment":[{"href":"https:\/\/www.budream.com\/fr\/wp-json\/wp\/v2\/media?parent=127057"}],"wp:term":[{"taxonomy":"product_brand","embeddable":true,"href":"https:\/\/www.budream.com\/fr\/wp-json\/wp\/v2\/product_brand?post=127057"},{"taxonomy":"product_cat","embeddable":true,"href":"https:\/\/www.budream.com\/fr\/wp-json\/wp\/v2\/product_cat?post=127057"},{"taxonomy":"product_tag","embeddable":true,"href":"https:\/\/www.budream.com\/fr\/wp-json\/wp\/v2\/product_tag?post=127057"}],"curies":[{"name":"wp","href":"https:\/\/api.w.org\/{rel}","templated":true}]}}