{"id":127082,"date":"2025-07-30T20:24:42","date_gmt":"2025-07-30T18:24:42","guid":{"rendered":"https:\/\/www.budream.com\/shop\/adaptateur-bong-a-tuyau-en-silicone-pour-vaporisateurs-de-table\/"},"modified":"2025-12-23T12:36:39","modified_gmt":"2025-12-23T10:36:39","slug":"adaptateur-bong-a-tuyau-en-silicone-pour-vaporisateurs-de-table","status":"publish","type":"product","link":"https:\/\/www.budream.com\/fr\/shop\/adaptateur-bong-a-tuyau-en-silicone-pour-vaporisateurs-de-table\/","title":{"rendered":"ADAPTATEUR BONG \u00c0 TUYAU EN SILICONE POUR VAPORISATEURS DE TABLE"},"content":{"rendered":"<p>Adaptateur pour vaporisateurs de table \u00e9quip\u00e9s d&rsquo;un tuyau en silicone. <br \/>Bouchon m\u00e2le 3 en 1 pour bongs avec bouchon femelle 10mm 14mm 18mm.<\/p>\n<h2><span style=\"text-decoration: underline\"><span style=\"font-size: 14pt\">Adaptateur du bang au tuyau en silicone pour vaporisateurs :<\/span><br \/><\/span><\/h2>\n<ul style=\"list-style-type: disc\">\n<li>DIAM\u00c8TRE DU TUBE : 8MM.<\/li>\n<li>Parfait pour tous les VAPORITE, EXTREME-Q, V-TOWER et beaucoup d&rsquo;autres vaporisateurs de table.<\/li>\n<li>Raccord m\u00e2le 3-en-1 10mm, 14mm et 18mm<\/li>\n<\/ul>\n","protected":false},"excerpt":{"rendered":"<p>Adaptateur pour vaporisateurs de table \u00e9quip\u00e9s d&rsquo;un tuyau en silicone. Bouchon m\u00e2le 3 en 1 pour bongs avec bouchon femelle<\/p>\n","protected":false},"featured_media":127077,"comment_status":"open","ping_status":"closed","template":"","meta":[],"product_brand":[],"product_cat":[7910],"product_tag":[],"class_list":{"0":"post-127082","1":"product","2":"type-product","3":"status-publish","4":"has-post-thumbnail","6":"product_cat-vaporisateurs","8":"first","9":"instock","10":"sale","11":"taxable","12":"shipping-taxable","13":"purchasable","14":"product-type-simple"},"_links":{"self":[{"href":"https:\/\/www.budream.com\/fr\/wp-json\/wp\/v2\/product\/127082","targetHints":{"allow":["GET"]}}],"collection":[{"href":"https:\/\/www.budream.com\/fr\/wp-json\/wp\/v2\/product"}],"about":[{"href":"https:\/\/www.budream.com\/fr\/wp-json\/wp\/v2\/types\/product"}],"replies":[{"embeddable":true,"href":"https:\/\/www.budream.com\/fr\/wp-json\/wp\/v2\/comments?post=127082"}],"version-history":[{"count":0,"href":"https:\/\/www.budream.com\/fr\/wp-json\/wp\/v2\/product\/127082\/revisions"}],"wp:featuredmedia":[{"embeddable":true,"href":"https:\/\/www.budream.com\/fr\/wp-json\/wp\/v2\/media\/127077"}],"wp:attachment":[{"href":"https:\/\/www.budream.com\/fr\/wp-json\/wp\/v2\/media?parent=127082"}],"wp:term":[{"taxonomy":"product_brand","embeddable":true,"href":"https:\/\/www.budream.com\/fr\/wp-json\/wp\/v2\/product_brand?post=127082"},{"taxonomy":"product_cat","embeddable":true,"href":"https:\/\/www.budream.com\/fr\/wp-json\/wp\/v2\/product_cat?post=127082"},{"taxonomy":"product_tag","embeddable":true,"href":"https:\/\/www.budream.com\/fr\/wp-json\/wp\/v2\/product_tag?post=127082"}],"curies":[{"name":"wp","href":"https:\/\/api.w.org\/{rel}","templated":true}]}}