{"id":127232,"date":"2025-07-30T20:31:31","date_gmt":"2025-07-30T18:31:31","guid":{"rendered":"https:\/\/www.budream.com\/shop\/macerat-dortie-1l-presto-bio\/"},"modified":"2025-10-14T17:14:53","modified_gmt":"2025-10-14T15:14:53","slug":"macerat-dortie-1l-presto-bio","status":"publish","type":"product","link":"https:\/\/www.budream.com\/fr\/shop\/macerat-dortie-1l-presto-bio\/","title":{"rendered":"MAC\u00c9RAT D&rsquo;ORTIE 1L PRESTO BIO"},"content":{"rendered":"<p>Peut \u00eatre utilis\u00e9 sur les l\u00e9gumes, les petits fruits, les fleurs, les pelouses, les vignes.<br \/>Produit v\u00e9g\u00e9tal ferment\u00e9 \u00e0 base d&rsquo;ortie.<br \/>Recette traditionnelle stabilis\u00e9e.<\/p>\n<p>Favorise l&rsquo;enracinement apr\u00e8s la transplantation.<br \/>Id\u00e9al pour la photosynth\u00e8se.<\/p>\n<p>Cette pr\u00e9paration naturelle PRESTOBIO&reg; stabilis\u00e9e<sup>,<\/sup> utilisable en agriculture biologique, s&rsquo;utilise en compl\u00e9ment de vos engrais organo-min\u00e9raux habituels. Ce produit v\u00e9g\u00e9tal ferment\u00e9 est obtenu selon des m\u00e9thodes traditionnelles de fermentation et de filtration \u00e0 base d&rsquo;ortie et d&rsquo;eau.<\/p>\n<p><strong>Mode d&#8217;emploi<\/strong><br \/>L\u00e9gumes et petits fruits : poivrons, tomates, aubergines, courgettes, haricots, pois, pommes de terre, choux, brocolis, oignons, \u00e9chalotes, ail, poireaux, radis, betteraves, fraises, framboises, etc.<br \/>Fleurs : roses, g\u00e9raniums, p\u00e9tunias&#8230;<br \/>Pelouses &#8211; Vignes.<\/p>\n<div class=\"fck\">\n<p><strong>Agiter avant emploi.<\/strong><\/p>\n<p><strong>Pulv\u00e9risation foliaire<\/strong>: sur les jeunes plants 2 fois par semaine, puis tous les 15 jours sur les l\u00e9gumes ou les fleurs.<br \/><strong>Arrosage<\/strong>: au pied des jeunes plants, 2 fois \u00e0 7 jours d&rsquo;intervalle.<\/p>\n<p><strong>Dosage :<\/strong> <br \/>pulv\u00e9risation : 100 ml pour 5 litres d&rsquo;eau<br \/>mouillage : 250 ml pour 5 litres d&rsquo;eau<\/p>\n<p>Poids net : 1000 g<br \/>Volume net : 1 litre<\/p>\n<p><strong>Information du consommateur : <\/strong>ne pas utiliser le produit pur, non dilu\u00e9.<br \/>Respecter les doses prescrites.<br \/>D\u00e9lai minimum entre 2 traitements : 7 jours<br \/>Chaque culture trait\u00e9e avec le produit peut \u00eatre r\u00e9colt\u00e9e 2 jours apr\u00e8s le traitement.<br \/>Pulv\u00e9riser (spray) sur le feuillage en veillant \u00e0 ce que les gouttelettes soient tr\u00e8s fines, le soir \u00e0 l&rsquo;abri des pics de chaleur.<\/p>\n<\/div>\n<div class=\"rea\"><\/div>\n","protected":false},"excerpt":{"rendered":"<p>Peut \u00eatre utilis\u00e9 sur les l\u00e9gumes, les petits fruits, les fleurs, les pelouses, les vignes.Produit v\u00e9g\u00e9tal ferment\u00e9 \u00e0 base d&rsquo;ortie.Recette<\/p>\n","protected":false},"featured_media":127227,"comment_status":"open","ping_status":"closed","template":"","meta":[],"product_brand":[],"product_cat":[3095],"product_tag":[],"class_list":{"0":"post-127232","1":"product","2":"type-product","3":"status-publish","4":"has-post-thumbnail","6":"product_cat-antiparassitari-e-difesa","8":"first","9":"outofstock","10":"taxable","11":"shipping-taxable","12":"purchasable","13":"product-type-simple"},"aioseo_notices":[],"_links":{"self":[{"href":"https:\/\/www.budream.com\/fr\/wp-json\/wp\/v2\/product\/127232","targetHints":{"allow":["GET"]}}],"collection":[{"href":"https:\/\/www.budream.com\/fr\/wp-json\/wp\/v2\/product"}],"about":[{"href":"https:\/\/www.budream.com\/fr\/wp-json\/wp\/v2\/types\/product"}],"replies":[{"embeddable":true,"href":"https:\/\/www.budream.com\/fr\/wp-json\/wp\/v2\/comments?post=127232"}],"version-history":[{"count":0,"href":"https:\/\/www.budream.com\/fr\/wp-json\/wp\/v2\/product\/127232\/revisions"}],"wp:featuredmedia":[{"embeddable":true,"href":"https:\/\/www.budream.com\/fr\/wp-json\/wp\/v2\/media\/127227"}],"wp:attachment":[{"href":"https:\/\/www.budream.com\/fr\/wp-json\/wp\/v2\/media?parent=127232"}],"wp:term":[{"taxonomy":"product_brand","embeddable":true,"href":"https:\/\/www.budream.com\/fr\/wp-json\/wp\/v2\/product_brand?post=127232"},{"taxonomy":"product_cat","embeddable":true,"href":"https:\/\/www.budream.com\/fr\/wp-json\/wp\/v2\/product_cat?post=127232"},{"taxonomy":"product_tag","embeddable":true,"href":"https:\/\/www.budream.com\/fr\/wp-json\/wp\/v2\/product_tag?post=127232"}],"curies":[{"name":"wp","href":"https:\/\/api.w.org\/{rel}","templated":true}]}}