{"id":127242,"date":"2025-07-30T20:32:00","date_gmt":"2025-07-30T18:32:00","guid":{"rendered":"https:\/\/www.budream.com\/shop\/traitement-des-maladies-fongiques-des-petits-fruits-et-legumes-750ml-avec-pulverisateur\/"},"modified":"2026-03-25T13:02:58","modified_gmt":"2026-03-25T11:02:58","slug":"traitement-des-maladies-fongiques-des-petits-fruits-et-legumes-750ml-avec-pulverisateur","status":"publish","type":"product","link":"https:\/\/www.budream.com\/fr\/shop\/traitement-des-maladies-fongiques-des-petits-fruits-et-legumes-750ml-avec-pulverisateur\/","title":{"rendered":"TRAITEMENT DES MALADIES FONGIQUES DES PETITS FRUITS ET L\u00c9GUMES 750ML AVEC PULV\u00c9RISATEUR"},"content":{"rendered":"<p><strong>Action pr\u00e9ventive et curative contre l&rsquo;o\u00efdium et le mildiou<br \/><\/strong><\/p>\n<p>Les substances de base sont des substances actives naturellement pr\u00e9sentes dans l&rsquo;environnement. Elles peuvent \u00eatre d&rsquo;origine alimentaire, v\u00e9g\u00e9tale, animale ou min\u00e9rale.<\/p>\n<div class=\"fck\">\n<p><strong>LE BICARBONATE DE SOUDE ET LA L\u00c9CITHINE<\/strong><br \/>Le bicarbonate de soude est connu pour ses nombreuses vertus. Il peut \u00eatre utilis\u00e9 \u00e0 la maison pour nettoyer les feuilles des plantes (il \u00e9limine efficacement les poussi\u00e8res, les graisses et les d\u00e9p\u00f4ts dus \u00e0 la pollution).<br \/>Appliqu\u00e9 d\u00e8s l&rsquo;apparition des premiers sympt\u00f4mes, il permet de stopper le d\u00e9veloppement des maladies fongiques qui peuvent attaquer les plantes et de prolonger la dur\u00e9e de vie des fruits et l\u00e9gumes apr\u00e8s la r\u00e9colte.<br \/>La l\u00e9cithine est un lipide pr\u00e9sent dans le jaune d&rsquo;\u0153uf et dans certains v\u00e9g\u00e9taux comme le soja ou le tournesol. Elle poss\u00e8de \u00e9galement des propri\u00e9t\u00e9s antifongiques.<br \/>La combinaison du bicarbonate et de la l\u00e9cithine prot\u00e8ge les plantes de jardin, les petits fruits (framboises, groseilles, etc.) et les arbres fruitiers des maladies (o\u00efdium, mildiou) qui attaquent les feuilles et d\u00e9t\u00e9riorent les fruits et l\u00e9gumes.<\/p>\n<p><strong>PR\u00caT \u00c0 L&rsquo;EMPLOI<\/strong><\/p>\n<p><strong>Recommandations d&rsquo;utilisation<\/strong><br \/>Appliquer en l&rsquo;absence de vent et \u00e0 des temp\u00e9ratures mod\u00e9r\u00e9es. Ne pas appliquer dans les 5 jours pr\u00e9c\u00e9dant la r\u00e9colte. Appliquer au maximum 8 fois par an, avec des intervalles minimaux de 10 jours entre les applications. Bien laver les fruits et l\u00e9gumes avant de les consommer.<\/p>\n<p>Volume net : 750 ml<\/p>\n<p><strong>Composition :<\/strong> Bicarbonate de sodium (CAS No. 144-55-8) : 10 g\/l<br \/>L\u00e9cithine (n\u00b0 CAS 8002-43-5) : 1,5 g\/l<\/p>\n<p>Substance de base approuv\u00e9e en vertu du r\u00e8glement (CE) n\u00b0 1107\/2009 et des r\u00e8glements d&rsquo;ex\u00e9cution (UE) n\u00b0 1116\/2015 et n\u00b0 2069\/2015. L&rsquo;utilisation de bicarbonate de sodium est autoris\u00e9e dans les conditions sp\u00e9cifiques \u00e9nonc\u00e9es dans le rapport d&rsquo;examen SANTE\/10667\/2015. L&rsquo;utilisation de l\u00e9cithines est autoris\u00e9e dans les conditions sp\u00e9cifiques \u00e9nonc\u00e9es dans le rapport d&rsquo;examen SANCO\/12798\/2014.<\/p>\n<\/div>\n<div class=\"rea\"><\/div>\n","protected":false},"excerpt":{"rendered":"<p>Action pr\u00e9ventive et curative contre l&rsquo;o\u00efdium et le mildiou Les substances de base sont des substances actives naturellement pr\u00e9sentes dans<\/p>\n","protected":false},"featured_media":127237,"comment_status":"open","ping_status":"closed","template":"","meta":[],"product_brand":[],"product_cat":[7928],"product_tag":[],"class_list":{"0":"post-127242","1":"product","2":"type-product","3":"status-publish","4":"has-post-thumbnail","6":"product_cat-antiparasitaires-et-defense","8":"first","9":"instock","10":"taxable","11":"shipping-taxable","12":"purchasable","13":"product-type-simple"},"aioseo_notices":[],"_links":{"self":[{"href":"https:\/\/www.budream.com\/fr\/wp-json\/wp\/v2\/product\/127242","targetHints":{"allow":["GET"]}}],"collection":[{"href":"https:\/\/www.budream.com\/fr\/wp-json\/wp\/v2\/product"}],"about":[{"href":"https:\/\/www.budream.com\/fr\/wp-json\/wp\/v2\/types\/product"}],"replies":[{"embeddable":true,"href":"https:\/\/www.budream.com\/fr\/wp-json\/wp\/v2\/comments?post=127242"}],"version-history":[{"count":0,"href":"https:\/\/www.budream.com\/fr\/wp-json\/wp\/v2\/product\/127242\/revisions"}],"wp:featuredmedia":[{"embeddable":true,"href":"https:\/\/www.budream.com\/fr\/wp-json\/wp\/v2\/media\/127237"}],"wp:attachment":[{"href":"https:\/\/www.budream.com\/fr\/wp-json\/wp\/v2\/media?parent=127242"}],"wp:term":[{"taxonomy":"product_brand","embeddable":true,"href":"https:\/\/www.budream.com\/fr\/wp-json\/wp\/v2\/product_brand?post=127242"},{"taxonomy":"product_cat","embeddable":true,"href":"https:\/\/www.budream.com\/fr\/wp-json\/wp\/v2\/product_cat?post=127242"},{"taxonomy":"product_tag","embeddable":true,"href":"https:\/\/www.budream.com\/fr\/wp-json\/wp\/v2\/product_tag?post=127242"}],"curies":[{"name":"wp","href":"https:\/\/api.w.org\/{rel}","templated":true}]}}