{"id":127307,"date":"2025-07-30T20:37:55","date_gmt":"2025-07-30T18:37:55","guid":{"rendered":"https:\/\/www.budream.com\/shop\/insecticide-pret-a-lemploi-a-large-spectre-pyrethre-jardin-ppo-500ml\/"},"modified":"2026-03-19T13:53:59","modified_gmt":"2026-03-19T11:53:59","slug":"insecticide-pret-a-lemploi-a-large-spectre-pyrethre-jardin-ppo-500ml","status":"publish","type":"product","link":"https:\/\/www.budream.com\/fr\/shop\/insecticide-pret-a-lemploi-a-large-spectre-pyrethre-jardin-ppo-500ml\/","title":{"rendered":"INSECTICIDE PR\u00caT \u00c0 L&rsquo;EMPLOI \u00c0 LARGE SPECTRE PYR\u00c8THRE JARDIN PPO 500ML"},"content":{"rendered":"<p>Insecticide pr\u00eat \u00e0 l&#8217;emploi contre les pucerons, les thrips, les col\u00e9opt\u00e8res et les aleurodid\u00e9s.<br \/>Produit phytosanitaire pour les plantes ornementales reg. no. 10816\/PPO<\/p>\n<p>Insecticide de contact \u00e0 base de pyr\u00e8thre naturel qui prot\u00e8ge les plantes \u00e0 fleurs (rose, azal\u00e9e, b\u00e9gonia, g\u00e9ranium, hortensia, laurier-rose), les plantes vertes d&rsquo;int\u00e9rieur (ficus, dracaena, philodendron, foug\u00e8re) et les plantes ornementales en g\u00e9n\u00e9ral de l&rsquo;action nocive d&rsquo;insectes tels que pucerons, aleurodid\u00e9s (mouches blanches), mouches \u00e0 scie, thrips, tingid\u00e9s, araign\u00e9es rouges, col\u00e9opt\u00e8res et larves de l\u00e9pidopt\u00e8res et d&rsquo;inf\u00e9od\u00e9s d\u00e9foliateurs.<\/p>\n<p>COMPOSITION (pour 100 g) pyr\u00e9thrines pures 0,075 g (= 0,75 g\/l), butoxyde de pip\u00e9ronyle 0,564 g ; coformulants q.b. \u00e0 g 100.<br \/>FORMULATION Liquide pr\u00eat \u00e0 l&#8217;emploi.<br \/>CONDITIONNEMENT Flacon de 500 ml avec g\u00e2chette.<\/p>\n<div id=\"isChromeWebToolbarDiv\"><\/div>\n","protected":false},"excerpt":{"rendered":"<p>Insecticide pr\u00eat \u00e0 l&#8217;emploi contre les pucerons, les thrips, les col\u00e9opt\u00e8res et les aleurodid\u00e9s.Produit phytosanitaire pour les plantes ornementales reg.<\/p>\n","protected":false},"featured_media":127302,"comment_status":"open","ping_status":"closed","template":"","meta":[],"product_brand":[],"product_cat":[7928],"product_tag":[],"class_list":{"0":"post-127307","1":"product","2":"type-product","3":"status-publish","4":"has-post-thumbnail","6":"product_cat-antiparasitaires-et-defense","8":"first","9":"instock","10":"taxable","11":"shipping-taxable","12":"purchasable","13":"product-type-simple"},"aioseo_notices":[],"_links":{"self":[{"href":"https:\/\/www.budream.com\/fr\/wp-json\/wp\/v2\/product\/127307","targetHints":{"allow":["GET"]}}],"collection":[{"href":"https:\/\/www.budream.com\/fr\/wp-json\/wp\/v2\/product"}],"about":[{"href":"https:\/\/www.budream.com\/fr\/wp-json\/wp\/v2\/types\/product"}],"replies":[{"embeddable":true,"href":"https:\/\/www.budream.com\/fr\/wp-json\/wp\/v2\/comments?post=127307"}],"version-history":[{"count":0,"href":"https:\/\/www.budream.com\/fr\/wp-json\/wp\/v2\/product\/127307\/revisions"}],"wp:featuredmedia":[{"embeddable":true,"href":"https:\/\/www.budream.com\/fr\/wp-json\/wp\/v2\/media\/127302"}],"wp:attachment":[{"href":"https:\/\/www.budream.com\/fr\/wp-json\/wp\/v2\/media?parent=127307"}],"wp:term":[{"taxonomy":"product_brand","embeddable":true,"href":"https:\/\/www.budream.com\/fr\/wp-json\/wp\/v2\/product_brand?post=127307"},{"taxonomy":"product_cat","embeddable":true,"href":"https:\/\/www.budream.com\/fr\/wp-json\/wp\/v2\/product_cat?post=127307"},{"taxonomy":"product_tag","embeddable":true,"href":"https:\/\/www.budream.com\/fr\/wp-json\/wp\/v2\/product_tag?post=127307"}],"curies":[{"name":"wp","href":"https:\/\/api.w.org\/{rel}","templated":true}]}}