{"id":127347,"date":"2025-07-30T20:41:05","date_gmt":"2025-07-30T18:41:05","guid":{"rendered":"https:\/\/www.budream.com\/shop\/boundless-tera-v3-vaporisateur-portable\/"},"modified":"2025-12-23T12:52:54","modified_gmt":"2025-12-23T10:52:54","slug":"boundless-tera-v3-vaporisateur-portable","status":"publish","type":"product","link":"https:\/\/www.budream.com\/fr\/shop\/boundless-tera-v3-vaporisateur-portable\/","title":{"rendered":"BOUNDLESS &#8211; TERA V3 VAPORISATEUR PORTABLE"},"content":{"rendered":"<p class=\"p1\">Boundless <strong>Tera est <\/strong> le nouveau vaporisateur \u00e0 convection totale de BOUNDLESS, avec <strong>deux batteries<\/strong> au lithium <strong>18650<\/strong> rempla\u00e7ables, un contr\u00f4le total de la temp\u00e9rature, des \u00e9l\u00e9ments magn\u00e9tiques faciles \u00e0 nettoyer et un syst\u00e8me de convection r\u00e9volutionnaire !<br \/>Avec un design compact et une construction durable, <strong>le Boundless Tera est <\/strong> parfait pour ceux qui utilisent le vaporisateur toute la journ\u00e9e et qui ne veulent pas renoncer \u00e0 la qualit\u00e9 de la technologie de vaporisation par convection.<\/p>\n<h2 class=\"p1\"><strong><span style=\"text-decoration: underline\">Caract\u00e9ristiques principales Boundless Tera V3<\/span>:<\/strong><\/h2>\n<ul style=\"list-style-type: disc\">\n<li>Un vaporisateur \u00e0 convection 100% portable, compact, ergonomique et puissant.<\/li>\n<li class=\"p1\">Les deux batteries au lithium 18650 de 2500 mAh garantissent une grande puissance et une durabilit\u00e9 de la premi\u00e8re \u00e0 la derni\u00e8re session ;<\/li>\n<li class=\"p1\">La chambre de vaporisation en acier inoxydable est tr\u00e8s spacieuse, dans le style BOUNDLESS, et permet une vaporisation parfaite, par convection et transfert de chaleur radiative, de la premi\u00e8re \u00e0 la derni\u00e8re bouff\u00e9e.<\/li>\n<li class=\"p1\">L&#8217;embout de remplacement en verre, l&rsquo;adaptateur pour bongs et filtres \u00e0 eau et le tampon en acier inoxydable pour extraits et concentr\u00e9s le rendent parfait pour toutes les occasions !<\/li>\n<\/ul>\n<p><\/p>\n<h2 class=\"p1\"><strong><span style=\"text-decoration: underline\">Caract\u00e9ristiques techniques Boundless Tera V3<\/span>:<\/strong><\/h2>\n<ul style=\"list-style-type: disc\">\n<li>Vapeurs : Herbes s\u00e9ch\u00e9es et concentr\u00e9s<\/li>\n<li>Niveaux de temp\u00e9rature : 60&deg; &#8211; 230&deg; C<\/li>\n<li>Vitesse de chauffe : 30 secondes<\/li>\n<li>Syst\u00e8me de chauffage : Convection<\/li>\n<li>Mat\u00e9riau de la chambre de combustion : acier inoxydable<\/li>\n<li>Capacit\u00e9 de la batterie : entre 1 et 2 heures<\/li>\n<li>Temps de charge : 2 \u00e0 3 heures<\/li>\n<li>Chargeurs compatibles : USB et chargeur<\/li>\n<li>Dimensions : 5,7 x 10,7 cm<\/li>\n<li>Poids : 279 g<\/li>\n<\/ul>\n<p><span style=\"text-decoration: underline\"><strong><span style=\"font-size: 12pt\">INCLUS DANS LA BO\u00ceTE<\/span>:<\/strong><\/span><\/p>\n<ul style=\"list-style-type: disc\">\n<li>vaporisateur Boundless Tera V3<\/li>\n<li>manuel d&rsquo;instruction<\/li>\n<li>c\u00e2ble USB<\/li>\n<li>2 batteries 18650<\/li>\n<li>embout en plastique<\/li>\n<li>embout en verre<\/li>\n<li>tampon d&rsquo;extraction<\/li>\n<li>dabber<\/li>\n<li>brosse de nettoyage<\/li>\n<li>filets de remplacement<\/li>\n<\/ul>\n","protected":false},"excerpt":{"rendered":"<p>Boundless Tera est le nouveau vaporisateur \u00e0 convection totale de BOUNDLESS, avec deux batteries au lithium 18650 rempla\u00e7ables, un contr\u00f4le<\/p>\n","protected":false},"featured_media":127332,"comment_status":"open","ping_status":"closed","template":"","meta":[],"product_brand":[],"product_cat":[1179],"product_tag":[],"class_list":{"0":"post-127347","1":"product","2":"type-product","3":"status-publish","4":"has-post-thumbnail","6":"product_cat-vaporizzatori","8":"first","9":"outofstock","10":"taxable","11":"shipping-taxable","12":"purchasable","13":"product-type-simple"},"aioseo_notices":[],"_links":{"self":[{"href":"https:\/\/www.budream.com\/fr\/wp-json\/wp\/v2\/product\/127347","targetHints":{"allow":["GET"]}}],"collection":[{"href":"https:\/\/www.budream.com\/fr\/wp-json\/wp\/v2\/product"}],"about":[{"href":"https:\/\/www.budream.com\/fr\/wp-json\/wp\/v2\/types\/product"}],"replies":[{"embeddable":true,"href":"https:\/\/www.budream.com\/fr\/wp-json\/wp\/v2\/comments?post=127347"}],"version-history":[{"count":0,"href":"https:\/\/www.budream.com\/fr\/wp-json\/wp\/v2\/product\/127347\/revisions"}],"wp:featuredmedia":[{"embeddable":true,"href":"https:\/\/www.budream.com\/fr\/wp-json\/wp\/v2\/media\/127332"}],"wp:attachment":[{"href":"https:\/\/www.budream.com\/fr\/wp-json\/wp\/v2\/media?parent=127347"}],"wp:term":[{"taxonomy":"product_brand","embeddable":true,"href":"https:\/\/www.budream.com\/fr\/wp-json\/wp\/v2\/product_brand?post=127347"},{"taxonomy":"product_cat","embeddable":true,"href":"https:\/\/www.budream.com\/fr\/wp-json\/wp\/v2\/product_cat?post=127347"},{"taxonomy":"product_tag","embeddable":true,"href":"https:\/\/www.budream.com\/fr\/wp-json\/wp\/v2\/product_tag?post=127347"}],"curies":[{"name":"wp","href":"https:\/\/api.w.org\/{rel}","templated":true}]}}