{"id":127367,"date":"2025-07-30T20:42:12","date_gmt":"2025-07-30T18:42:12","guid":{"rendered":"https:\/\/www.budream.com\/shop\/bracelet-universel-en-titane-10-14-18mm-male-female-domeless-sans-ampulse\/"},"modified":"2026-02-06T15:43:23","modified_gmt":"2026-02-06T13:43:23","slug":"bracelet-universel-en-titane-10-14-18mm-male-female-domeless-sans-ampulse","status":"publish","type":"product","link":"https:\/\/www.budream.com\/fr\/shop\/bracelet-universel-en-titane-10-14-18mm-male-female-domeless-sans-ampulse\/","title":{"rendered":"BRACELET UNIVERSEL EN TITANE | 10\/14\/18mm MALE\/FEMALE DOMELESS SANS AMPULSE"},"content":{"rendered":"<p class=\"p1\"><span class=\"s1\">Enfin un brasero en titane qui ne n\u00e9cessite pas l&rsquo;utilisation de l&rsquo;incommode ampoule de verre et qui s&rsquo;adapte \u00e0 la plupart des bongs et rigs du march\u00e9 !<\/p>\n<p>brasero en titane &lsquo;domeless&rsquo; avec adaptateur m\u00e2le et femelle de 10\/14\/18 mm.<\/span><\/p>\n<h2 class=\"p2\"><span style=\"text-decoration: underline\"><strong>Configurations du brasero en titane<\/strong>:<\/span><\/h2>\n<ul style=\"list-style-type: disc\">\n<li class=\"p1\"><span class=\"s1\">10 mm m\u00e2le<\/span><\/li>\n<li class=\"p1\"><span class=\"s1\">10mm<span class=\"Apple-converted-space\"> femelle <\/span><\/span><\/li>\n<li class=\"p1\"><span class=\"s1\">14 mm m\u00e2le<\/span><\/li>\n<li class=\"p1\"><span class=\"s1\">14 mm femelle<\/span><\/li>\n<li class=\"p1\"><span class=\"s1\">18 mm m\u00e2le<\/span><\/li>\n<li class=\"p1\"><span class=\"s1\">18 mm femelle<\/span><\/li>\n<\/ul>\n","protected":false},"excerpt":{"rendered":"<p>Enfin un brasero en titane qui ne n\u00e9cessite pas l&rsquo;utilisation de l&rsquo;incommode ampoule de verre et qui s&rsquo;adapte \u00e0 la<\/p>\n","protected":false},"featured_media":127362,"comment_status":"open","ping_status":"closed","template":"","meta":[],"product_brand":[],"product_cat":[1173],"product_tag":[],"class_list":{"0":"post-127367","1":"product","2":"type-product","3":"status-publish","4":"has-post-thumbnail","6":"product_cat-headshop","8":"first","9":"instock","10":"taxable","11":"shipping-taxable","12":"purchasable","13":"product-type-simple"},"aioseo_notices":[],"_links":{"self":[{"href":"https:\/\/www.budream.com\/fr\/wp-json\/wp\/v2\/product\/127367","targetHints":{"allow":["GET"]}}],"collection":[{"href":"https:\/\/www.budream.com\/fr\/wp-json\/wp\/v2\/product"}],"about":[{"href":"https:\/\/www.budream.com\/fr\/wp-json\/wp\/v2\/types\/product"}],"replies":[{"embeddable":true,"href":"https:\/\/www.budream.com\/fr\/wp-json\/wp\/v2\/comments?post=127367"}],"version-history":[{"count":0,"href":"https:\/\/www.budream.com\/fr\/wp-json\/wp\/v2\/product\/127367\/revisions"}],"wp:featuredmedia":[{"embeddable":true,"href":"https:\/\/www.budream.com\/fr\/wp-json\/wp\/v2\/media\/127362"}],"wp:attachment":[{"href":"https:\/\/www.budream.com\/fr\/wp-json\/wp\/v2\/media?parent=127367"}],"wp:term":[{"taxonomy":"product_brand","embeddable":true,"href":"https:\/\/www.budream.com\/fr\/wp-json\/wp\/v2\/product_brand?post=127367"},{"taxonomy":"product_cat","embeddable":true,"href":"https:\/\/www.budream.com\/fr\/wp-json\/wp\/v2\/product_cat?post=127367"},{"taxonomy":"product_tag","embeddable":true,"href":"https:\/\/www.budream.com\/fr\/wp-json\/wp\/v2\/product_tag?post=127367"}],"curies":[{"name":"wp","href":"https:\/\/api.w.org\/{rel}","templated":true}]}}