{"id":127392,"date":"2025-07-30T20:44:57","date_gmt":"2025-07-30T18:44:57","guid":{"rendered":"https:\/\/www.budream.com\/shop\/davinci-miqro-series-flat-mouthpiece\/"},"modified":"2025-12-23T21:22:48","modified_gmt":"2025-12-23T19:22:48","slug":"davinci-miqro-series-flat-mouthpiece","status":"publish","type":"product","link":"https:\/\/www.budream.com\/fr\/shop\/davinci-miqro-series-flat-mouthpiece\/","title":{"rendered":"DAVINCI &#8211; MIQRO SERIES FLAT MOUTHPIECE"},"content":{"rendered":"<p>Fabriqu\u00e9 en c\u00e9ramique 100% zircone, cet embout vous permet de profiter de la saveur la plus pure \u00e0 chaque s\u00e9ance.<br \/>L&#8217;embout plat reste plus propre et rend le vaporisateur plus facile \u00e0 transporter.<\/p>\n<h2><span style=\"text-decoration: underline\">DAVINCI &#8211; embout plat de la s\u00e9rie miqro :<\/span><\/h2>\n<ul style=\"list-style-type: disc\">\n<li>embout plat pour MIQRO et MIQRO-C<\/li>\n<li>100% zircone<\/li>\n<li>bouchon en silicone NON inclus<\/li>\n<\/ul>\n","protected":false},"excerpt":{"rendered":"<p>Fabriqu\u00e9 en c\u00e9ramique 100% zircone, cet embout vous permet de profiter de la saveur la plus pure \u00e0 chaque s\u00e9ance.L&#8217;embout<\/p>\n","protected":false},"featured_media":127387,"comment_status":"open","ping_status":"closed","template":"","meta":[],"product_brand":[],"product_cat":[7910],"product_tag":[],"class_list":{"0":"post-127392","1":"product","2":"type-product","3":"status-publish","4":"has-post-thumbnail","6":"product_cat-vaporisateurs","8":"first","9":"instock","10":"sale","11":"taxable","12":"shipping-taxable","13":"purchasable","14":"product-type-simple"},"aioseo_notices":[],"_links":{"self":[{"href":"https:\/\/www.budream.com\/fr\/wp-json\/wp\/v2\/product\/127392","targetHints":{"allow":["GET"]}}],"collection":[{"href":"https:\/\/www.budream.com\/fr\/wp-json\/wp\/v2\/product"}],"about":[{"href":"https:\/\/www.budream.com\/fr\/wp-json\/wp\/v2\/types\/product"}],"replies":[{"embeddable":true,"href":"https:\/\/www.budream.com\/fr\/wp-json\/wp\/v2\/comments?post=127392"}],"version-history":[{"count":0,"href":"https:\/\/www.budream.com\/fr\/wp-json\/wp\/v2\/product\/127392\/revisions"}],"wp:featuredmedia":[{"embeddable":true,"href":"https:\/\/www.budream.com\/fr\/wp-json\/wp\/v2\/media\/127387"}],"wp:attachment":[{"href":"https:\/\/www.budream.com\/fr\/wp-json\/wp\/v2\/media?parent=127392"}],"wp:term":[{"taxonomy":"product_brand","embeddable":true,"href":"https:\/\/www.budream.com\/fr\/wp-json\/wp\/v2\/product_brand?post=127392"},{"taxonomy":"product_cat","embeddable":true,"href":"https:\/\/www.budream.com\/fr\/wp-json\/wp\/v2\/product_cat?post=127392"},{"taxonomy":"product_tag","embeddable":true,"href":"https:\/\/www.budream.com\/fr\/wp-json\/wp\/v2\/product_tag?post=127392"}],"curies":[{"name":"wp","href":"https:\/\/api.w.org\/{rel}","templated":true}]}}