{"id":127402,"date":"2025-07-30T20:45:27","date_gmt":"2025-07-30T18:45:27","guid":{"rendered":"https:\/\/www.budream.com\/shop\/davinci-kit-daccessoires-serie-miqro\/"},"modified":"2025-12-23T21:25:50","modified_gmt":"2025-12-23T19:25:50","slug":"davinci-kit-daccessoires-serie-miqro","status":"publish","type":"product","link":"https:\/\/www.budream.com\/fr\/shop\/davinci-kit-daccessoires-serie-miqro\/","title":{"rendered":"DAVINCI &#8211; KIT D&rsquo;ACCESSOIRES S\u00c9RIE MIQRO"},"content":{"rendered":"<p>Tout ce dont vous avez besoin pour nettoyer et entretenir correctement votre MIQRO et MIQRO-C ! Kit d&rsquo;usure pour votre vaporisateur pr\u00e9f\u00e9r\u00e9.<\/p>\n<p><\/p>\n<h2><span style=\"text-decoration: underline\">Le kit d&rsquo;accessoires Davinci &#8211; Miqro contient :<\/span><\/h2>\n<ul style=\"list-style-type: disc\">\n<li>4 lingettes imbib\u00e9es d&rsquo;alcool isopropylique ;<\/li>\n<li>4 cure-pipes ;<\/li>\n<li>1 porte-tampon avec anneau ;<\/li>\n<li>1 kit de remplacement pour Pearl ;<\/li>\n<\/ul>\n","protected":false},"excerpt":{"rendered":"<p>Tout ce dont vous avez besoin pour nettoyer et entretenir correctement votre MIQRO et MIQRO-C ! Kit d&rsquo;usure pour votre<\/p>\n","protected":false},"featured_media":127397,"comment_status":"open","ping_status":"closed","template":"","meta":[],"product_brand":[],"product_cat":[7910],"product_tag":[],"class_list":{"0":"post-127402","1":"product","2":"type-product","3":"status-publish","4":"has-post-thumbnail","6":"product_cat-vaporisateurs","8":"first","9":"instock","10":"sale","11":"taxable","12":"shipping-taxable","13":"purchasable","14":"product-type-simple"},"aioseo_notices":[],"_links":{"self":[{"href":"https:\/\/www.budream.com\/fr\/wp-json\/wp\/v2\/product\/127402","targetHints":{"allow":["GET"]}}],"collection":[{"href":"https:\/\/www.budream.com\/fr\/wp-json\/wp\/v2\/product"}],"about":[{"href":"https:\/\/www.budream.com\/fr\/wp-json\/wp\/v2\/types\/product"}],"replies":[{"embeddable":true,"href":"https:\/\/www.budream.com\/fr\/wp-json\/wp\/v2\/comments?post=127402"}],"version-history":[{"count":0,"href":"https:\/\/www.budream.com\/fr\/wp-json\/wp\/v2\/product\/127402\/revisions"}],"wp:featuredmedia":[{"embeddable":true,"href":"https:\/\/www.budream.com\/fr\/wp-json\/wp\/v2\/media\/127397"}],"wp:attachment":[{"href":"https:\/\/www.budream.com\/fr\/wp-json\/wp\/v2\/media?parent=127402"}],"wp:term":[{"taxonomy":"product_brand","embeddable":true,"href":"https:\/\/www.budream.com\/fr\/wp-json\/wp\/v2\/product_brand?post=127402"},{"taxonomy":"product_cat","embeddable":true,"href":"https:\/\/www.budream.com\/fr\/wp-json\/wp\/v2\/product_cat?post=127402"},{"taxonomy":"product_tag","embeddable":true,"href":"https:\/\/www.budream.com\/fr\/wp-json\/wp\/v2\/product_tag?post=127402"}],"curies":[{"name":"wp","href":"https:\/\/api.w.org\/{rel}","templated":true}]}}