{"id":127452,"date":"2025-07-30T20:48:04","date_gmt":"2025-07-30T18:48:04","guid":{"rendered":"https:\/\/www.budream.com\/shop\/enecta-c300-huile-de-chanvre-avec-cbd-10ml-300mg\/"},"modified":"2026-03-25T20:01:01","modified_gmt":"2026-03-25T18:01:01","slug":"enecta-c300-huile-de-chanvre-avec-cbd-10ml-300mg","status":"publish","type":"product","link":"https:\/\/www.budream.com\/fr\/shop\/enecta-c300-huile-de-chanvre-avec-cbd-10ml-300mg\/","title":{"rendered":"ENECTA &#8211; C300 HUILE DE CHANVRE AVEC CBD | 10ml 300mg"},"content":{"rendered":"<p>L&rsquo;huile de CBD Enecta est produite et test\u00e9e dans des laboratoires sp\u00e9cialis\u00e9s et certifi\u00e9s en termes de <strong>puret\u00e9 et de s\u00e9curit\u00e9<\/strong>, selon des r\u00e8gles strictes et rigoureuses impos\u00e9es par la certification GMP (Good Manufacturing Practices), et est totalement exempte d&rsquo;ingr\u00e9dients synth\u00e9tiques.<\/p>\n<p><strong><i>Produits Enecta :<\/i><\/strong><\/p>\n<ul style=\"list-style-type: disc\">\n<li>ne sont pas m\u00e9dicinaux ;<\/li>\n<li>sont obtenus \u00e0 partir de vari\u00e9t\u00e9s de chanvre inscrites au registre commun europ\u00e9en et en conformit\u00e9 avec les autres exigences de la l. 242\/2016<\/li>\n<li>sont destin\u00e9s \u00e0 un usage cosm\u00e9tique non oral<\/li>\n<li><i>ont \u00e9t\u00e9 d\u00fbment notifi\u00e9s dans le CPNP (Portail europ\u00e9en des produits cosm\u00e9tiques) (<\/i><a href=\"https:\/\/drive.google.com\/file\/d\/1ldmVRvnVI9yfp8kjdrScnWPyP7RFQ1WV\/view?usp=sharing\">num\u00e9ro d&rsquo;enregistrement 2856959<\/a>).<\/li>\n<\/ul>\n<p><\/p>\n<h2><span style=\"text-decoration: underline\">ENECTA C300 HUILE DE CHANVRE AVEC CBD<\/span>:<\/h2>\n<p>Huile de graines de chanvre press\u00e9e \u00e0 froid, Cannabidiol, Terp\u00e8nes, Vitamine E, autres mol\u00e9cules de chanvre naturellement pr\u00e9sentes dans l&rsquo;extrait.<\/p>\n<p>Chaque bouteille contient 10 ml d&rsquo;extrait de cannabis biologique avec <strong>3% de CBD<\/strong> (300 mg).<\/p>\n<p>Obtenu \u00e0 partir de graines de chanvre sativa press\u00e9es \u00e0 froid.<\/p>\n<p>C300 contient des ingr\u00e9dients de la plus haute qualit\u00e9 et puret\u00e9, dont les propri\u00e9t\u00e9s agissent en synergie pour cr\u00e9er l&rsquo;effet apaisant.<br \/>A conserver dans un endroit frais et sec.<\/p>\n<p><strong>Contient 300 mg de CBD<\/strong>.<\/p>\n","protected":false},"excerpt":{"rendered":"<p>L&rsquo;huile de CBD Enecta est produite et test\u00e9e dans des laboratoires sp\u00e9cialis\u00e9s et certifi\u00e9s en termes de puret\u00e9 et de<\/p>\n","protected":false},"featured_media":127447,"comment_status":"open","ping_status":"closed","template":"","meta":[],"product_brand":[],"product_cat":[7913],"product_tag":[],"class_list":{"0":"post-127452","1":"product","2":"type-product","3":"status-publish","4":"has-post-thumbnail","6":"product_cat-cosmetiques","8":"first","9":"instock","10":"taxable","11":"shipping-taxable","12":"purchasable","13":"product-type-simple"},"_links":{"self":[{"href":"https:\/\/www.budream.com\/fr\/wp-json\/wp\/v2\/product\/127452","targetHints":{"allow":["GET"]}}],"collection":[{"href":"https:\/\/www.budream.com\/fr\/wp-json\/wp\/v2\/product"}],"about":[{"href":"https:\/\/www.budream.com\/fr\/wp-json\/wp\/v2\/types\/product"}],"replies":[{"embeddable":true,"href":"https:\/\/www.budream.com\/fr\/wp-json\/wp\/v2\/comments?post=127452"}],"version-history":[{"count":0,"href":"https:\/\/www.budream.com\/fr\/wp-json\/wp\/v2\/product\/127452\/revisions"}],"wp:featuredmedia":[{"embeddable":true,"href":"https:\/\/www.budream.com\/fr\/wp-json\/wp\/v2\/media\/127447"}],"wp:attachment":[{"href":"https:\/\/www.budream.com\/fr\/wp-json\/wp\/v2\/media?parent=127452"}],"wp:term":[{"taxonomy":"product_brand","embeddable":true,"href":"https:\/\/www.budream.com\/fr\/wp-json\/wp\/v2\/product_brand?post=127452"},{"taxonomy":"product_cat","embeddable":true,"href":"https:\/\/www.budream.com\/fr\/wp-json\/wp\/v2\/product_cat?post=127452"},{"taxonomy":"product_tag","embeddable":true,"href":"https:\/\/www.budream.com\/fr\/wp-json\/wp\/v2\/product_tag?post=127452"}],"curies":[{"name":"wp","href":"https:\/\/api.w.org\/{rel}","templated":true}]}}