{"id":127487,"date":"2025-07-30T20:50:30","date_gmt":"2025-07-30T18:50:30","guid":{"rendered":"https:\/\/www.budream.com\/shop\/green-house-seed-co-sweet-valley-kush-fem-5-graines\/"},"modified":"2026-03-26T15:13:26","modified_gmt":"2026-03-26T13:13:26","slug":"green-house-seed-co-sweet-valley-kush-fem-5-graines","status":"publish","type":"product","link":"https:\/\/www.budream.com\/fr\/shop\/green-house-seed-co-sweet-valley-kush-fem-5-graines\/","title":{"rendered":"GREEN HOUSE SEED CO. &#8211; SWEET VALLEY KUSH FEM | 5 GRAINES"},"content":{"rendered":"<p>Green House Seeds nous offre un hybride fantastique avec sa Sweet Valley Kush. Elle est compos\u00e9e de g\u00e9n\u00e9tiques Afghan Kush et d&rsquo;une vari\u00e9t\u00e9 Hindu Kush provenant des montagnes \u00e9ponymes \u00e0 la fronti\u00e8re entre l&rsquo;Afghanistan et le Pakistan.<\/p>\n<h2><strong>Caract\u00e9ristiques Sweet Valley Kush Fem<\/strong><\/h2>\n<ul style=\"list-style-type: disc\">\n<li><strong>Genre :<\/strong> F\u00e9minis\u00e9e<\/li>\n<li><strong>G\u00e9notype :<\/strong> Hybride 80% Indica 20% Sativa<\/li>\n<li><strong>G\u00e9n\u00e9tique :<\/strong> Afghan Kush x Indu Kush<\/li>\n<li><strong>Jours :<\/strong> 56-63<\/li>\n<\/ul>\n<p><span style=\"font-size: 11pt\"><em><strong>ATTENTION :<\/strong> Les graines de chanvre sont exclues de la notion l\u00e9gale de Cannabis, ce qui signifie qu&rsquo;elles ne doivent pas \u00eatre consid\u00e9r\u00e9es comme une substance stup\u00e9fiante (L. 412 de 1974, Art. 1, paragraphe 1, lettre B ; Convention unique sur les stup\u00e9fiants de New York de 1961 et tableau II du d\u00e9cret minist\u00e9riel 27\/7\/1992). En Italie, la culture du chanvre est interdite (articles 28 et 73 du d\u00e9cret pr\u00e9sidentiel 309\/90), sauf autorisation sp\u00e9ciale (article 17 du d\u00e9cret pr\u00e9sidentiel 309\/90). En l&rsquo;absence d&rsquo;autorisation, les semences ne peuvent \u00eatre utilis\u00e9es qu&rsquo;\u00e0 d&rsquo;autres fins (zootechniques, de collection, etc.). Les semences sont vendues sous r\u00e9serve qu&rsquo;elles ne soient pas utilis\u00e9es par des tiers en contradiction avec la loi.<\/em><\/span><\/p>\n","protected":false},"excerpt":{"rendered":"<p>Green House Seeds nous offre un hybride fantastique avec sa Sweet Valley Kush. Elle est compos\u00e9e de g\u00e9n\u00e9tiques Afghan Kush<\/p>\n","protected":false},"featured_media":244583,"comment_status":"open","ping_status":"closed","template":"","meta":[],"product_brand":[],"product_cat":[7950],"product_tag":[],"class_list":{"0":"post-127487","1":"product","2":"type-product","3":"status-publish","4":"has-post-thumbnail","6":"product_cat-seedshop-en","8":"first","9":"instock","10":"taxable","11":"shipping-taxable","12":"purchasable","13":"product-type-simple"},"_links":{"self":[{"href":"https:\/\/www.budream.com\/fr\/wp-json\/wp\/v2\/product\/127487","targetHints":{"allow":["GET"]}}],"collection":[{"href":"https:\/\/www.budream.com\/fr\/wp-json\/wp\/v2\/product"}],"about":[{"href":"https:\/\/www.budream.com\/fr\/wp-json\/wp\/v2\/types\/product"}],"replies":[{"embeddable":true,"href":"https:\/\/www.budream.com\/fr\/wp-json\/wp\/v2\/comments?post=127487"}],"version-history":[{"count":0,"href":"https:\/\/www.budream.com\/fr\/wp-json\/wp\/v2\/product\/127487\/revisions"}],"wp:featuredmedia":[{"embeddable":true,"href":"https:\/\/www.budream.com\/fr\/wp-json\/wp\/v2\/media\/244583"}],"wp:attachment":[{"href":"https:\/\/www.budream.com\/fr\/wp-json\/wp\/v2\/media?parent=127487"}],"wp:term":[{"taxonomy":"product_brand","embeddable":true,"href":"https:\/\/www.budream.com\/fr\/wp-json\/wp\/v2\/product_brand?post=127487"},{"taxonomy":"product_cat","embeddable":true,"href":"https:\/\/www.budream.com\/fr\/wp-json\/wp\/v2\/product_cat?post=127487"},{"taxonomy":"product_tag","embeddable":true,"href":"https:\/\/www.budream.com\/fr\/wp-json\/wp\/v2\/product_tag?post=127487"}],"curies":[{"name":"wp","href":"https:\/\/api.w.org\/{rel}","templated":true}]}}