{"id":127512,"date":"2025-07-30T20:52:29","date_gmt":"2025-07-30T18:52:29","guid":{"rendered":"https:\/\/www.budream.com\/shop\/sacs-de-rosin-90-microns-6-35x8-25cm-10-unites\/"},"modified":"2026-05-13T12:42:53","modified_gmt":"2026-05-13T10:42:53","slug":"sacs-de-rosin-90-microns-6-35x8-25cm-10-unites","status":"publish","type":"product","link":"https:\/\/www.budream.com\/fr\/shop\/sacs-de-rosin-90-microns-6-35x8-25cm-10-unites\/","title":{"rendered":"SACS DE ROSIN 90 microns | 6.35&#215;8.25cm &#8211; 10 unit\u00e9s"},"content":{"rendered":"<p class=\"p1\">Les <strong>sacs de colophane 90 microns<\/strong> sont utilis\u00e9s pour contenir des mat\u00e9riaux qui seront press\u00e9s de mani\u00e8re pratique, s\u00fbre et pr\u00e9cise.<br \/>La taille en microns de la maille d\u00e9finit la qualit\u00e9 du r\u00e9sultat final.<\/p>\n<h2><span style=\"text-decoration: underline\">Caract\u00e9ristiques du ROSIN BAG 90 micron :<\/span><\/h2>\n<ul style=\"list-style-type: disc\">\n<li>100% Nylon.<\/li>\n<li>Taille du sac : 6,35&#215;8,25cm.<\/li>\n<li>Taille des mailles : 90 &mu;m.<\/li>\n<li>Coutures r\u00e9sistantes.<\/li>\n<li>Disponible en diff\u00e9rentes tailles de micron.<\/li>\n<\/ul>\n","protected":false},"excerpt":{"rendered":"<p>Les sacs de colophane 90 microns sont utilis\u00e9s pour contenir des mat\u00e9riaux qui seront press\u00e9s de mani\u00e8re pratique, s\u00fbre et<\/p>\n","protected":false},"featured_media":127502,"comment_status":"open","ping_status":"closed","template":"","meta":[],"product_brand":[],"product_cat":[7949],"product_tag":[],"class_list":{"0":"post-127512","1":"product","2":"type-product","3":"status-publish","4":"has-post-thumbnail","6":"product_cat-headshop-fr","8":"first","9":"instock","10":"taxable","11":"shipping-taxable","12":"purchasable","13":"product-type-simple"},"aioseo_notices":[],"_links":{"self":[{"href":"https:\/\/www.budream.com\/fr\/wp-json\/wp\/v2\/product\/127512","targetHints":{"allow":["GET"]}}],"collection":[{"href":"https:\/\/www.budream.com\/fr\/wp-json\/wp\/v2\/product"}],"about":[{"href":"https:\/\/www.budream.com\/fr\/wp-json\/wp\/v2\/types\/product"}],"replies":[{"embeddable":true,"href":"https:\/\/www.budream.com\/fr\/wp-json\/wp\/v2\/comments?post=127512"}],"version-history":[{"count":1,"href":"https:\/\/www.budream.com\/fr\/wp-json\/wp\/v2\/product\/127512\/revisions"}],"predecessor-version":[{"id":269680,"href":"https:\/\/www.budream.com\/fr\/wp-json\/wp\/v2\/product\/127512\/revisions\/269680"}],"wp:featuredmedia":[{"embeddable":true,"href":"https:\/\/www.budream.com\/fr\/wp-json\/wp\/v2\/media\/127502"}],"wp:attachment":[{"href":"https:\/\/www.budream.com\/fr\/wp-json\/wp\/v2\/media?parent=127512"}],"wp:term":[{"taxonomy":"product_brand","embeddable":true,"href":"https:\/\/www.budream.com\/fr\/wp-json\/wp\/v2\/product_brand?post=127512"},{"taxonomy":"product_cat","embeddable":true,"href":"https:\/\/www.budream.com\/fr\/wp-json\/wp\/v2\/product_cat?post=127512"},{"taxonomy":"product_tag","embeddable":true,"href":"https:\/\/www.budream.com\/fr\/wp-json\/wp\/v2\/product_tag?post=127512"}],"curies":[{"name":"wp","href":"https:\/\/api.w.org\/{rel}","templated":true}]}}