{"id":127527,"date":"2025-07-30T20:53:26","date_gmt":"2025-07-30T18:53:26","guid":{"rendered":"https:\/\/www.budream.com\/shop\/kanaplant-defense-3-maladies-fongiques-500ml\/"},"modified":"2026-05-13T12:44:01","modified_gmt":"2026-05-13T10:44:01","slug":"kanaplant-defense-3-maladies-fongiques-500ml","status":"publish","type":"product","link":"https:\/\/www.budream.com\/fr\/shop\/kanaplant-defense-3-maladies-fongiques-500ml\/","title":{"rendered":"KANAPLANT &#8211; DEFENSE 3 MALADIES FONGIQUES | 500ml"},"content":{"rendered":"<h2><strong>Kanaplant Defence 1 est une solution naturelle pour la d\u00e9fense des plantes contre les maladies fongiques. Il est \u00e0 base d&rsquo;extrait d&rsquo;equisetum et d&rsquo;aloe vera.<\/strong><\/h2>\n<p>Il s&rsquo;agit d&rsquo;un produit \u00e0 base d&rsquo;extrait de gel d&rsquo;aloe vera (Aloe Barbadensis Miller), une plante succulente caract\u00e9ris\u00e9e par ses feuilles lanc\u00e9ol\u00e9es dont on extrait un gel riche en eau, acides amin\u00e9s, sucres, vitamines, alo\u00efnes et saponines, et de pr\u00eale (Equisetum arvense), une plante m\u00e9dicinale connue depuis l&rsquo;antiquit\u00e9. Appliqu\u00e9 aux plantes, il stimule la biosynth\u00e8se de substances naturelles de d\u00e9fense endog\u00e8ne (phytolalexines) qui fortifient les tissus v\u00e9g\u00e9taux, les rendant plus r\u00e9sistants aux stress environnementaux et inhibant le d\u00e9veloppement de <strong>maladies<\/strong> fongiques caus\u00e9es par des champignons pathog\u00e8nes tels que l&rsquo;o\u00efdium <strong>ou le mildiou blanc<\/strong>, la <strong>rouille, le mildiou<\/strong>.<\/p>\n<p>Il favorise \u00e9galement la croissance des plantes en les rendant plus fortes, plus vertes, avec plus de fleurs et de fruits et les aide \u00e0 se d\u00e9fendre contre les stress environnementaux et les fluctuations de temp\u00e9rature.<\/p>\n<p><strong>Mode d&#8217;emploi :<\/strong><br \/>Bien agiter avant l&#8217;emploi et pulv\u00e9riser la plante \u00e0 une distance de 40-50 cm, en mouillant uniform\u00e9ment toute la surface, y compris la face inf\u00e9rieure des feuilles. <strong>Action pr\u00e9ventive :<\/strong> traiter tous les 4-5 jours, de la germination jusqu&rsquo;\u00e0 la deuxi\u00e8me semaine de floraison. <strong>Action curative et protectrice :<\/strong> traiter d\u00e8s l&rsquo;apparition des infestations et, si n\u00e9cessaire, r\u00e9p\u00e9ter l&rsquo;op\u00e9ration tous les 7-10 jours apr\u00e8s le premier traitement jusqu&rsquo;\u00e0 la deuxi\u00e8me semaine de floraison. <\/p>\n<p><strong>Composition :<br \/><\/strong>Extrait de pr\u00eale (Equisetum arvense) 0,5% v\/v et extrait de gel d&rsquo;aloe vera (Aloe Barbadensis Miller) % v\/v.<\/p>\n<p><strong>Conditionnement :<\/strong><br \/>Flacon de 500ml<\/p>\n<p><strong>PRODUIT OFFERT JUSQU&rsquo;\u00c0 \u00c9PUISEMENT DES STOCKS<\/strong><\/p>\n<div id=\"isChromeWebToolbarDiv\"><\/div>\n","protected":false},"excerpt":{"rendered":"<p>Kanaplant Defence 1 est une solution naturelle pour la d\u00e9fense des plantes contre les maladies fongiques. Il est \u00e0 base<\/p>\n","protected":false},"featured_media":127522,"comment_status":"open","ping_status":"closed","template":"","meta":[],"product_brand":[],"product_cat":[7928],"product_tag":[],"class_list":{"0":"post-127527","1":"product","2":"type-product","3":"status-publish","4":"has-post-thumbnail","6":"product_cat-antiparasitaires-et-defense","8":"first","9":"instock","10":"taxable","11":"shipping-taxable","12":"purchasable","13":"product-type-simple"},"aioseo_notices":[],"_links":{"self":[{"href":"https:\/\/www.budream.com\/fr\/wp-json\/wp\/v2\/product\/127527","targetHints":{"allow":["GET"]}}],"collection":[{"href":"https:\/\/www.budream.com\/fr\/wp-json\/wp\/v2\/product"}],"about":[{"href":"https:\/\/www.budream.com\/fr\/wp-json\/wp\/v2\/types\/product"}],"replies":[{"embeddable":true,"href":"https:\/\/www.budream.com\/fr\/wp-json\/wp\/v2\/comments?post=127527"}],"version-history":[{"count":1,"href":"https:\/\/www.budream.com\/fr\/wp-json\/wp\/v2\/product\/127527\/revisions"}],"predecessor-version":[{"id":269690,"href":"https:\/\/www.budream.com\/fr\/wp-json\/wp\/v2\/product\/127527\/revisions\/269690"}],"wp:featuredmedia":[{"embeddable":true,"href":"https:\/\/www.budream.com\/fr\/wp-json\/wp\/v2\/media\/127522"}],"wp:attachment":[{"href":"https:\/\/www.budream.com\/fr\/wp-json\/wp\/v2\/media?parent=127527"}],"wp:term":[{"taxonomy":"product_brand","embeddable":true,"href":"https:\/\/www.budream.com\/fr\/wp-json\/wp\/v2\/product_brand?post=127527"},{"taxonomy":"product_cat","embeddable":true,"href":"https:\/\/www.budream.com\/fr\/wp-json\/wp\/v2\/product_cat?post=127527"},{"taxonomy":"product_tag","embeddable":true,"href":"https:\/\/www.budream.com\/fr\/wp-json\/wp\/v2\/product_tag?post=127527"}],"curies":[{"name":"wp","href":"https:\/\/api.w.org\/{rel}","templated":true}]}}