{"id":127582,"date":"2025-07-30T20:55:55","date_gmt":"2025-07-30T18:55:55","guid":{"rendered":"https:\/\/www.budream.com\/shop\/royal-queen-seeds-plateau-a-rouler-en-bois\/"},"modified":"2026-05-13T12:46:44","modified_gmt":"2026-05-13T10:46:44","slug":"royal-queen-seeds-plateau-a-rouler-en-bois","status":"publish","type":"product","link":"https:\/\/www.budream.com\/fr\/shop\/royal-queen-seeds-plateau-a-rouler-en-bois\/","title":{"rendered":"ROYAL QUEEN SEEDS &#8211; PLATEAU \u00c0 ROULER EN BOIS"},"content":{"rendered":"<p>N&rsquo;utilisez que des accessoires naturels avec le plateau \u00e0 rouler RQS ! Ce magnifique plateau est fabriqu\u00e9 \u00e0 la main en bois massif, sans vernis ni produits chimiques. Il a uniquement \u00e9t\u00e9 trait\u00e9 avec de l&rsquo;huile v\u00e9g\u00e9tale naturelle et absolument sans danger.<\/p>\n<p>Dimensions : 30 x 15 x 2 cm<\/p>\n","protected":false},"excerpt":{"rendered":"<p>N&rsquo;utilisez que des accessoires naturels avec le plateau \u00e0 rouler RQS ! Ce magnifique plateau est fabriqu\u00e9 \u00e0 la main<\/p>\n","protected":false},"featured_media":127572,"comment_status":"open","ping_status":"closed","template":"","meta":[],"product_brand":[],"product_cat":[7949],"product_tag":[],"class_list":{"0":"post-127582","1":"product","2":"type-product","3":"status-publish","4":"has-post-thumbnail","6":"product_cat-headshop-fr","8":"first","9":"instock","10":"taxable","11":"shipping-taxable","12":"purchasable","13":"product-type-simple"},"aioseo_notices":[],"_links":{"self":[{"href":"https:\/\/www.budream.com\/fr\/wp-json\/wp\/v2\/product\/127582","targetHints":{"allow":["GET"]}}],"collection":[{"href":"https:\/\/www.budream.com\/fr\/wp-json\/wp\/v2\/product"}],"about":[{"href":"https:\/\/www.budream.com\/fr\/wp-json\/wp\/v2\/types\/product"}],"replies":[{"embeddable":true,"href":"https:\/\/www.budream.com\/fr\/wp-json\/wp\/v2\/comments?post=127582"}],"version-history":[{"count":1,"href":"https:\/\/www.budream.com\/fr\/wp-json\/wp\/v2\/product\/127582\/revisions"}],"predecessor-version":[{"id":269713,"href":"https:\/\/www.budream.com\/fr\/wp-json\/wp\/v2\/product\/127582\/revisions\/269713"}],"wp:featuredmedia":[{"embeddable":true,"href":"https:\/\/www.budream.com\/fr\/wp-json\/wp\/v2\/media\/127572"}],"wp:attachment":[{"href":"https:\/\/www.budream.com\/fr\/wp-json\/wp\/v2\/media?parent=127582"}],"wp:term":[{"taxonomy":"product_brand","embeddable":true,"href":"https:\/\/www.budream.com\/fr\/wp-json\/wp\/v2\/product_brand?post=127582"},{"taxonomy":"product_cat","embeddable":true,"href":"https:\/\/www.budream.com\/fr\/wp-json\/wp\/v2\/product_cat?post=127582"},{"taxonomy":"product_tag","embeddable":true,"href":"https:\/\/www.budream.com\/fr\/wp-json\/wp\/v2\/product_tag?post=127582"}],"curies":[{"name":"wp","href":"https:\/\/api.w.org\/{rel}","templated":true}]}}