{"id":127657,"date":"2025-07-30T20:59:02","date_gmt":"2025-07-30T18:59:02","guid":{"rendered":"https:\/\/www.budream.com\/shop\/davinci-porte-cle-conteneur-noir\/"},"modified":"2026-05-13T12:49:59","modified_gmt":"2026-05-13T10:49:59","slug":"davinci-porte-cle-conteneur-noir","status":"publish","type":"product","link":"https:\/\/www.budream.com\/fr\/shop\/davinci-porte-cle-conteneur-noir\/","title":{"rendered":"DAVINCI &#8211; PORTE-CL\u00c9 CONTENEUR | NOIR"},"content":{"rendered":"<p>Le contenant \u00e0 cl\u00e9s qu&rsquo;il vous faut ! Non seulement il est discret, mais il peut contenir une batterie de rechange, vos herbes pr\u00e9f\u00e9r\u00e9es ou tout autre accessoire gr\u00e2ce \u00e0 ses deux compartiments herm\u00e9tiques.<br \/>Le Carrying can XL de Davinci est muni d&rsquo;un porte-cl\u00e9s pour un transport pratique.<\/p>\n<p><\/p>\n<h2><span style=\"text-decoration: underline\">DAVINCI &#8211; Bo\u00eete de transport avec porte-cl\u00e9s :<\/span><\/h2>\n<ul style=\"list-style-type: disc\">\n<li>2 compartiments filet\u00e9s avec fermeture herm\u00e9tique<\/li>\n<li>Porte-cl\u00e9s<\/li>\n<li>Couleur noire<\/li>\n<\/ul>\n","protected":false},"excerpt":{"rendered":"<p>Le contenant \u00e0 cl\u00e9s qu&rsquo;il vous faut ! Non seulement il est discret, mais il peut contenir une batterie de<\/p>\n","protected":false},"featured_media":127652,"comment_status":"open","ping_status":"closed","template":"","meta":[],"product_brand":[],"product_cat":[7910],"product_tag":[],"class_list":{"0":"post-127657","1":"product","2":"type-product","3":"status-publish","4":"has-post-thumbnail","6":"product_cat-vaporisateurs","8":"first","9":"instock","10":"sale","11":"taxable","12":"shipping-taxable","13":"purchasable","14":"product-type-simple"},"aioseo_notices":[],"_links":{"self":[{"href":"https:\/\/www.budream.com\/fr\/wp-json\/wp\/v2\/product\/127657","targetHints":{"allow":["GET"]}}],"collection":[{"href":"https:\/\/www.budream.com\/fr\/wp-json\/wp\/v2\/product"}],"about":[{"href":"https:\/\/www.budream.com\/fr\/wp-json\/wp\/v2\/types\/product"}],"replies":[{"embeddable":true,"href":"https:\/\/www.budream.com\/fr\/wp-json\/wp\/v2\/comments?post=127657"}],"version-history":[{"count":1,"href":"https:\/\/www.budream.com\/fr\/wp-json\/wp\/v2\/product\/127657\/revisions"}],"predecessor-version":[{"id":269725,"href":"https:\/\/www.budream.com\/fr\/wp-json\/wp\/v2\/product\/127657\/revisions\/269725"}],"wp:featuredmedia":[{"embeddable":true,"href":"https:\/\/www.budream.com\/fr\/wp-json\/wp\/v2\/media\/127652"}],"wp:attachment":[{"href":"https:\/\/www.budream.com\/fr\/wp-json\/wp\/v2\/media?parent=127657"}],"wp:term":[{"taxonomy":"product_brand","embeddable":true,"href":"https:\/\/www.budream.com\/fr\/wp-json\/wp\/v2\/product_brand?post=127657"},{"taxonomy":"product_cat","embeddable":true,"href":"https:\/\/www.budream.com\/fr\/wp-json\/wp\/v2\/product_cat?post=127657"},{"taxonomy":"product_tag","embeddable":true,"href":"https:\/\/www.budream.com\/fr\/wp-json\/wp\/v2\/product_tag?post=127657"}],"curies":[{"name":"wp","href":"https:\/\/api.w.org\/{rel}","templated":true}]}}