{"id":127797,"date":"2025-07-30T21:05:28","date_gmt":"2025-07-30T19:05:28","guid":{"rendered":"https:\/\/www.budream.com\/shop\/sweet-seeds-sweet-mix-auto-sws27-10-graines\/"},"modified":"2026-03-26T18:54:41","modified_gmt":"2026-03-26T16:54:41","slug":"sweet-seeds-sweet-mix-auto-sws27-10-graines","status":"publish","type":"product","link":"https:\/\/www.budream.com\/fr\/shop\/sweet-seeds-sweet-mix-auto-sws27-10-graines\/","title":{"rendered":"SWEET SEEDS &#8211; SWEET MIX AUTO\u00ae (SWS27) | 10 GRAINES"},"content":{"rendered":"<p>Donn\u00e9es techniques :<\/p>\n<p>100% autofloraison troisi\u00e8me g\u00e9n\u00e9ration<\/p>\n<p>G\u00e9n\u00e9tique : Sweet Mix Auto de Sweet Seeds est un assortiment de 10 diff\u00e9rentes vari\u00e9t\u00e9s de graines f\u00e9minis\u00e9es \u00e0 autofloraison.<\/p>\n<p>jours : n.a.<\/p>\n","protected":false},"excerpt":{"rendered":"<p>Donn\u00e9es techniques : 100% autofloraison troisi\u00e8me g\u00e9n\u00e9ration G\u00e9n\u00e9tique : Sweet Mix Auto de Sweet Seeds est un assortiment de 10<\/p>\n","protected":false},"featured_media":127787,"comment_status":"open","ping_status":"closed","template":"","meta":[],"product_brand":[],"product_cat":[7951],"product_tag":[],"class_list":{"0":"post-127797","1":"product","2":"type-product","3":"status-publish","4":"has-post-thumbnail","6":"product_cat-magasin-de-graines","8":"first","9":"instock","10":"sale","11":"taxable","12":"shipping-taxable","13":"purchasable","14":"product-type-simple"},"_links":{"self":[{"href":"https:\/\/www.budream.com\/fr\/wp-json\/wp\/v2\/product\/127797","targetHints":{"allow":["GET"]}}],"collection":[{"href":"https:\/\/www.budream.com\/fr\/wp-json\/wp\/v2\/product"}],"about":[{"href":"https:\/\/www.budream.com\/fr\/wp-json\/wp\/v2\/types\/product"}],"replies":[{"embeddable":true,"href":"https:\/\/www.budream.com\/fr\/wp-json\/wp\/v2\/comments?post=127797"}],"version-history":[{"count":0,"href":"https:\/\/www.budream.com\/fr\/wp-json\/wp\/v2\/product\/127797\/revisions"}],"wp:featuredmedia":[{"embeddable":true,"href":"https:\/\/www.budream.com\/fr\/wp-json\/wp\/v2\/media\/127787"}],"wp:attachment":[{"href":"https:\/\/www.budream.com\/fr\/wp-json\/wp\/v2\/media?parent=127797"}],"wp:term":[{"taxonomy":"product_brand","embeddable":true,"href":"https:\/\/www.budream.com\/fr\/wp-json\/wp\/v2\/product_brand?post=127797"},{"taxonomy":"product_cat","embeddable":true,"href":"https:\/\/www.budream.com\/fr\/wp-json\/wp\/v2\/product_cat?post=127797"},{"taxonomy":"product_tag","embeddable":true,"href":"https:\/\/www.budream.com\/fr\/wp-json\/wp\/v2\/product_tag?post=127797"}],"curies":[{"name":"wp","href":"https:\/\/api.w.org\/{rel}","templated":true}]}}