{"id":127887,"date":"2025-07-30T21:08:28","date_gmt":"2025-07-30T19:08:28","guid":{"rendered":"https:\/\/www.budream.com\/shop\/storzbickel-volcano-hybrid-vaporizer\/"},"modified":"2026-05-13T13:00:44","modified_gmt":"2026-05-13T11:00:44","slug":"storzbickel-volcano-hybrid-vaporizer","status":"publish","type":"product","link":"https:\/\/www.budream.com\/fr\/shop\/storzbickel-volcano-hybrid-vaporizer\/","title":{"rendered":"STORZ&amp;BICKEL &#8211; VOLCANO HYBRID | VAPORIZER"},"content":{"rendered":"<p>Volcano Hybrid est le nouveau vaporisateur de table de Storz &amp; Bickel qui offre de nouvelles fonctionnalit\u00e9s et la qualit\u00e9 incontestable qui a rendu la marque allemande c\u00e9l\u00e8bre dans le monde entier. La r\u00e9invention d&rsquo;une ic\u00f4ne.<\/p>\n<h2><span style=\"text-decoration: underline\">Le Volcano Hybrid pr\u00e9sente de nombreuses nouvelles caract\u00e9ristiques :<\/span><\/h2>\n<p>&#8211; Inhalation par l&rsquo;unit\u00e9 de tube ou par le flacon \u00e0 valve facile ;<br \/>&#8211; Processus de chauffage tr\u00e8s rapide (1 \u00e0 2 minutes) ;<br \/>&#8211; Grand \u00e9cran avec commandes pour le contr\u00f4le de la temp\u00e9rature ;<br \/>&#8211; Contr\u00f4le via l&rsquo;application S&amp;B pour Android et iOS ;<br \/>&#8211; Les mat\u00e9riaux et la fabrication de haute qualit\u00e9 auxquels vous \u00eates habitu\u00e9s avec STORZ &amp; BICKEL garantissent une longue dur\u00e9e de vie Made in Germany ;<\/p>\n<h3><span style=\"text-decoration: underline\">L&rsquo;APP de Storz&amp;Bickel, qui \u00e9tend les fonctions du vaporisateur, est \u00e9galement toute nouvelle :<br \/><\/span><\/h3>\n<ul style=\"list-style-type: disc\">\n<li>Contr\u00f4le du processus thermique ;<\/li>\n<li>Personnalisation des r\u00e9glages ;<\/li>\n<li>Contr\u00f4le de l&rsquo;arr\u00eat automatique ;<\/li>\n<li>Contr\u00f4le des vibrations ;<\/li>\n<li>R\u00e9glage de la luminosit\u00e9 des LED ;<\/li>\n<li>Configuration du d\u00e9bit de vapeur ;<\/li>\n<li>Enregistrement des num\u00e9ros de s\u00e9rie ;<\/li>\n<\/ul>\n<p><strong>Disponible pour Android et iOS.<\/strong><\/p>\n<h2><span style=\"text-decoration: underline\">Volcano Hybrid est inclus dans la bo\u00eete :<\/span><\/h2>\n<ul style=\"list-style-type: disc\">\n<li class=\"long-description\">1 pc. Vapoteur VOLCANO HYBRID ;<\/li>\n<li class=\"long-description\">1 pc. C\u00e2ble d&rsquo;alimentation ;<\/li>\n<li class=\"long-description\">3 pc. Flacon EASY VALVE avec embout ;<\/li>\n<li class=\"long-description\">1 pc. Flacon EASY VALVE avec adaptateur ;<\/li>\n<li class=\"long-description\">1 pc. Tube pour inhalation directe<\/li>\n<li class=\"long-description\">1 pc. Chambre de vaporisation (y compris : 1 pc. Anneau du couvercle ; 1 pc. Jeu de filtres standard (environ &Oslash; 30 mm), 1 pc. Tampon \u00e0 gouttelettes (env. &Oslash; 28 x 4 mm), 1 pc. Brosse de nettoyage) ;<\/li>\n<li class=\"long-description\">1 pc. Jeu de filtres \u00e0 air ;<\/li>\n<li class=\"long-description\">1 pc. moulin \u00e0 herbe (&Oslash; 55 mm)<\/li>\n<li class=\"long-description\">1 pc. Mode d&#8217;emploi ;<\/li>\n<\/ul>\n","protected":false},"excerpt":{"rendered":"<p>Volcano Hybrid est le nouveau vaporisateur de table de Storz &amp; Bickel qui offre de nouvelles fonctionnalit\u00e9s et la qualit\u00e9<\/p>\n","protected":false},"featured_media":127862,"comment_status":"open","ping_status":"closed","template":"","meta":[],"product_brand":[],"product_cat":[7910],"product_tag":[],"class_list":{"0":"post-127887","1":"product","2":"type-product","3":"status-publish","4":"has-post-thumbnail","6":"product_cat-vaporisateurs","8":"first","9":"instock","10":"sale","11":"taxable","12":"shipping-taxable","13":"purchasable","14":"product-type-simple"},"aioseo_notices":[],"_links":{"self":[{"href":"https:\/\/www.budream.com\/fr\/wp-json\/wp\/v2\/product\/127887","targetHints":{"allow":["GET"]}}],"collection":[{"href":"https:\/\/www.budream.com\/fr\/wp-json\/wp\/v2\/product"}],"about":[{"href":"https:\/\/www.budream.com\/fr\/wp-json\/wp\/v2\/types\/product"}],"replies":[{"embeddable":true,"href":"https:\/\/www.budream.com\/fr\/wp-json\/wp\/v2\/comments?post=127887"}],"version-history":[{"count":1,"href":"https:\/\/www.budream.com\/fr\/wp-json\/wp\/v2\/product\/127887\/revisions"}],"predecessor-version":[{"id":262349,"href":"https:\/\/www.budream.com\/fr\/wp-json\/wp\/v2\/product\/127887\/revisions\/262349"}],"wp:featuredmedia":[{"embeddable":true,"href":"https:\/\/www.budream.com\/fr\/wp-json\/wp\/v2\/media\/127862"}],"wp:attachment":[{"href":"https:\/\/www.budream.com\/fr\/wp-json\/wp\/v2\/media?parent=127887"}],"wp:term":[{"taxonomy":"product_brand","embeddable":true,"href":"https:\/\/www.budream.com\/fr\/wp-json\/wp\/v2\/product_brand?post=127887"},{"taxonomy":"product_cat","embeddable":true,"href":"https:\/\/www.budream.com\/fr\/wp-json\/wp\/v2\/product_cat?post=127887"},{"taxonomy":"product_tag","embeddable":true,"href":"https:\/\/www.budream.com\/fr\/wp-json\/wp\/v2\/product_tag?post=127887"}],"curies":[{"name":"wp","href":"https:\/\/api.w.org\/{rel}","templated":true}]}}