{"id":127917,"date":"2025-07-30T21:11:03","date_gmt":"2025-07-30T19:11:03","guid":{"rendered":"https:\/\/www.budream.com\/shop\/bioki-multiuse-monohydrate-acide-citrique-500gr\/"},"modified":"2026-03-23T15:35:58","modified_gmt":"2026-03-23T13:35:58","slug":"bioki-multiuse-monohydrate-acide-citrique-500gr","status":"publish","type":"product","link":"https:\/\/www.budream.com\/fr\/shop\/bioki-multiuse-monohydrate-acide-citrique-500gr\/","title":{"rendered":"BIOKI &#8211; MULTIUSE MONOHYDRATE ACIDE CITRIQUE | 500gr"},"content":{"rendered":"<p><span style=\"font-family: arial, helvetica, sans-serif\">Id\u00e9al pour abaisser le pH dans les traitements foliaires : 1 g\/L d&rsquo;eau.<br \/><\/span><span style=\"font-family: arial, helvetica, sans-serif\">Am\u00e9liore l&rsquo;absorption des solutions de micronutriments par application foliaire et racinaire.<\/span><\/p>\n<p align=\"justify\"><span style=\"color: #000000\"><span style=\"font-family: Arial, sans-serif\"><span style=\"font-size: small\">L&rsquo;acide citrique est un acide faible contenu dans les <\/span><\/span><\/span><strong><span style=\"color: #000000\"><span style=\"font-family: Arial, sans-serif\"><span style=\"font-size: small\">organismes v\u00e9g\u00e9taux<\/span><\/span><\/span><\/strong><span style=\"color: #000000\"><span style=\"font-family: Arial, sans-serif\"><span style=\"font-size: small\">: le jus de citron, par exemple, en contient 5 \u00e0 7 %, mais on le trouve \u00e9galement dans d&rsquo;autres fruits, dans de nombreux autres aliments, dans les champignons, dans le bois, dans le lait. Il est extrait et cristallis\u00e9 et trouve de nombreuses applications dans le <\/span><\/span><\/span><strong><span style=\"color: #000000\"><span style=\"font-family: Arial, sans-serif\"><span style=\"font-size: small\">nettoyage \u00e9cologique<\/span><\/span><\/span><\/strong><span style=\"color: #000000\"><span style=\"font-family: Arial, sans-serif\"><span style=\"font-size: small\">. Il peut \u00eatre utilis\u00e9 pour toutes les surfaces lavables, comme nettoyant universel, dans la machine \u00e0 laver comme d\u00e9tartrant et adoucissant, dans le lave-vaisselle \u00e0 la place du produit de rin\u00e7age (qui ne devrait jamais \u00eatre utilis\u00e9, car il reste comme un r\u00e9sidu de vaisselle et on le mange au repas suivant), et dans la cuisine comme acide citrique.<\/span><\/span><\/span><\/p>\n<p align=\"justify\"><strong><span style=\"color: #000000\"><span style=\"font-family: Arial, sans-serif\"><span style=\"font-size: small\">L&rsquo;acide citrique <\/span><\/span><\/span><\/strong><span style=\"color: #000000\"><span style=\"font-family: Arial, sans-serif\"><span style=\"font-size: small\">n&rsquo;est PAS utilis\u00e9 pur, mais <\/span><\/span><\/span><strong><span style=\"color: #000000\"><span style=\"font-family: Arial, sans-serif\"><span style=\"font-size: small\">doit \u00eatre dissous dans de l&rsquo;eau<\/span><\/span><\/span><\/strong><span style=\"color: #000000\"><span style=\"font-family: Arial, sans-serif\"><span style=\"font-size: small\">, \u00e9ventuellement <\/span><\/span><\/span><strong><span style=\"color: #000000\"><span style=\"font-family: Arial, sans-serif\"><span style=\"font-size: small\">distill\u00e9e<\/span><\/span><\/span><\/strong><span style=\"color: #000000\"><span style=\"font-family: Arial, sans-serif\"><span style=\"font-size: small\">. Il peut remplacer de mani\u00e8re \u00e9cologique certains produits traditionnels, qui contiennent souvent des substances qui polluent l&rsquo;environnement et sont m\u00eame dangereuses pour l&rsquo;homme.<\/span><\/span><\/span><\/p>\n","protected":false},"excerpt":{"rendered":"<p>Id\u00e9al pour abaisser le pH dans les traitements foliaires : 1 g\/L d&rsquo;eau.Am\u00e9liore l&rsquo;absorption des solutions de micronutriments par application<\/p>\n","protected":false},"featured_media":127912,"comment_status":"open","ping_status":"closed","template":"","meta":[],"product_brand":[],"product_cat":[7928],"product_tag":[],"class_list":{"0":"post-127917","1":"product","2":"type-product","3":"status-publish","4":"has-post-thumbnail","6":"product_cat-antiparasitaires-et-defense","8":"first","9":"instock","10":"taxable","11":"shipping-taxable","12":"purchasable","13":"product-type-simple"},"aioseo_notices":[],"_links":{"self":[{"href":"https:\/\/www.budream.com\/fr\/wp-json\/wp\/v2\/product\/127917","targetHints":{"allow":["GET"]}}],"collection":[{"href":"https:\/\/www.budream.com\/fr\/wp-json\/wp\/v2\/product"}],"about":[{"href":"https:\/\/www.budream.com\/fr\/wp-json\/wp\/v2\/types\/product"}],"replies":[{"embeddable":true,"href":"https:\/\/www.budream.com\/fr\/wp-json\/wp\/v2\/comments?post=127917"}],"version-history":[{"count":0,"href":"https:\/\/www.budream.com\/fr\/wp-json\/wp\/v2\/product\/127917\/revisions"}],"wp:featuredmedia":[{"embeddable":true,"href":"https:\/\/www.budream.com\/fr\/wp-json\/wp\/v2\/media\/127912"}],"wp:attachment":[{"href":"https:\/\/www.budream.com\/fr\/wp-json\/wp\/v2\/media?parent=127917"}],"wp:term":[{"taxonomy":"product_brand","embeddable":true,"href":"https:\/\/www.budream.com\/fr\/wp-json\/wp\/v2\/product_brand?post=127917"},{"taxonomy":"product_cat","embeddable":true,"href":"https:\/\/www.budream.com\/fr\/wp-json\/wp\/v2\/product_cat?post=127917"},{"taxonomy":"product_tag","embeddable":true,"href":"https:\/\/www.budream.com\/fr\/wp-json\/wp\/v2\/product_tag?post=127917"}],"curies":[{"name":"wp","href":"https:\/\/api.w.org\/{rel}","templated":true}]}}