{"id":128032,"date":"2025-07-30T21:13:01","date_gmt":"2025-07-30T19:13:01","guid":{"rendered":"https:\/\/www.budream.com\/shop\/flowermate-v5-nano-vaporisateur\/"},"modified":"2026-04-20T14:17:58","modified_gmt":"2026-04-20T12:17:58","slug":"flowermate-v5-nano-vaporisateur","status":"publish","type":"product","link":"https:\/\/www.budream.com\/fr\/shop\/flowermate-v5-nano-vaporisateur\/","title":{"rendered":"FLOWERMATE &#8211; V5 NANO VAPORISATEUR"},"content":{"rendered":"<p>Evolution du Flowermate V5.0pro, le <strong>V5 Nano<\/strong> est la derni\u00e8re vision de l&rsquo;aromath\u00e9rapie portable pour Flowermate. \u00c9quip\u00e9 d&rsquo;une batterie 18650 amovible, le Nano permet \u00e0 l&rsquo;utilisateur de contr\u00f4ler directement la long\u00e9vit\u00e9 de l&rsquo;appareil.<\/p>\n<p>La taille de l&rsquo;appareil le rend ultra-discret et facile \u00e0 dissimuler, et le temps de chauffe ultra-rapide (30 secondes) acc\u00e9l\u00e8re vos s\u00e9ances hors domicile.<\/p>\n<p>Parmi les autres caract\u00e9ristiques cl\u00e9s, citons un embout <strong>en borosilicate<\/strong> qui peut \u00eatre d\u00e9mont\u00e9 et dissimul\u00e9 dans l&rsquo;appareil, une grande chambre pour les sessions individuelles ou en groupe et un circuit d&rsquo;air enti\u00e8rement isol\u00e9 pour garantir une bouff\u00e9e propre et au go\u00fbt pur.<\/p>\n<p><\/p>\n<h2><span style=\"text-decoration: underline\">Caract\u00e9ristiques du vaporisateur Flowermate V5 nano<\/span>:<\/h2>\n<ul style=\"list-style-type: disc\">\n<li>Temp\u00e9rature r\u00e9glable ;<\/li>\n<li>Batterie 18650 amovible et rempla\u00e7able ;<\/li>\n<li>Embout en verre borosilicate ;<\/li>\n<li>Chauffage rapide ;<\/li>\n<li>Design discret ;<\/li>\n<\/ul>\n<p> <strong> <span style=\"text-decoration: underline\"><span style=\"font-size: 12pt\">Inclus dans l&#8217;emballage<\/span>:<\/span><\/strong><\/p>\n<ul style=\"list-style-type: disc\">\n<li>Flowermate V5 nano ;<\/li>\n<li>Embout en borosilicate ;<\/li>\n<li>Chargeur mural USB\/mini USB ;<\/li>\n<li>Entonnoir pour le remplissage ;<\/li>\n<li>Brosse de nettoyage et dabber ;<\/li>\n<li>Manuel d&rsquo;utilisation (en anglais) ;<\/li>\n<li>R\u00e9cipient v\u00e9g\u00e9tal ;<\/li>\n<li>R\u00e9cipient pour les huiles (cire, bho, colophane) ;<\/li>\n<li>Gant de protection ;<\/li>\n<\/ul>\n","protected":false},"excerpt":{"rendered":"<p>Evolution du Flowermate V5.0pro, le V5 Nano est la derni\u00e8re vision de l&rsquo;aromath\u00e9rapie portable pour Flowermate. \u00c9quip\u00e9 d&rsquo;une batterie 18650<\/p>\n","protected":false},"featured_media":128012,"comment_status":"open","ping_status":"closed","template":"","meta":[],"product_brand":[],"product_cat":[7910],"product_tag":[],"class_list":{"0":"post-128032","1":"product","2":"type-product","3":"status-publish","4":"has-post-thumbnail","6":"product_cat-vaporisateurs","8":"first","9":"instock","10":"sale","11":"taxable","12":"shipping-taxable","13":"purchasable","14":"product-type-simple"},"aioseo_notices":[],"_links":{"self":[{"href":"https:\/\/www.budream.com\/fr\/wp-json\/wp\/v2\/product\/128032","targetHints":{"allow":["GET"]}}],"collection":[{"href":"https:\/\/www.budream.com\/fr\/wp-json\/wp\/v2\/product"}],"about":[{"href":"https:\/\/www.budream.com\/fr\/wp-json\/wp\/v2\/types\/product"}],"replies":[{"embeddable":true,"href":"https:\/\/www.budream.com\/fr\/wp-json\/wp\/v2\/comments?post=128032"}],"version-history":[{"count":0,"href":"https:\/\/www.budream.com\/fr\/wp-json\/wp\/v2\/product\/128032\/revisions"}],"wp:featuredmedia":[{"embeddable":true,"href":"https:\/\/www.budream.com\/fr\/wp-json\/wp\/v2\/media\/128012"}],"wp:attachment":[{"href":"https:\/\/www.budream.com\/fr\/wp-json\/wp\/v2\/media?parent=128032"}],"wp:term":[{"taxonomy":"product_brand","embeddable":true,"href":"https:\/\/www.budream.com\/fr\/wp-json\/wp\/v2\/product_brand?post=128032"},{"taxonomy":"product_cat","embeddable":true,"href":"https:\/\/www.budream.com\/fr\/wp-json\/wp\/v2\/product_cat?post=128032"},{"taxonomy":"product_tag","embeddable":true,"href":"https:\/\/www.budream.com\/fr\/wp-json\/wp\/v2\/product_tag?post=128032"}],"curies":[{"name":"wp","href":"https:\/\/api.w.org\/{rel}","templated":true}]}}