{"id":128057,"date":"2025-07-30T21:14:11","date_gmt":"2025-07-30T19:14:11","guid":{"rendered":"https:\/\/www.budream.com\/shop\/qnubu-presse-a-rosin-manuelle-boulon-plateau-6x12cm-pression-1ton\/"},"modified":"2026-04-14T14:53:57","modified_gmt":"2026-04-14T12:53:57","slug":"qnubu-presse-a-rosin-manuelle-boulon-plateau-6x12cm-pression-1ton","status":"publish","type":"product","link":"https:\/\/www.budream.com\/fr\/shop\/qnubu-presse-a-rosin-manuelle-boulon-plateau-6x12cm-pression-1ton\/","title":{"rendered":"QNUBU &#8211; PRESSE A ROSIN MANUELLE BOULON | PLATEAU 6x12cm PRESSION 1TON."},"content":{"rendered":"<h2><strong>Presse manuelle Qnubu pour l&rsquo;extraction de la colophane<\/strong><\/h2>\n<p>L&rsquo;extraction de la colophane a \u00e9t\u00e9 la premi\u00e8re \u00e0 d\u00e9couvrir qu&rsquo;en atteignant la temp\u00e9rature appropri\u00e9e, il est possible d&rsquo;extraire jusqu&rsquo;\u00e0 80 % des principes actifs de la plante.<\/p>\n<p>La technique est tr\u00e8s simple, puisqu&rsquo;elle consiste \u00e0 exercer une pression sur un bourgeon plac\u00e9 entre les cartes afin qu&rsquo;il soit press\u00e9 fermement entre l&rsquo;aluminium chaud des plaques.<\/p>\n<p>Une fois le sachet ouvert, vous trouverez la r\u00e9sine attach\u00e9e, ce qui est on ne peut plus pratique.<\/p>\n<h2><strong><span style=\"text-decoration: underline\">Caract\u00e9ristiques techniques de la presse manuelle Qnubu Bolt<\/span>:<\/strong><\/h2>\n<ul style=\"list-style-type: disc\">\n<li>Pression : 1 tonne<\/li>\n<li>Plaque : 6x12cm<\/li>\n<li>Dimensions : 32x24x37h<\/li>\n<li>Double contr\u00f4le de la temp\u00e9rature (0-254 &ordm;C)<\/li>\n<li>TIimer 0-999sec &#8211; Avertissement sonore<\/li>\n<li>Volt : 220V<\/li>\n<li>Consommation : 700W<\/li>\n<\/ul>\n<p>Sp\u00e9cialement con\u00e7u pour extraire les huiles et les r\u00e9sines sans utiliser de solvants, mais simplement par pression et chauffage.<\/p>\n","protected":false},"excerpt":{"rendered":"<p>Presse manuelle Qnubu pour l&rsquo;extraction de la colophane L&rsquo;extraction de la colophane a \u00e9t\u00e9 la premi\u00e8re \u00e0 d\u00e9couvrir qu&rsquo;en atteignant<\/p>\n","protected":false},"featured_media":128042,"comment_status":"open","ping_status":"closed","template":"","meta":[],"product_brand":[],"product_cat":[7949],"product_tag":[],"class_list":{"0":"post-128057","1":"product","2":"type-product","3":"status-publish","4":"has-post-thumbnail","6":"product_cat-headshop-fr","8":"first","9":"instock","10":"taxable","11":"shipping-taxable","12":"purchasable","13":"product-type-simple"},"aioseo_notices":[],"_links":{"self":[{"href":"https:\/\/www.budream.com\/fr\/wp-json\/wp\/v2\/product\/128057","targetHints":{"allow":["GET"]}}],"collection":[{"href":"https:\/\/www.budream.com\/fr\/wp-json\/wp\/v2\/product"}],"about":[{"href":"https:\/\/www.budream.com\/fr\/wp-json\/wp\/v2\/types\/product"}],"replies":[{"embeddable":true,"href":"https:\/\/www.budream.com\/fr\/wp-json\/wp\/v2\/comments?post=128057"}],"version-history":[{"count":1,"href":"https:\/\/www.budream.com\/fr\/wp-json\/wp\/v2\/product\/128057\/revisions"}],"predecessor-version":[{"id":262222,"href":"https:\/\/www.budream.com\/fr\/wp-json\/wp\/v2\/product\/128057\/revisions\/262222"}],"wp:featuredmedia":[{"embeddable":true,"href":"https:\/\/www.budream.com\/fr\/wp-json\/wp\/v2\/media\/128042"}],"wp:attachment":[{"href":"https:\/\/www.budream.com\/fr\/wp-json\/wp\/v2\/media?parent=128057"}],"wp:term":[{"taxonomy":"product_brand","embeddable":true,"href":"https:\/\/www.budream.com\/fr\/wp-json\/wp\/v2\/product_brand?post=128057"},{"taxonomy":"product_cat","embeddable":true,"href":"https:\/\/www.budream.com\/fr\/wp-json\/wp\/v2\/product_cat?post=128057"},{"taxonomy":"product_tag","embeddable":true,"href":"https:\/\/www.budream.com\/fr\/wp-json\/wp\/v2\/product_tag?post=128057"}],"curies":[{"name":"wp","href":"https:\/\/api.w.org\/{rel}","templated":true}]}}