{"id":128067,"date":"2025-07-30T21:14:48","date_gmt":"2025-07-30T19:14:48","guid":{"rendered":"https:\/\/www.budream.com\/shop\/qnubu-presse-a-rosin-hydraulique-plateau-12x12cm-pression-6ton\/"},"modified":"2026-04-14T14:54:22","modified_gmt":"2026-04-14T12:54:22","slug":"qnubu-presse-a-rosin-hydraulique-plateau-12x12cm-pression-6ton","status":"publish","type":"product","link":"https:\/\/www.budream.com\/fr\/shop\/qnubu-presse-a-rosin-hydraulique-plateau-12x12cm-pression-6ton\/","title":{"rendered":"QNUBU &#8211; PRESSE A ROSIN HYDRAULIQUE | PLATEAU 12x12cm PRESSION 6TON."},"content":{"rendered":"<p>Rosin a \u00e9t\u00e9 le premier \u00e0 d\u00e9couvrir qu&rsquo;en atteignant la temp\u00e9rature appropri\u00e9e, il est possible d&rsquo;extraire jusqu&rsquo;\u00e0 80 % des principes actifs de la plante.<\/p>\n<p>La technique est tr\u00e8s simple, puisqu&rsquo;elle consiste \u00e0 exercer une pression sur un bourgeon plac\u00e9 entre les cartes afin qu&rsquo;il soit press\u00e9 fermement entre l&rsquo;aluminium chaud des plaques.<\/p>\n<p>Une fois le sachet ouvert, vous trouverez la r\u00e9sine attach\u00e9e, ce qui est on ne peut plus pratique.<\/p>\n<h2><span style=\"text-decoration: underline\"><strong>Caract\u00e9ristiques techniques presse hydraulique professionnelle Qnubu 6 tonnes :<\/strong><\/span><\/h2>\n<ul style=\"list-style-type: disc\">\n<li>Pression : 6 tonnes<\/li>\n<li>Plaque : 12x12cm<\/li>\n<li>TIimer 0-999sec &#8211; Avertissement sonore<\/li>\n<li>Volt : 220V<\/li>\n<li>Consommation : 1400W<\/li>\n<li>Poids : 29Kg<\/li>\n<\/ul>\n<p>Sp\u00e9cialement con\u00e7u pour extraire les huiles et les r\u00e9sines sans utiliser de solvants, mais simplement par pression et chauffage.<\/p>\n","protected":false},"excerpt":{"rendered":"<p>Rosin a \u00e9t\u00e9 le premier \u00e0 d\u00e9couvrir qu&rsquo;en atteignant la temp\u00e9rature appropri\u00e9e, il est possible d&rsquo;extraire jusqu&rsquo;\u00e0 80 % des<\/p>\n","protected":false},"featured_media":128062,"comment_status":"open","ping_status":"closed","template":"","meta":[],"product_brand":[],"product_cat":[7949],"product_tag":[],"class_list":{"0":"post-128067","1":"product","2":"type-product","3":"status-publish","4":"has-post-thumbnail","6":"product_cat-headshop-fr","8":"first","9":"instock","10":"taxable","11":"shipping-taxable","12":"purchasable","13":"product-type-simple"},"aioseo_notices":[],"_links":{"self":[{"href":"https:\/\/www.budream.com\/fr\/wp-json\/wp\/v2\/product\/128067","targetHints":{"allow":["GET"]}}],"collection":[{"href":"https:\/\/www.budream.com\/fr\/wp-json\/wp\/v2\/product"}],"about":[{"href":"https:\/\/www.budream.com\/fr\/wp-json\/wp\/v2\/types\/product"}],"replies":[{"embeddable":true,"href":"https:\/\/www.budream.com\/fr\/wp-json\/wp\/v2\/comments?post=128067"}],"version-history":[{"count":1,"href":"https:\/\/www.budream.com\/fr\/wp-json\/wp\/v2\/product\/128067\/revisions"}],"predecessor-version":[{"id":262657,"href":"https:\/\/www.budream.com\/fr\/wp-json\/wp\/v2\/product\/128067\/revisions\/262657"}],"wp:featuredmedia":[{"embeddable":true,"href":"https:\/\/www.budream.com\/fr\/wp-json\/wp\/v2\/media\/128062"}],"wp:attachment":[{"href":"https:\/\/www.budream.com\/fr\/wp-json\/wp\/v2\/media?parent=128067"}],"wp:term":[{"taxonomy":"product_brand","embeddable":true,"href":"https:\/\/www.budream.com\/fr\/wp-json\/wp\/v2\/product_brand?post=128067"},{"taxonomy":"product_cat","embeddable":true,"href":"https:\/\/www.budream.com\/fr\/wp-json\/wp\/v2\/product_cat?post=128067"},{"taxonomy":"product_tag","embeddable":true,"href":"https:\/\/www.budream.com\/fr\/wp-json\/wp\/v2\/product_tag?post=128067"}],"curies":[{"name":"wp","href":"https:\/\/api.w.org\/{rel}","templated":true}]}}