{"id":128237,"date":"2025-07-30T21:22:21","date_gmt":"2025-07-30T19:22:21","guid":{"rendered":"https:\/\/www.budream.com\/shop\/hemp-nanotech-biobong-buster-detergent-1kg\/"},"modified":"2026-02-13T16:10:12","modified_gmt":"2026-02-13T14:10:12","slug":"hemp-nanotech-biobong-buster-detergent-1kg","status":"publish","type":"product","link":"https:\/\/www.budream.com\/fr\/shop\/hemp-nanotech-biobong-buster-detergent-1kg\/","title":{"rendered":"HEMP NANOTECH &#8211; BIOBONG BUSTER DETERGENT | 1kg"},"content":{"rendered":"<p>BioBong Buster est un nettoyant en poudre pour nettoyer les bongs et les narguil\u00e9s incrust\u00e9s ou dess\u00e9ch\u00e9s, qui ne n\u00e9cessite pas d&rsquo;agitation ou d&rsquo;action m\u00e9canique. Le nettoyant est compos\u00e9 de sel min\u00e9ral modifi\u00e9 par l&rsquo;oxyg\u00e8ne naissant. Il s&rsquo;agit d&rsquo;un produit biologique obtenu en modifiant des sels de sodium naturels trait\u00e9s aux ultrasons et au peroxyde d&rsquo;hydrog\u00e8ne, le sel \u00e9tant \u00ab\u00a0rempli\u00a0\u00bb d&rsquo;oxyg\u00e8ne. Le sel nouvellement form\u00e9 est tr\u00e8s stable \u00e0 temp\u00e9rature ambiante, mais il est pr\u00eat \u00e0 lib\u00e9rer de l&rsquo;oxyg\u00e8ne \u00e0 partir de 60&deg;C. Lorsque le sel atteint 60 degr\u00e9s (par exemple dans de l&rsquo;eau tr\u00e8s chaude), l&rsquo;oxyg\u00e8ne qu&rsquo;il contient sort vigoureusement, cr\u00e9ant une r\u00e9action d&rsquo;oxydo-r\u00e9duction contre les d\u00e9p\u00f4ts de carbone, les r\u00e9sidus de r\u00e9sine solidifi\u00e9s et l&rsquo;huile.<\/p>\n<p>Il s&rsquo;agit d&rsquo;une solution radicale qui permet un nettoyage en profondeur et homog\u00e8ne de toutes les surfaces, m\u00eame les plus difficiles \u00e0 nettoyer, et d&rsquo;excellents r\u00e9sultats de nettoyage m\u00eame dans les fissures et les petites cavit\u00e9s. Le Ph neutre est la meilleure garantie que le produit n&rsquo;est pas corrosif et qu&rsquo;il laissera donc les surfaces brillantes et \u00e9tincelantes de propret\u00e9.<\/p>\n<h2><span style=\"text-decoration: underline\">Mode d&#8217;emploi du Bio bong buster :<\/span><\/h2>\n<ul style=\"list-style-type: disc\">\n<li>1. Chauffer une casserole avec de l&rsquo;eau, tout type de casserole ne sera pas endommag\u00e9, en fait le BioBong Buster aura un r\u00f4le st\u00e9rilisant ;<\/li>\n<li>2. Lorsque l&rsquo;eau commence \u00e0 fumer, \u00e0 une temp\u00e9rature d&rsquo;environ 70-80 &deg;C, mettre environ 30 g de BioBong Buster dans le bang ou tout autre instrument \u00e0 laver et l&rsquo;immerger dans l&rsquo;eau ;<\/li>\n<li>3. Attendre environ 5 \u00e0 10 minutes ;<\/li>\n<li>4. Rincer \u00e0 l&rsquo;eau ti\u00e8de ou chaude.<\/li>\n<\/ul>\n<p>Cette m\u00e9thode \u00e9vite de salir l&rsquo;endroit o\u00f9 les instruments sont nettoy\u00e9s, la cuisini\u00e8re, l&rsquo;\u00e9vier et la casserole seront facilement nettoy\u00e9s avec un seul rin\u00e7age et la salet\u00e9 s&rsquo;\u00e9coulera dans l&rsquo;\u00e9gout.<\/p>\n","protected":false},"excerpt":{"rendered":"<p>BioBong Buster est un nettoyant en poudre pour nettoyer les bongs et les narguil\u00e9s incrust\u00e9s ou dess\u00e9ch\u00e9s, qui ne n\u00e9cessite<\/p>\n","protected":false},"featured_media":128232,"comment_status":"open","ping_status":"closed","template":"","meta":[],"product_brand":[],"product_cat":[1173],"product_tag":[],"class_list":{"0":"post-128237","1":"product","2":"type-product","3":"status-publish","4":"has-post-thumbnail","6":"product_cat-headshop","8":"first","9":"instock","10":"taxable","11":"shipping-taxable","12":"purchasable","13":"product-type-simple"},"aioseo_notices":[],"_links":{"self":[{"href":"https:\/\/www.budream.com\/fr\/wp-json\/wp\/v2\/product\/128237","targetHints":{"allow":["GET"]}}],"collection":[{"href":"https:\/\/www.budream.com\/fr\/wp-json\/wp\/v2\/product"}],"about":[{"href":"https:\/\/www.budream.com\/fr\/wp-json\/wp\/v2\/types\/product"}],"replies":[{"embeddable":true,"href":"https:\/\/www.budream.com\/fr\/wp-json\/wp\/v2\/comments?post=128237"}],"version-history":[{"count":0,"href":"https:\/\/www.budream.com\/fr\/wp-json\/wp\/v2\/product\/128237\/revisions"}],"wp:featuredmedia":[{"embeddable":true,"href":"https:\/\/www.budream.com\/fr\/wp-json\/wp\/v2\/media\/128232"}],"wp:attachment":[{"href":"https:\/\/www.budream.com\/fr\/wp-json\/wp\/v2\/media?parent=128237"}],"wp:term":[{"taxonomy":"product_brand","embeddable":true,"href":"https:\/\/www.budream.com\/fr\/wp-json\/wp\/v2\/product_brand?post=128237"},{"taxonomy":"product_cat","embeddable":true,"href":"https:\/\/www.budream.com\/fr\/wp-json\/wp\/v2\/product_cat?post=128237"},{"taxonomy":"product_tag","embeddable":true,"href":"https:\/\/www.budream.com\/fr\/wp-json\/wp\/v2\/product_tag?post=128237"}],"curies":[{"name":"wp","href":"https:\/\/api.w.org\/{rel}","templated":true}]}}