{"id":128257,"date":"2025-07-30T21:23:17","date_gmt":"2025-07-30T19:23:17","guid":{"rendered":"https:\/\/www.budream.com\/shop\/hemp-nanotech-smell-buster-neutralise-les-odeurs-de-fumee-100ml\/"},"modified":"2026-05-13T13:11:29","modified_gmt":"2026-05-13T11:11:29","slug":"hemp-nanotech-smell-buster-neutralise-les-odeurs-de-fumee-100ml","status":"publish","type":"product","link":"https:\/\/www.budream.com\/fr\/shop\/hemp-nanotech-smell-buster-neutralise-les-odeurs-de-fumee-100ml\/","title":{"rendered":"HEMP NANOTECH &#8211; SMELL BUSTER NEUTRALISE LES ODEURS DE FUM\u00c9E | 100ML"},"content":{"rendered":"<p>Bio Bong Smell Buster est la nouvelle technologie v\u00e9g\u00e9tale qui capture et neutralise les odeurs caus\u00e9es par la fum\u00e9e et les r\u00e9sines. Gr\u00e2ce \u00e0 la capacit\u00e9 des extraits, il est imm\u00e9diatement actif, s\u00e9questrant les odeurs et lib\u00e9rant un parfum d\u00e9licat, frais et propre dans l&rsquo;air et sur les tissus.<\/p>\n<p>Parfait pour une utilisation \u00e0 l&rsquo;int\u00e9rieur ou dans la voiture, Smell buster peut \u00eatre utilis\u00e9 sur toutes les surfaces dures et sur les tissus et les v\u00eatements ; c&rsquo;est \u00e9galement un produit biologique efficace \u00e0 long terme et 100 % respectueux de la peau.<\/p>\n<h2><strong><br \/><span style=\"text-decoration: underline\">Mode d&#8217;emploi de Smell buster :<\/span><\/strong><\/h2>\n<p>Vaporiser directement sur les surfaces ou dans les pi\u00e8ces \u00e0 assainir, utiliser le produit avec un pulv\u00e9risateur ou l&rsquo;\u00e9taler avec un chiffon.<\/p>\n","protected":false},"excerpt":{"rendered":"<p>Bio Bong Smell Buster est la nouvelle technologie v\u00e9g\u00e9tale qui capture et neutralise les odeurs caus\u00e9es par la fum\u00e9e et<\/p>\n","protected":false},"featured_media":128252,"comment_status":"open","ping_status":"closed","template":"","meta":[],"product_brand":[],"product_cat":[7949],"product_tag":[],"class_list":{"0":"post-128257","1":"product","2":"type-product","3":"status-publish","4":"has-post-thumbnail","6":"product_cat-headshop-fr","8":"first","9":"instock","10":"taxable","11":"shipping-taxable","12":"purchasable","13":"product-type-simple"},"aioseo_notices":[],"_links":{"self":[{"href":"https:\/\/www.budream.com\/fr\/wp-json\/wp\/v2\/product\/128257","targetHints":{"allow":["GET"]}}],"collection":[{"href":"https:\/\/www.budream.com\/fr\/wp-json\/wp\/v2\/product"}],"about":[{"href":"https:\/\/www.budream.com\/fr\/wp-json\/wp\/v2\/types\/product"}],"replies":[{"embeddable":true,"href":"https:\/\/www.budream.com\/fr\/wp-json\/wp\/v2\/comments?post=128257"}],"version-history":[{"count":1,"href":"https:\/\/www.budream.com\/fr\/wp-json\/wp\/v2\/product\/128257\/revisions"}],"predecessor-version":[{"id":269813,"href":"https:\/\/www.budream.com\/fr\/wp-json\/wp\/v2\/product\/128257\/revisions\/269813"}],"wp:featuredmedia":[{"embeddable":true,"href":"https:\/\/www.budream.com\/fr\/wp-json\/wp\/v2\/media\/128252"}],"wp:attachment":[{"href":"https:\/\/www.budream.com\/fr\/wp-json\/wp\/v2\/media?parent=128257"}],"wp:term":[{"taxonomy":"product_brand","embeddable":true,"href":"https:\/\/www.budream.com\/fr\/wp-json\/wp\/v2\/product_brand?post=128257"},{"taxonomy":"product_cat","embeddable":true,"href":"https:\/\/www.budream.com\/fr\/wp-json\/wp\/v2\/product_cat?post=128257"},{"taxonomy":"product_tag","embeddable":true,"href":"https:\/\/www.budream.com\/fr\/wp-json\/wp\/v2\/product_tag?post=128257"}],"curies":[{"name":"wp","href":"https:\/\/api.w.org\/{rel}","templated":true}]}}