{"id":128267,"date":"2025-07-30T21:23:46","date_gmt":"2025-07-30T19:23:46","guid":{"rendered":"https:\/\/www.budream.com\/shop\/hemp-nanotech-resin-cleaner-detergent-250ml\/"},"modified":"2026-01-19T14:55:00","modified_gmt":"2026-01-19T12:55:00","slug":"hemp-nanotech-resin-cleaner-detergent-250ml","status":"publish","type":"product","link":"https:\/\/www.budream.com\/fr\/shop\/hemp-nanotech-resin-cleaner-detergent-250ml\/","title":{"rendered":"HEMP NANOTECH &#8211; RESIN CLEANER DETERGENT | 250ml"},"content":{"rendered":"<p>Il \u00e9limine en douceur les r\u00e9sidus de r\u00e9sine difficiles \u00e0 enlever sur les mains et les surfaces, ainsi que les odeurs d\u00e9sagr\u00e9ables. <br \/>Sa composition permet \u00e0 la peau de rester hydrat\u00e9e, douce et souple.<br \/><strong>Parfait pour \u00e9liminer les r\u00e9sines sur les lames, les ciseaux et les composants des tondeuses automatiques et manuelles.<\/p>\n<p><\/strong><\/p>\n<h2><span style=\"text-decoration: underline\">Mode d&#8217;emploi du nettoyant pour r\u00e9sines :<\/span><\/h2>\n<ul style=\"list-style-type: disc\">\n<li>Appliquer le produit sur les mains ou les surfaces ;<\/li>\n<li>frotter et rincer ;<\/li>\n<\/ul>\n","protected":false},"excerpt":{"rendered":"<p>Il \u00e9limine en douceur les r\u00e9sidus de r\u00e9sine difficiles \u00e0 enlever sur les mains et les surfaces, ainsi que les<\/p>\n","protected":false},"featured_media":128262,"comment_status":"open","ping_status":"closed","template":"","meta":[],"product_brand":[],"product_cat":[1173],"product_tag":[],"class_list":{"0":"post-128267","1":"product","2":"type-product","3":"status-publish","4":"has-post-thumbnail","6":"product_cat-headshop","8":"first","9":"instock","10":"taxable","11":"shipping-taxable","12":"purchasable","13":"product-type-simple"},"_links":{"self":[{"href":"https:\/\/www.budream.com\/fr\/wp-json\/wp\/v2\/product\/128267","targetHints":{"allow":["GET"]}}],"collection":[{"href":"https:\/\/www.budream.com\/fr\/wp-json\/wp\/v2\/product"}],"about":[{"href":"https:\/\/www.budream.com\/fr\/wp-json\/wp\/v2\/types\/product"}],"replies":[{"embeddable":true,"href":"https:\/\/www.budream.com\/fr\/wp-json\/wp\/v2\/comments?post=128267"}],"version-history":[{"count":0,"href":"https:\/\/www.budream.com\/fr\/wp-json\/wp\/v2\/product\/128267\/revisions"}],"wp:featuredmedia":[{"embeddable":true,"href":"https:\/\/www.budream.com\/fr\/wp-json\/wp\/v2\/media\/128262"}],"wp:attachment":[{"href":"https:\/\/www.budream.com\/fr\/wp-json\/wp\/v2\/media?parent=128267"}],"wp:term":[{"taxonomy":"product_brand","embeddable":true,"href":"https:\/\/www.budream.com\/fr\/wp-json\/wp\/v2\/product_brand?post=128267"},{"taxonomy":"product_cat","embeddable":true,"href":"https:\/\/www.budream.com\/fr\/wp-json\/wp\/v2\/product_cat?post=128267"},{"taxonomy":"product_tag","embeddable":true,"href":"https:\/\/www.budream.com\/fr\/wp-json\/wp\/v2\/product_tag?post=128267"}],"curies":[{"name":"wp","href":"https:\/\/api.w.org\/{rel}","templated":true}]}}