{"id":128362,"date":"2025-07-30T21:28:31","date_gmt":"2025-07-30T19:28:31","guid":{"rendered":"https:\/\/www.budream.com\/shop\/enecta-lait-corporel-au-cannabidiol-200mg-cbd-200ml\/"},"modified":"2026-01-20T14:25:46","modified_gmt":"2026-01-20T12:25:46","slug":"enecta-lait-corporel-au-cannabidiol-200mg-cbd-200ml","status":"publish","type":"product","link":"https:\/\/www.budream.com\/fr\/shop\/enecta-lait-corporel-au-cannabidiol-200mg-cbd-200ml\/","title":{"rendered":"ENECTA &#8211; LAIT CORPOREL AU CANNABIDIOL | 200mg CBD | 200ml"},"content":{"rendered":"<h2 class=\"p1\"><strong>Une peau jeune et \u00e9clatante avec le lait corporel au cannabidiol Enecta<\/strong><\/h2>\n<p class=\"p1\">Lait hydratant riche en CBD pour prot\u00e9ger tous les types de peau, m\u00eame les plus d\u00e9licats. Riche en huiles naturelles, dont l&rsquo;huile de graines de chanvre, particuli\u00e8rement nourrissante. <strong>L&rsquo;action antioxydante des cristaux de CBD permet \u00e0 la peau du corps de rester jeune et \u00e9clatante.<\/p>\n<p><\/strong><\/p>\n<p class=\"p1\"><strong>\u00c9GALEMENT DANS LA FORMULATION<\/strong><\/p>\n<ul style=\"list-style-type: disc\">\n<li class=\"p2\"><strong>huile d&rsquo;amande douce et beurre de karit\u00e9 :<\/strong> restaurent la barri\u00e8re cutan\u00e9e en reconstituant les lipides de la couche corn\u00e9e, avec une action hydratante et \u00e9lastique.<\/li>\n<li class=\"p2\"><strong>vitamine E naturelle :<\/strong> m\u00e9lange de tocoph\u00e9rols antioxydants d\u00e9riv\u00e9s de l&rsquo;huile de tournesol, riche en squal\u00e8ne naturel.<\/li>\n<\/ul>\n<p class=\"p1\"><span class=\"s1\"><br \/><span style=\"font-size: 8pt\"><strong>INGR\u00c9DIENTS : <\/strong><\/span><\/span><span style=\"font-size: 8pt\"><em>Aqua [Eau], Prunus amygdalus dulcis (Huile d&rsquo;amande douce), Ethylhexyl stearate, Propylheptyl caprylate, Butyrospermum parkii (Beurre de karit\u00e9), Polyglyceryl-3 methylglucose distearate, Ricinus communis (Huile de ricin), Glyceryl stearate, Cetearyl alcohol, Cannabis sativa seed oil, Cannabidiol, Copernicia cerifera (Cire de carnauba), Tocoph\u00e9rol<span class=\"s2\">, <\/span>1,2-Hexanediol, Caprylyl glycol, Huile de ricin hydrog\u00e9n\u00e9e, Gomme d&rsquo;Acacia senegal, Huile de graines d&rsquo;Helianthus annuus (Tournesol), Gomme xanthane, Diac\u00e9tate de glutamate t\u00e9trasodique, Parfum [Fragrance], Salicylate de benzyle, Linalol, Hexyl cinnamal, Alpha-isom\u00e9thyl ionone, Tropolone, G\u00e9raniol, Squal\u00e8ne*, Citronellol, B\u00eata-sitost\u00e9rol. *dans l&rsquo;huile de tournesol.<\/em><\/span><\/p>\n<p class=\"p1\"><strong> <\/strong><\/p><\/p>\n","protected":false},"excerpt":{"rendered":"<p>Une peau jeune et \u00e9clatante avec le lait corporel au cannabidiol Enecta Lait hydratant riche en CBD pour prot\u00e9ger tous<\/p>\n","protected":false},"featured_media":128352,"comment_status":"open","ping_status":"closed","template":"","meta":[],"product_brand":[],"product_cat":[7913],"product_tag":[],"class_list":{"0":"post-128362","1":"product","2":"type-product","3":"status-publish","4":"has-post-thumbnail","6":"product_cat-cosmetiques","8":"first","9":"instock","10":"taxable","11":"shipping-taxable","12":"purchasable","13":"product-type-simple"},"_links":{"self":[{"href":"https:\/\/www.budream.com\/fr\/wp-json\/wp\/v2\/product\/128362","targetHints":{"allow":["GET"]}}],"collection":[{"href":"https:\/\/www.budream.com\/fr\/wp-json\/wp\/v2\/product"}],"about":[{"href":"https:\/\/www.budream.com\/fr\/wp-json\/wp\/v2\/types\/product"}],"replies":[{"embeddable":true,"href":"https:\/\/www.budream.com\/fr\/wp-json\/wp\/v2\/comments?post=128362"}],"version-history":[{"count":0,"href":"https:\/\/www.budream.com\/fr\/wp-json\/wp\/v2\/product\/128362\/revisions"}],"wp:featuredmedia":[{"embeddable":true,"href":"https:\/\/www.budream.com\/fr\/wp-json\/wp\/v2\/media\/128352"}],"wp:attachment":[{"href":"https:\/\/www.budream.com\/fr\/wp-json\/wp\/v2\/media?parent=128362"}],"wp:term":[{"taxonomy":"product_brand","embeddable":true,"href":"https:\/\/www.budream.com\/fr\/wp-json\/wp\/v2\/product_brand?post=128362"},{"taxonomy":"product_cat","embeddable":true,"href":"https:\/\/www.budream.com\/fr\/wp-json\/wp\/v2\/product_cat?post=128362"},{"taxonomy":"product_tag","embeddable":true,"href":"https:\/\/www.budream.com\/fr\/wp-json\/wp\/v2\/product_tag?post=128362"}],"curies":[{"name":"wp","href":"https:\/\/api.w.org\/{rel}","templated":true}]}}