{"id":128372,"date":"2025-07-30T21:28:58","date_gmt":"2025-07-30T19:28:58","guid":{"rendered":"https:\/\/www.budream.com\/shop\/enecta-creme-hydratante-au-cannabidiol-350mg-cbd-50ml\/"},"modified":"2025-12-16T17:56:13","modified_gmt":"2025-12-16T15:56:13","slug":"enecta-creme-hydratante-au-cannabidiol-350mg-cbd-50ml","status":"publish","type":"product","link":"https:\/\/www.budream.com\/fr\/shop\/enecta-creme-hydratante-au-cannabidiol-350mg-cbd-50ml\/","title":{"rendered":"ENECTA &#8211; CR\u00c8ME HYDRATANTE AU CANNABIDIOL | 350mg CBD | 50ml"},"content":{"rendered":"<h2 class=\"p1\">Hydratation durable avec la cr\u00e8me hydratante au cannabidiol d&rsquo;Enecta<\/h2>\n<p class=\"p1\">Sa formule unique, \u00e0 base d&rsquo;huile de graines de chanvre et de CBD, fortifie l&rsquo;\u00e9piderme et hydrate la peau en profondeur.<\/p>\n<p class=\"p1\"><strong><br \/><\/strong><strong>DANS LA FORMULE, EN PLUS :<\/p>\n<p><\/strong>&#8211; <strong>acide hyaluronique d&rsquo;origine v\u00e9g\u00e9tale :<\/strong> <span class=\"s1\">hydratant et liftant<br \/><\/span>&#8211; <strong>extrait de betterave :<\/strong> stimule la production endog\u00e8ne d&rsquo;acide hyaluronique<br \/>&#8211; <strong>fructo-oligosaccharides :<\/strong> sucres extraits des fruits, hautement hydratants<br \/>&#8211; <strong>vitamine E<\/strong> naturelle <strong>:<\/strong> m\u00e9lange de tocoph\u00e9rols antioxydants d\u00e9riv\u00e9s de l&rsquo;huile de tournesol, riche en squal\u00e8ne naturel.<\/p>\n<p class=\"p1\"><span class=\"s1\"><br \/><span style=\"font-size: 8pt\"><strong>INGR\u00c9DIENTS : <\/strong><\/span><\/span><span style=\"font-size: 8pt\"><em>Aqua [Eau], triglyc\u00e9ride caprylique\/caprique, alcanes de noix de coco, alcool c\u00e9t\u00e9arylique, citrate de st\u00e9arate de glyc\u00e9ryle, st\u00e9arate de glyc\u00e9ryle, huile de graines de Cannabis sativa, Cannabidiol, hyaluronate de sodium, Fructooligosaccharides, extrait de racine de Beta vulgaris (betterave), Tocoph\u00e9rol, 1,2-Hexanediol, Coco caprylate\/Caprate, Caprylyl glycol, Sodium stearoyl lactylate, Sodium lauroyl glutamate, Acacia senegal gum, Xantha n gum, Helianthus annuus (Sunflower) seed oil, Tetrasodium glutamate diacetate, Potassium lactate, Lactic acid, Parfum [Fragrance], Benzyl salicylate, Linalool, Hexyl cinnamal, Tropolone, Alpha-isomethyl ionone, Squalene*, Geraniol, Beta-sitosterol. *Huile de graines de tournesol.<\/em><\/span><\/p>\n<p class=\"p1\"><strong> <\/strong><\/p><\/p>\n","protected":false},"excerpt":{"rendered":"<p>Hydratation durable avec la cr\u00e8me hydratante au cannabidiol d&rsquo;Enecta Sa formule unique, \u00e0 base d&rsquo;huile de graines de chanvre et<\/p>\n","protected":false},"featured_media":128367,"comment_status":"open","ping_status":"closed","template":"","meta":[],"product_brand":[],"product_cat":[7913],"product_tag":[],"class_list":{"0":"post-128372","1":"product","2":"type-product","3":"status-publish","4":"has-post-thumbnail","6":"product_cat-cosmetiques","8":"first","9":"instock","10":"taxable","11":"shipping-taxable","12":"purchasable","13":"product-type-simple"},"aioseo_notices":[],"_links":{"self":[{"href":"https:\/\/www.budream.com\/fr\/wp-json\/wp\/v2\/product\/128372","targetHints":{"allow":["GET"]}}],"collection":[{"href":"https:\/\/www.budream.com\/fr\/wp-json\/wp\/v2\/product"}],"about":[{"href":"https:\/\/www.budream.com\/fr\/wp-json\/wp\/v2\/types\/product"}],"replies":[{"embeddable":true,"href":"https:\/\/www.budream.com\/fr\/wp-json\/wp\/v2\/comments?post=128372"}],"version-history":[{"count":0,"href":"https:\/\/www.budream.com\/fr\/wp-json\/wp\/v2\/product\/128372\/revisions"}],"wp:featuredmedia":[{"embeddable":true,"href":"https:\/\/www.budream.com\/fr\/wp-json\/wp\/v2\/media\/128367"}],"wp:attachment":[{"href":"https:\/\/www.budream.com\/fr\/wp-json\/wp\/v2\/media?parent=128372"}],"wp:term":[{"taxonomy":"product_brand","embeddable":true,"href":"https:\/\/www.budream.com\/fr\/wp-json\/wp\/v2\/product_brand?post=128372"},{"taxonomy":"product_cat","embeddable":true,"href":"https:\/\/www.budream.com\/fr\/wp-json\/wp\/v2\/product_cat?post=128372"},{"taxonomy":"product_tag","embeddable":true,"href":"https:\/\/www.budream.com\/fr\/wp-json\/wp\/v2\/product_tag?post=128372"}],"curies":[{"name":"wp","href":"https:\/\/api.w.org\/{rel}","templated":true}]}}