{"id":128382,"date":"2025-07-30T21:29:24","date_gmt":"2025-07-30T19:29:24","guid":{"rendered":"https:\/\/www.budream.com\/shop\/enecta-creme-antiruffle-avec-cannabidiol-700mg-cbd-50ml\/"},"modified":"2026-04-16T13:37:59","modified_gmt":"2026-04-16T11:37:59","slug":"enecta-creme-antiruffle-avec-cannabidiol-700mg-cbd-50ml","status":"publish","type":"product","link":"https:\/\/www.budream.com\/fr\/shop\/enecta-creme-antiruffle-avec-cannabidiol-700mg-cbd-50ml\/","title":{"rendered":"ENECTA &#8211; CREME ANTIRUFFLE AVEC CANNABIDIOL | 700mg CBD | 50ml"},"content":{"rendered":"<h2 class=\"p1\"><strong>Protection quotidienne pour une peau d&rsquo;apparence plus jeune avec la cr\u00e8me antirides au cannabidiol d&rsquo;Enecta<\/strong><\/h2>\n<p class=\"p1\">Pr\u00e9vient et r\u00e9duit les signes de vieillissement gr\u00e2ce \u00e0 un complexe d&rsquo;antioxydants, dont le CBD et la vitamine C. Pour une peau plus jeune et plus \u00e9clatante.<\/p>\n<p class=\"p1\"><strong>\u00c9GALEMENT DANS LA FORMULATION<br \/><\/strong><\/p>\n<ul style=\"list-style-type: disc\">\n<li class=\"p1\"><strong><span class=\"s1\">vitamine C h\u00e9t\u00e9rifi\u00e9e : <\/span><\/strong>antioxydant, stimule la production de nouveau collag\u00e8ne en stimulant les fibroblastes, inhibe la formation de taches brunes.<\/li>\n<li class=\"p1\"><strong>huile de jojoba :<\/strong> semblable au s\u00e9bum, maintient l&rsquo;hydratation de la peau et la prot\u00e8ge contre les facteurs environnementaux (bact\u00e9ries, soleil, vent, produits chimiques pr\u00e9sents dans l&rsquo;air). Riche en vitamine E et en vitamines du complexe B, ainsi qu&rsquo;en min\u00e9raux tels que le zinc, le cuivre et l&rsquo;iode, elle revitalise, r\u00e9g\u00e9n\u00e8re et apaise les peaux irrit\u00e9es, les renforce, les raffermit et pr\u00e9vient les rides.<\/li>\n<li class=\"p1\"><strong>l&rsquo;huile de coco : elle<\/strong> a des propri\u00e9t\u00e9s nourrissantes et s\u00e9bor\u00e9gulatrices. Elle est utilis\u00e9e dans les formulations anti-\u00e2ge et pour les peaux s\u00e8ches et sensibles, pour sa capacit\u00e9 \u00e0 redonner de la douceur \u00e0 l&rsquo;\u00e9piderme.<\/li>\n<li class=\"p1\"><strong>vitamine E<\/strong> naturelle<strong>:<\/strong> m\u00e9lange de tocoph\u00e9rols antioxydants d\u00e9riv\u00e9s de l&rsquo;huile de tournesol, riche en squal\u00e8ne naturel.<\/li>\n<\/ul>\n<p class=\"p1\"><span class=\"s1\"><br \/><span style=\"font-size: 8pt\"><strong>INGR\u00c9DIENTS : <\/strong><\/span><\/span><span style=\"font-size: 8pt\"><em>Aqua [Eau], triglyc\u00e9ride caprylique\/caprique, alcanes de noix de coco, alcool c\u00e9t\u00e9arylique, citrate de st\u00e9arate de glyc\u00e9ryle, st\u00e9arate de glyc\u00e9ryle, huile de graines de Cannabis sativa, Cannabidiol, hyaluronate de sodium, Fructooligosaccharides, extrait de racine de Beta vulgaris (betterave), tocoph\u00e9rol, 1,2-hexanediol, caprylate\/caprate de coco, caprylyl glycol, Sodium stearoyl lactylate, Sodium lauroyl glutamate, Acacia senegal gum, Xantha n gum, Helianthus annuus (Sunflower) seed oil, Tetrasodium glutamate diacetate, Potassium lactate, Lactic acid, Parfum [Fragrance], Benzyl salicylate, Linalool, Hexyl cinnamal, Tropolone, Alpha-isomethyl ionone, Squalene*, Geraniol, Beta-sitosterol. *dans l&rsquo;huile de tournesol.<\/em><\/span><\/p>\n<p class=\"p1\"><strong> <\/strong><\/p><\/p>\n","protected":false},"excerpt":{"rendered":"<p>Protection quotidienne pour une peau d&rsquo;apparence plus jeune avec la cr\u00e8me antirides au cannabidiol d&rsquo;Enecta Pr\u00e9vient et r\u00e9duit les signes<\/p>\n","protected":false},"featured_media":128377,"comment_status":"open","ping_status":"closed","template":"","meta":[],"product_brand":[],"product_cat":[7913],"product_tag":[],"class_list":{"0":"post-128382","1":"product","2":"type-product","3":"status-publish","4":"has-post-thumbnail","6":"product_cat-cosmetiques","8":"first","9":"outofstock","10":"taxable","11":"shipping-taxable","12":"purchasable","13":"product-type-simple"},"_links":{"self":[{"href":"https:\/\/www.budream.com\/fr\/wp-json\/wp\/v2\/product\/128382","targetHints":{"allow":["GET"]}}],"collection":[{"href":"https:\/\/www.budream.com\/fr\/wp-json\/wp\/v2\/product"}],"about":[{"href":"https:\/\/www.budream.com\/fr\/wp-json\/wp\/v2\/types\/product"}],"replies":[{"embeddable":true,"href":"https:\/\/www.budream.com\/fr\/wp-json\/wp\/v2\/comments?post=128382"}],"version-history":[{"count":1,"href":"https:\/\/www.budream.com\/fr\/wp-json\/wp\/v2\/product\/128382\/revisions"}],"predecessor-version":[{"id":263153,"href":"https:\/\/www.budream.com\/fr\/wp-json\/wp\/v2\/product\/128382\/revisions\/263153"}],"wp:featuredmedia":[{"embeddable":true,"href":"https:\/\/www.budream.com\/fr\/wp-json\/wp\/v2\/media\/128377"}],"wp:attachment":[{"href":"https:\/\/www.budream.com\/fr\/wp-json\/wp\/v2\/media?parent=128382"}],"wp:term":[{"taxonomy":"product_brand","embeddable":true,"href":"https:\/\/www.budream.com\/fr\/wp-json\/wp\/v2\/product_brand?post=128382"},{"taxonomy":"product_cat","embeddable":true,"href":"https:\/\/www.budream.com\/fr\/wp-json\/wp\/v2\/product_cat?post=128382"},{"taxonomy":"product_tag","embeddable":true,"href":"https:\/\/www.budream.com\/fr\/wp-json\/wp\/v2\/product_tag?post=128382"}],"curies":[{"name":"wp","href":"https:\/\/api.w.org\/{rel}","templated":true}]}}